{"id":19872,"date":"2025-09-26T16:12:38","date_gmt":"2025-09-26T16:12:38","guid":{"rendered":"https:\/\/iapmt.org\/buoi-gioi-thieu-tour\/"},"modified":"2025-09-26T16:42:11","modified_gmt":"2025-09-26T16:42:11","slug":"buoi-gioi-thieu-tour","status":"publish","type":"page","link":"https:\/\/iapmt.org\/vi\/buoi-gioi-thieu-tour\/","title":{"rendered":"Bu\u1ed5i gi\u1edbi thi\u1ec7u tour"},"content":{"rendered":"\n<h2 class=\"wp-block-heading\">Bu\u1ed5i gi\u1edbi thi\u1ec7u tour IAPMT<\/h2>\n\n<p>Kh\u00e1m ph\u00e1 c\u00e1c tour tr\u01b0\u1edbc \u0111\u00e2y c\u1ee7a ch\u00fang t\u00f4i b\u1eb1ng c\u00e1ch nh\u1ea5p v\u00e0o m\u1ed9t \u00e1p ph\u00edch b\u00ean d\u01b0\u1edbi. B\u1ea1n s\u1ebd t\u00ecm th\u1ea5y chi ti\u1ebft tour, ch\u01b0\u01a1ng tr\u00ecnh v\u00e0 h\u00ecnh \u1ea3nh c\u1ee7a c\u00e1c ngh\u1ec7 s\u0129 bi\u1ec3u di\u1ec5n danh ti\u1ebfng c\u1ee7a ch\u00fang t\u00f4i. <\/p>\n\n<div class=\"wp-block-columns is-layout-flex wp-container-core-columns-is-layout-28f84493 wp-block-columns-is-layout-flex\">\n<div class=\"wp-block-column is-vertically-aligned-center is-layout-flow wp-block-column-is-layout-flow\">\n<figure class=\"wp-block-image aligncenter size-full has-custom-border\"><a href=\"https:\/\/iapmt.org\/vi\/cac-tour\/chuyen-luu-dien-hoa-nhac-chau-au-mua-he-2025\/\"><img loading=\"lazy\" decoding=\"async\" width=\"1200\" height=\"1800\" src=\"https:\/\/iapmt.org\/media\/2025-IAPMT-Europe-June-Tour-v1.jpg\" alt=\"\" class=\"wp-image-17796\" style=\"border-radius:20px\" srcset=\"https:\/\/iapmt.org\/media\/2025-IAPMT-Europe-June-Tour-v1.jpg 1200w, https:\/\/iapmt.org\/media\/2025-IAPMT-Europe-June-Tour-v1-768x1152.jpg 768w, https:\/\/iapmt.org\/media\/2025-IAPMT-Europe-June-Tour-v1-1024x1536.jpg 1024w\" sizes=\"auto, (max-width: 1200px) 100vw, 1200px\" \/><\/a><figcaption class=\"wp-element-caption\"><a href=\"https:\/\/iapmt.org\/vi\/cac-tour\/chuyen-luu-dien-hoa-nhac-chau-au-mua-he-2025\/\" data-type=\"post\" data-id=\"19433\">Tour di\u1ec5n Ch\u00e2u \u00c2u c\u1ee7a IAPMT<br\/>T\u1eeb ng\u00e0y 16 \u0111\u1ebfn 22 th\u00e1ng 6, 2025<\/a><br\/><\/figcaption><\/figure>\n<\/div>\n\n\n\n<div class=\"wp-block-column is-vertically-aligned-center is-layout-flow wp-block-column-is-layout-flow\">\n<figure class=\"wp-block-image aligncenter size-full has-custom-border\"><a href=\"https:\/\/iapmt.org\/vi\/cac-tour\/tour-luu-dien-chau-au-mua-he-2024\/\"><img loading=\"lazy\" decoding=\"async\" width=\"1200\" height=\"1800\" src=\"https:\/\/iapmt.org\/media\/2024-IAPMT-Europe-Tour-v1.jpg\" alt=\"\" class=\"wp-image-19807\" style=\"border-radius:20px\" srcset=\"https:\/\/iapmt.org\/media\/2024-IAPMT-Europe-Tour-v1.jpg 1200w, https:\/\/iapmt.org\/media\/2024-IAPMT-Europe-Tour-v1-768x1152.jpg 768w, https:\/\/iapmt.org\/media\/2024-IAPMT-Europe-Tour-v1-1024x1536.jpg 1024w\" sizes=\"auto, (max-width: 1200px) 100vw, 1200px\" \/><\/a><figcaption class=\"wp-element-caption\"><a href=\"https:\/\/iapmt.org\/vi\/cac-tour\/tour-luu-dien-chau-au-mua-he-2024\/\" data-type=\"post\" data-id=\"19412\">Tour di\u1ec5n Ch\u00e2u \u00c2u c\u1ee7a IAPMT<br\/>T\u1eeb ng\u00e0y 30 th\u00e1ng 7 \u0111\u1ebfn ng\u00e0y 10 th\u00e1ng 8, 2024<\/a><\/figcaption><\/figure>\n<\/div>\n\n\n\n<div class=\"wp-block-column is-vertically-aligned-center is-layout-flow wp-block-column-is-layout-flow\"><\/div>\n<\/div>\n","protected":false},"excerpt":{"rendered":"<p>Bu\u1ed5i gi\u1edbi thi\u1ec7u tour IAPMT Kh\u00e1m ph\u00e1 c\u00e1c tour tr\u01b0\u1edbc \u0111\u00e2y c\u1ee7a ch\u00fang t\u00f4i b\u1eb1ng c\u00e1ch nh\u1ea5p v\u00e0o m\u1ed9t \u00e1p ph\u00edch b\u00ean d\u01b0\u1edbi. B\u1ea1n s\u1ebd t\u00ecm th\u1ea5y chi ti\u1ebft tour, ch\u01b0\u01a1ng tr\u00ecnh v\u00e0 h\u00ecnh \u1ea3nh c\u1ee7a c\u00e1c ngh\u1ec7 s\u0129 bi\u1ec3u di\u1ec5n danh ti\u1ebfng c\u1ee7a ch\u00fang t\u00f4i.<\/p>\n","protected":false},"author":2,"featured_media":0,"parent":0,"menu_order":0,"comment_status":"closed","ping_status":"closed","template":"","meta":{"_uag_custom_page_level_css":"","site-sidebar-layout":"default","site-content-layout":"","ast-site-content-layout":"normal-width-container","site-content-style":"unboxed","site-sidebar-style":"default","ast-global-header-display":"","ast-banner-title-visibility":"","ast-main-header-display":"","ast-hfb-above-header-display":"","ast-hfb-below-header-display":"","ast-hfb-mobile-header-display":"","site-post-title":"disabled","ast-breadcrumbs-content":"","ast-featured-img":"","footer-sml-layout":"","ast-disable-related-posts":"","theme-transparent-header-meta":"","adv-header-id-meta":"","stick-header-meta":"","header-above-stick-meta":"","header-main-stick-meta":"","header-below-stick-meta":"","astra-migrate-meta-layouts":"default","ast-page-background-enabled":"default","ast-page-background-meta":{"desktop":{"background-color":"","background-image":"","background-repeat":"repeat","background-position":"center center","background-size":"auto","background-attachment":"scroll","background-type":"","background-media":"","overlay-type":"","overlay-color":"","overlay-opacity":"","overlay-gradient":""},"tablet":{"background-color":"","background-image":"","background-repeat":"repeat","background-position":"center center","background-size":"auto","background-attachment":"scroll","background-type":"","background-media":"","overlay-type":"","overlay-color":"","overlay-opacity":"","overlay-gradient":""},"mobile":{"background-color":"","background-image":"","background-repeat":"repeat","background-position":"center center","background-size":"auto","background-attachment":"scroll","background-type":"","background-media":"","overlay-type":"","overlay-color":"","overlay-opacity":"","overlay-gradient":""}},"ast-content-background-meta":{"desktop":{"background-color":"var(--ast-global-color-5)","background-image":"","background-repeat":"repeat","background-position":"center center","background-size":"auto","background-attachment":"scroll","background-type":"","background-media":"","overlay-type":"","overlay-color":"","overlay-opacity":"","overlay-gradient":""},"tablet":{"background-color":"var(--ast-global-color-5)","background-image":"","background-repeat":"repeat","background-position":"center center","background-size":"auto","background-attachment":"scroll","background-type":"","background-media":"","overlay-type":"","overlay-color":"","overlay-opacity":"","overlay-gradient":""},"mobile":{"background-color":"var(--ast-global-color-5)","background-image":"","background-repeat":"repeat","background-position":"center center","background-size":"auto","background-attachment":"scroll","background-type":"","background-media":"","overlay-type":"","overlay-color":"","overlay-opacity":"","overlay-gradient":""}},"footnotes":""},"kind":[],"class_list":["post-19872","page","type-page","status-publish","hentry"],"uagb_featured_image_src":{"full":false,"thumbnail":false,"medium":false,"medium_large":false,"large":false,"1536x1536":false,"2048x2048":false},"uagb_author_info":{"display_name":"William","author_link":"https:\/\/iapmt.org\/vi\/author\/william\/"},"uagb_comment_info":0,"uagb_excerpt":"Bu\u1ed5i gi\u1edbi thi\u1ec7u tour IAPMT Kh\u00e1m ph\u00e1 c\u00e1c tour tr\u01b0\u1edbc \u0111\u00e2y c\u1ee7a ch\u00fang t\u00f4i b\u1eb1ng c\u00e1ch nh\u1ea5p v\u00e0o m\u1ed9t \u00e1p ph\u00edch b\u00ean d\u01b0\u1edbi. B\u1ea1n s\u1ebd t\u00ecm th\u1ea5y chi ti\u1ebft tour, ch\u01b0\u01a1ng tr\u00ecnh v\u00e0 h\u00ecnh \u1ea3nh c\u1ee7a c\u00e1c ngh\u1ec7 s\u0129 bi\u1ec3u di\u1ec5n danh ti\u1ebfng c\u1ee7a ch\u00fang t\u00f4i.","_links":{"self":[{"href":"https:\/\/iapmt.org\/vi\/wp-json\/wp\/v2\/pages\/19872","targetHints":{"allow":["GET"]}}],"collection":[{"href":"https:\/\/iapmt.org\/vi\/wp-json\/wp\/v2\/pages"}],"about":[{"href":"https:\/\/iapmt.org\/vi\/wp-json\/wp\/v2\/types\/page"}],"author":[{"embeddable":true,"href":"https:\/\/iapmt.org\/vi\/wp-json\/wp\/v2\/users\/2"}],"replies":[{"embeddable":true,"href":"https:\/\/iapmt.org\/vi\/wp-json\/wp\/v2\/comments?post=19872"}],"version-history":[{"count":2,"href":"https:\/\/iapmt.org\/vi\/wp-json\/wp\/v2\/pages\/19872\/revisions"}],"predecessor-version":[{"id":19880,"href":"https:\/\/iapmt.org\/vi\/wp-json\/wp\/v2\/pages\/19872\/revisions\/19880"}],"wp:attachment":[{"href":"https:\/\/iapmt.org\/vi\/wp-json\/wp\/v2\/media?parent=19872"}],"wp:term":[{"taxonomy":"kind","embeddable":true,"href":"https:\/\/iapmt.org\/vi\/wp-json\/wp\/v2\/kind?post=19872"}],"curies":[{"name":"wp","href":"https:\/\/api.w.org\/{rel}","templated":true}]}}