{"id":19855,"date":"2024-12-06T20:27:31","date_gmt":"2024-12-06T20:27:31","guid":{"rendered":"https:\/\/iapmt.org\/chuyen-luu-dien-chau-a\/"},"modified":"2026-02-24T15:38:41","modified_gmt":"2026-02-24T15:38:41","slug":"chuyen-luu-dien-chau-a","status":"publish","type":"page","link":"https:\/\/iapmt.org\/vi\/chuyen-luu-dien-chau-a\/","title":{"rendered":"Chuy\u1ebfn l\u01b0u di\u1ec5n ch\u00e2u \u00c1"},"content":{"rendered":"\n<div class=\"wp-block-cover alignfull is-light\"><img loading=\"lazy\" decoding=\"async\" width=\"3840\" height=\"3840\" class=\"wp-block-cover__image-background wp-image-17880\" alt=\"\" src=\"https:\/\/iapmt.org\/media\/IAPMT-Blue-Wave-Cover.jpg\" data-object-fit=\"cover\" srcset=\"https:\/\/iapmt.org\/media\/IAPMT-Blue-Wave-Cover.jpg 3840w, https:\/\/iapmt.org\/media\/IAPMT-Blue-Wave-Cover-768x768.jpg 768w, https:\/\/iapmt.org\/media\/IAPMT-Blue-Wave-Cover-1536x1536.jpg 1536w, https:\/\/iapmt.org\/media\/IAPMT-Blue-Wave-Cover-2048x2048.jpg 2048w\" sizes=\"auto, (max-width: 3840px) 100vw, 3840px\" \/><span aria-hidden=\"true\" class=\"wp-block-cover__background has-background-dim-0 has-background-dim\" style=\"background-color:#843156\"><\/span><div class=\"wp-block-cover__inner-container is-layout-flow wp-block-cover-is-layout-flow\">\n<div style=\"height:75px\" aria-hidden=\"true\" class=\"wp-block-spacer\"><\/div>\n\n\n\n<figure class=\"wp-block-image size-full has-custom-border\"><img loading=\"lazy\" decoding=\"async\" width=\"1200\" height=\"1800\" src=\"https:\/\/iapmt.org\/media\/2026-IAPMT-Asia-Concert-Tour-v2-web.jpg\" alt=\"\" class=\"wp-image-20931\" style=\"border-radius:15px\" srcset=\"https:\/\/iapmt.org\/media\/2026-IAPMT-Asia-Concert-Tour-v2-web.jpg 1200w, https:\/\/iapmt.org\/media\/2026-IAPMT-Asia-Concert-Tour-v2-web-768x1152.jpg 768w, https:\/\/iapmt.org\/media\/2026-IAPMT-Asia-Concert-Tour-v2-web-1024x1536.jpg 1024w\" sizes=\"auto, (max-width: 1200px) 100vw, 1200px\" \/><\/figure>\n<\/div><\/div>\n\n<h2 class=\"wp-block-heading\">Chuy\u1ebfn l\u01b0u di\u1ec5n H\u00f2a nh\u1ea1c IAPMT H\u00e0n Qu\u1ed1c \u2022 M\u00f9a h\u00e8 2026<\/h2>\n\n<p>B\u1ea1n c\u00f3 ph\u1ea3i l\u00e0 m\u1ed9t ngh\u1ec7 s\u0129 bi\u1ec3u di\u1ec5n nh\u1ea1c c\u1ed5 \u0111i\u1ec3n \u0111am m\u00ea du l\u1ecbch v\u00e0 tr\u1ea3i nghi\u1ec7m v\u0103n h\u00f3a? Hi\u1ec7p h\u1ed9i Gi\u00e1o vi\u00ean \u00c2m nh\u1ea1c Chuy\u00ean nghi\u1ec7p Qu\u1ed1c t\u1ebf (IAPMT) tr\u00e2n tr\u1ecdng k\u00ednh m\u1eddi b\u1ea1n tham gia chuy\u1ebfn l\u01b0u di\u1ec5n \u0111\u1ed9c quy\u1ec1n t\u1ea1i Ch\u00e2u \u00c1 v\u00e0o th\u00e1ng 6 n\u0103m 2026, mang \u0111\u1ebfn nh\u1eefng c\u01a1 h\u1ed9i bi\u1ec3u di\u1ec5n v\u00f4 ti\u1ec1n kho\u00e1ng h\u1eadu t\u1ea1i c\u00e1c \u0111\u1ecba \u0111i\u1ec3m danh ti\u1ebfng c\u00f9ng v\u1edbi c\u00e1c ho\u1ea1t \u0111\u1ed9ng tham quan h\u1ea5p d\u1eabn t\u1ea1i H\u00e0n Qu\u1ed1c! <\/p>\n\n<p>Chuy\u1ebfn l\u01b0u di\u1ec5n \u0111\u1ed9c \u0111\u00e1o n\u00e0y \u0111\u01b0\u1ee3c thi\u1ebft k\u1ebf d\u00e0nh cho c\u00e1c nh\u1ea1c s\u0129 c\u1ed5 \u0111i\u1ec3n mong mu\u1ed1n m\u1edf r\u1ed9ng t\u1ea7m nh\u00ecn, k\u1ebft n\u1ed1i v\u1edbi kh\u00e1n gi\u1ea3 qu\u1ed1c t\u1ebf v\u00e0 tr\u1ea3i nghi\u1ec7m n\u1ec1n v\u0103n h\u00f3a s\u00f4i \u0111\u1ed9ng c\u1ee7a hai qu\u1ed1c gia h\u1ea5p d\u1eabn.<\/p>\n\n<div class=\"wp-block-pb-accordion-item c-accordion__item js-accordion-item no-js is-open\" data-initially-open=\"true\" data-click-to-close=\"true\" data-auto-close=\"true\" data-scroll=\"true\" data-scroll-offset=\"0\"><h2 id=\"at-163660\" class=\"c-accordion__title js-accordion-controller\" role=\"button\">Registration &amp; Eligibility Guidelines<\/h2><div id=\"ac-163660\" class=\"c-accordion__content\">\n<ul class=\"wp-block-list\">\n<li>Vui l\u00f2ng truy c\u1eadp <a href=\"https:\/\/iapmt.com\/event-registration\/\" data-type=\"page\" data-id=\"3691\">\u0110\u0103ng k\u00fd S\u1ef1 ki\u1ec7n<\/a> \u0111\u1ec3 \u0111\u0103ng k\u00fd tham gia s\u1ef1 ki\u1ec7n n\u00e0y.<\/li>\n\n\n\n<li><strong>\u0110i\u1ec1u ki\u1ec7n Tham gia T\u1ef1 \u0111\u1ed9ng:<\/strong> L\u1eddi m\u1eddi tr\u1ef1c ti\u1ebfp cho Chuy\u1ebfn l\u01b0u di\u1ec5n Ch\u00e2u \u00c1 2026 \u0111\u01b0\u1ee3c g\u1eedi t\u1edbi:\n<ul class=\"wp-block-list\">\n<li>C\u00e1c <strong>ng\u01b0\u1eddi chi\u1ebfn th\u1eafng gi\u1ea3i nh\u1ea5t v\u00e0 gi\u1ea3i nh\u00ec<\/strong> \u0111\u01b0\u1ee3c tuy\u1ec3n ch\u1ecdn t\u1eeb Cu\u1ed9c thi Grand Competition M\u00f9a thu 2025.<\/li>\n\n\n\n<li>C\u00e1c <strong>ngh\u1ec7 s\u0129 bi\u1ec3u di\u1ec5n ti\u00eau bi\u1ec3u<\/strong> \u0111\u01b0\u1ee3c tuy\u1ec3n ch\u1ecdn t\u1eeb Chu\u1ed7i H\u00f2a nh\u1ea1c Carnegie 2025.<\/li>\n<\/ul>\n<\/li>\n\n\n\n<li><strong>Quy tr\u00ecnh \u0110\u0103ng k\u00fd:<\/strong>\n<ul class=\"wp-block-list\">\n<li><strong>Ngh\u1ec7 s\u0129 \u0111\u1ee7 \u0111i\u1ec1u ki\u1ec7n:<\/strong> N\u00fat &#8220;2026 Korea Concert Tour&#8221; s\u1ebd t\u1ef1 \u0111\u1ed9ng xu\u1ea5t hi\u1ec7n trong c\u1ed5ng th\u00f4ng tin c\u1ee7a b\u1ea1n.<\/li>\n\n\n\n<li><strong>T\u1ea5t c\u1ea3 c\u00e1c \u1ee9ng vi\u00ean kh\u00e1c:<\/strong> N\u1ebfu b\u1ea1n kh\u00f4ng \u0111\u00e1p \u1ee9ng c\u00e1c ti\u00eau ch\u00ed \u0111\u1ee7 \u0111i\u1ec1u ki\u1ec7n tr\u1ef1c ti\u1ebfp, b\u1ea1n s\u1ebd th\u1ea5y m\u1ed9t n\u00fat \u0111\u1ec3 \u0111\u0103ng k\u00fd <strong>V\u00f2ng tuy\u1ec3n ch\u1ecdn Chuy\u1ebfn l\u01b0u di\u1ec5n H\u00f2a nh\u1ea1c H\u00e0n Qu\u1ed1c 2026<\/strong>.<\/li>\n<\/ul>\n<\/li>\n\n\n\n<li><strong>Tham gia d\u1ef1a tr\u00ean Tuy\u1ec3n ch\u1ecdn:<\/strong> Sau khi video d\u1ef1 tuy\u1ec3n c\u1ee7a b\u1ea1n \u0111\u01b0\u1ee3c g\u1eedi v\u00e0 xem x\u00e9t, tr\u1ea1ng th\u00e1i c\u1ee7a b\u1ea1n s\u1ebd c\u1eadp nh\u1eadt th\u00e0nh &#8220;\u0110\u1ea1t&#8221;. T\u1ea1i th\u1eddi \u0111i\u1ec3m \u0111\u00f3, n\u00fat \u0110\u0103ng k\u00fd L\u01b0u di\u1ec5n ch\u00ednh th\u1ee9c s\u1ebd hi\u1ec3n th\u1ecb. <\/li>\n\n\n\n<li><strong>Truy c\u1eadp C\u1ed5ng th\u00f4ng tin:<\/strong> B\u1ea1n c\u00f3 th\u1ec3 t\u00ecm th\u1ea5y t\u1ea5t c\u1ea3 c\u00e1c n\u00fat li\u00ean quan trong trang <a href=\"https:\/\/iapmt.org\/event-registration\/\" target=\"_blank\" rel=\"noreferrer noopener\">\u0110\u0103ng k\u00fd S\u1ef1 ki\u1ec7n<\/a>.<\/li>\n\n\n\n<li><strong>Y\u00eau c\u1ea7u T\u00e0i kho\u1ea3n:<\/strong> B\u1ea1n ph\u1ea3i \u0111\u0103ng nh\u1eadp \u0111\u1ec3 xem tr\u1ea1ng th\u00e1i \u0111\u1ee7 \u0111i\u1ec1u ki\u1ec7n v\u00e0 \u0111\u0103ng k\u00fd.\n<ul class=\"wp-block-list\">\n<li>N\u1ebfu b\u1ea1n ch\u01b0a c\u00f3 t\u00e0i kho\u1ea3n, vui l\u00f2ng <a href=\"https:\/\/iapmt.org\/register\/\" target=\"_blank\" rel=\"noreferrer noopener\">t\u1ea1o t\u00e0i kho\u1ea3n Th\u00ed sinh ho\u1eb7c Gi\u00e1o vi\u00ean<\/a> \u0111\u1ec3 b\u1eaft \u0111\u1ea7u.<\/li>\n<\/ul>\n<\/li>\n<\/ul>\n\n\n\n<p><em>N\u1ebfu b\u1ea1n tin r\u1eb1ng m\u00ecnh \u0111\u1ee7 \u0111i\u1ec1u ki\u1ec7n d\u1ef1a tr\u00ean k\u1ebft qu\u1ea3 n\u0103m 2025 nh\u01b0ng kh\u00f4ng th\u1ea5y n\u00fat \u0110\u0103ng k\u00fd L\u01b0u di\u1ec5n, vui l\u00f2ng \u0111\u1ea3m b\u1ea3o b\u1ea1n \u0111\u00e3 \u0111\u0103ng nh\u1eadp v\u00e0o \u0111\u00fang t\u00e0i kho\u1ea3n. B\u1ea1n c\u0169ng c\u00f3 th\u1ec3 g\u1eedi email cho b\u1ed9 ph\u1eadn h\u1ed7 tr\u1ee3 t\u1ea1i support@iapmt.com \u0111\u1ec3 ch\u00fang t\u00f4i x\u00e1c minh \u0111i\u1ec1u ki\u1ec7n c\u1ee7a b\u1ea1n. <\/em><\/p>\n<\/div><\/div>\n\n<div class=\"wp-block-pb-accordion-item c-accordion__item js-accordion-item no-js\" data-initially-open=\"false\" data-click-to-close=\"true\" data-auto-close=\"true\" data-scroll=\"true\" data-scroll-offset=\"0\"><h2 id=\"at-163661\" class=\"c-accordion__title js-accordion-controller\" role=\"button\">Tour Schedule &amp; Information<\/h2><div id=\"ac-163661\" class=\"c-accordion__content\">\n<p>H\u00e0n Qu\u1ed1c (17-25 th\u00e1ng 6, 2026)<br\/>H\u00f2a m\u00ecnh v\u00e0o n\u0103ng l\u01b0\u1ee3ng n\u0103ng \u0111\u1ed9ng c\u1ee7a Seoul v\u00e0 h\u01a1n th\u1ebf n\u1eefa, bi\u1ec3u di\u1ec5n t\u1ea1i m\u1ed9t \u0111\u1ecba \u0111i\u1ec3m h\u00e0ng \u0111\u1ea7u v\u00e0 kh\u00e1m ph\u00e1 c\u00e1c danh lam th\u1eafng c\u1ea3nh l\u1ecbch s\u1eed c\u0169ng nh\u01b0 hi\u1ec7n \u0111\u1ea1i.<\/p>\n\n\n\n<ul class=\"wp-block-list\">\n<li>Bi\u1ec3u di\u1ec5n solo: Th\u1ec3 hi\u1ec7n t\u00e0i n\u0103ng c\u1ee7a b\u1ea1n t\u1ea1i Nh\u00e0 h\u00e1t Ngh\u1ec7 thu\u1eadt Banpo Simsan danh ti\u1ebfng \u1edf Seoul.<\/li>\n\n\n\n<li>C\u01a1 h\u1ed9i bi\u1ec3u di\u1ec5n concerto: Bi\u1ec3u di\u1ec5n c\u00f9ng d\u00e0n nh\u1ea1c giao h\u01b0\u1edfng \u0111\u1ea7y \u0111\u1ee7 t\u1ea1i Nh\u00e0 h\u00e1t Ngh\u1ec7 thu\u1eadt Banpo Simsan, v\u1edbi s\u1ef1 \u0111\u1ed3ng h\u00e0nh c\u1ee7a D\u00e0n nh\u1ea1c Giao h\u01b0\u1edfng Seocho n\u1ed5i ti\u1ebfng.<\/li>\n\n\n\n<li>Tham quan: Kh\u00e1m ph\u00e1 nh\u1eefng con ph\u1ed1 nh\u1ed9n nh\u1ecbp, cung \u0111i\u1ec7n c\u1ed5 k\u00ednh v\u00e0 ch\u1ee3 s\u00f4i \u0111\u1ed9ng c\u1ee7a Seoul, v\u1edbi th\u1eddi gian d\u1ed3i d\u00e0o \u0111\u1ec3 kh\u00e1m ph\u00e1 v\u0103n h\u00f3a.<\/li>\n<\/ul>\n\n\n\n<p>\u0110\u1eebng b\u1ecf l\u1ee1 c\u01a1 h\u1ed9i tuy\u1ec7t v\u1eddi n\u00e0y \u0111\u1ec3 k\u1ebft h\u1ee3p ni\u1ec1m \u0111am m\u00ea \u00e2m nh\u1ea1c c\u1ed5 \u0111i\u1ec3n c\u1ee7a b\u1ea1n v\u1edbi m\u1ed9t tr\u1ea3i nghi\u1ec7m du l\u1ecbch phi th\u01b0\u1eddng. S\u1ed1 l\u01b0\u1ee3ng c\u00f3 h\u1ea1n, h\u00e3y b\u00e0y t\u1ecf s\u1ef1 quan t\u00e2m c\u1ee7a b\u1ea1n ngay h\u00f4m nay! <\/p>\n\n\n\n<figure class=\"wp-block-image size-full has-custom-border\"><img loading=\"lazy\" decoding=\"async\" width=\"1200\" height=\"675\" src=\"https:\/\/iapmt.org\/media\/2026-IAPMT-Korea-Tour-v1-1.jpg\" alt=\"\" class=\"wp-image-20881\" style=\"border-top-left-radius:15px;border-top-right-radius:15px;border-bottom-left-radius:15px;border-bottom-right-radius:15px\" srcset=\"https:\/\/iapmt.org\/media\/2026-IAPMT-Korea-Tour-v1-1.jpg 1200w, https:\/\/iapmt.org\/media\/2026-IAPMT-Korea-Tour-v1-1-768x432.jpg 768w\" sizes=\"auto, (max-width: 1200px) 100vw, 1200px\" \/><\/figure>\n\n\n\n<figure class=\"wp-block-image size-full has-custom-border\"><img loading=\"lazy\" decoding=\"async\" width=\"1200\" height=\"675\" src=\"https:\/\/iapmt.org\/media\/2026-IAPMT-Korea-Tour-v1-2.jpg\" alt=\"\" class=\"wp-image-20883\" style=\"border-top-left-radius:15px;border-top-right-radius:15px;border-bottom-left-radius:15px;border-bottom-right-radius:15px\" srcset=\"https:\/\/iapmt.org\/media\/2026-IAPMT-Korea-Tour-v1-2.jpg 1200w, https:\/\/iapmt.org\/media\/2026-IAPMT-Korea-Tour-v1-2-768x432.jpg 768w\" sizes=\"auto, (max-width: 1200px) 100vw, 1200px\" \/><\/figure>\n\n\n\n<figure class=\"wp-block-image size-full has-custom-border\"><img loading=\"lazy\" decoding=\"async\" width=\"1200\" height=\"675\" src=\"https:\/\/iapmt.org\/media\/2026-IAPMT-Korea-Tour-v1-3.jpg\" alt=\"\" class=\"wp-image-20884\" style=\"border-top-left-radius:15px;border-top-right-radius:15px;border-bottom-left-radius:15px;border-bottom-right-radius:15px\" srcset=\"https:\/\/iapmt.org\/media\/2026-IAPMT-Korea-Tour-v1-3.jpg 1200w, https:\/\/iapmt.org\/media\/2026-IAPMT-Korea-Tour-v1-3-768x432.jpg 768w\" sizes=\"auto, (max-width: 1200px) 100vw, 1200px\" \/><\/figure>\n\n\n\n<figure class=\"wp-block-image size-full has-custom-border\"><img loading=\"lazy\" decoding=\"async\" width=\"1200\" height=\"675\" src=\"https:\/\/iapmt.org\/media\/2026-IAPMT-Korea-Tour-v1-4.jpg\" alt=\"\" class=\"wp-image-20885\" style=\"border-top-left-radius:15px;border-top-right-radius:15px;border-bottom-left-radius:15px;border-bottom-right-radius:15px\" srcset=\"https:\/\/iapmt.org\/media\/2026-IAPMT-Korea-Tour-v1-4.jpg 1200w, https:\/\/iapmt.org\/media\/2026-IAPMT-Korea-Tour-v1-4-768x432.jpg 768w\" sizes=\"auto, (max-width: 1200px) 100vw, 1200px\" \/><\/figure>\n\n\n\n<figure class=\"wp-block-image size-full has-custom-border\"><img loading=\"lazy\" decoding=\"async\" width=\"1200\" height=\"675\" src=\"https:\/\/iapmt.org\/media\/2026-IAPMT-Korea-Tour-v1-5.jpg\" alt=\"\" class=\"wp-image-20886\" style=\"border-top-left-radius:15px;border-top-right-radius:15px;border-bottom-left-radius:15px;border-bottom-right-radius:15px\" srcset=\"https:\/\/iapmt.org\/media\/2026-IAPMT-Korea-Tour-v1-5.jpg 1200w, https:\/\/iapmt.org\/media\/2026-IAPMT-Korea-Tour-v1-5-768x432.jpg 768w\" sizes=\"auto, (max-width: 1200px) 100vw, 1200px\" \/><\/figure>\n\n\n\n<figure class=\"wp-block-image size-full has-custom-border\"><img loading=\"lazy\" decoding=\"async\" width=\"1200\" height=\"675\" src=\"https:\/\/iapmt.org\/media\/2026-IAPMT-Korea-Tour-v1-6.jpg\" alt=\"\" class=\"wp-image-20887\" style=\"border-top-left-radius:15px;border-top-right-radius:15px;border-bottom-left-radius:15px;border-bottom-right-radius:15px\" srcset=\"https:\/\/iapmt.org\/media\/2026-IAPMT-Korea-Tour-v1-6.jpg 1200w, https:\/\/iapmt.org\/media\/2026-IAPMT-Korea-Tour-v1-6-768x432.jpg 768w\" sizes=\"auto, (max-width: 1200px) 100vw, 1200px\" \/><\/figure>\n\n\n\n<figure class=\"wp-block-image size-full has-custom-border\"><img loading=\"lazy\" decoding=\"async\" width=\"1200\" height=\"675\" src=\"https:\/\/iapmt.org\/media\/2026-IAPMT-Korea-Tour-v1-7.jpg\" alt=\"\" class=\"wp-image-20888\" style=\"border-top-left-radius:15px;border-top-right-radius:15px;border-bottom-left-radius:15px;border-bottom-right-radius:15px\" srcset=\"https:\/\/iapmt.org\/media\/2026-IAPMT-Korea-Tour-v1-7.jpg 1200w, https:\/\/iapmt.org\/media\/2026-IAPMT-Korea-Tour-v1-7-768x432.jpg 768w\" sizes=\"auto, (max-width: 1200px) 100vw, 1200px\" \/><\/figure>\n\n\n\n<figure class=\"wp-block-image size-full has-custom-border\"><img loading=\"lazy\" decoding=\"async\" width=\"1200\" height=\"675\" src=\"https:\/\/iapmt.org\/media\/2026-IAPMT-Korea-Tour-v1-8.jpg\" alt=\"\" class=\"wp-image-20889\" style=\"border-top-left-radius:15px;border-top-right-radius:15px;border-bottom-left-radius:15px;border-bottom-right-radius:15px\" srcset=\"https:\/\/iapmt.org\/media\/2026-IAPMT-Korea-Tour-v1-8.jpg 1200w, https:\/\/iapmt.org\/media\/2026-IAPMT-Korea-Tour-v1-8-768x432.jpg 768w\" sizes=\"auto, (max-width: 1200px) 100vw, 1200px\" \/><\/figure>\n\n\n\n<figure class=\"wp-block-image size-full has-custom-border\"><img loading=\"lazy\" decoding=\"async\" width=\"1200\" height=\"675\" src=\"https:\/\/iapmt.org\/media\/2026-IAPMT-Korea-Tour-v1-9.jpg\" alt=\"\" class=\"wp-image-20891\" style=\"border-top-left-radius:15px;border-top-right-radius:15px;border-bottom-left-radius:15px;border-bottom-right-radius:15px\" srcset=\"https:\/\/iapmt.org\/media\/2026-IAPMT-Korea-Tour-v1-9.jpg 1200w, https:\/\/iapmt.org\/media\/2026-IAPMT-Korea-Tour-v1-9-768x432.jpg 768w\" sizes=\"auto, (max-width: 1200px) 100vw, 1200px\" \/><\/figure>\n\n\n\n<figure class=\"wp-block-image size-full has-custom-border\"><img loading=\"lazy\" decoding=\"async\" width=\"1200\" height=\"675\" src=\"https:\/\/iapmt.org\/media\/2026-IAPMT-Korea-Tour-v1-10.jpg\" alt=\"\" class=\"wp-image-20890\" style=\"border-top-left-radius:15px;border-top-right-radius:15px;border-bottom-left-radius:15px;border-bottom-right-radius:15px\" srcset=\"https:\/\/iapmt.org\/media\/2026-IAPMT-Korea-Tour-v1-10.jpg 1200w, https:\/\/iapmt.org\/media\/2026-IAPMT-Korea-Tour-v1-10-768x432.jpg 768w\" sizes=\"auto, (max-width: 1200px) 100vw, 1200px\" \/><\/figure>\n\n\n\n<figure class=\"wp-block-image size-full has-custom-border\"><img loading=\"lazy\" decoding=\"async\" width=\"1200\" height=\"675\" src=\"https:\/\/iapmt.org\/media\/2026-IAPMT-Korea-Tour-v1-11.jpg\" alt=\"\" class=\"wp-image-20892\" style=\"border-top-left-radius:15px;border-top-right-radius:15px;border-bottom-left-radius:15px;border-bottom-right-radius:15px\" srcset=\"https:\/\/iapmt.org\/media\/2026-IAPMT-Korea-Tour-v1-11.jpg 1200w, https:\/\/iapmt.org\/media\/2026-IAPMT-Korea-Tour-v1-11-768x432.jpg 768w\" sizes=\"auto, (max-width: 1200px) 100vw, 1200px\" \/><\/figure>\n\n\n\n<figure class=\"wp-block-image size-full has-custom-border\"><img loading=\"lazy\" decoding=\"async\" width=\"1200\" height=\"675\" src=\"https:\/\/iapmt.org\/media\/2026-IAPMT-Korea-Tour-v1-12.jpg\" alt=\"\" class=\"wp-image-20893\" style=\"border-top-left-radius:15px;border-top-right-radius:15px;border-bottom-left-radius:15px;border-bottom-right-radius:15px\" srcset=\"https:\/\/iapmt.org\/media\/2026-IAPMT-Korea-Tour-v1-12.jpg 1200w, https:\/\/iapmt.org\/media\/2026-IAPMT-Korea-Tour-v1-12-768x432.jpg 768w\" sizes=\"auto, (max-width: 1200px) 100vw, 1200px\" \/><\/figure>\n\n\n\n<figure class=\"wp-block-image size-full has-custom-border\"><img loading=\"lazy\" decoding=\"async\" width=\"1200\" height=\"675\" src=\"https:\/\/iapmt.org\/media\/2026-IAPMT-Korea-Tour-v1-13.jpg\" alt=\"\" class=\"wp-image-20894\" style=\"border-top-left-radius:15px;border-top-right-radius:15px;border-bottom-left-radius:15px;border-bottom-right-radius:15px\" srcset=\"https:\/\/iapmt.org\/media\/2026-IAPMT-Korea-Tour-v1-13.jpg 1200w, https:\/\/iapmt.org\/media\/2026-IAPMT-Korea-Tour-v1-13-768x432.jpg 768w\" sizes=\"auto, (max-width: 1200px) 100vw, 1200px\" \/><\/figure>\n\n\n\n<figure class=\"wp-block-image size-full has-custom-border\"><img loading=\"lazy\" decoding=\"async\" width=\"1200\" height=\"675\" src=\"https:\/\/iapmt.org\/media\/2026-IAPMT-Korea-Tour-v1-14.jpg\" alt=\"\" class=\"wp-image-20895\" style=\"border-top-left-radius:15px;border-top-right-radius:15px;border-bottom-left-radius:15px;border-bottom-right-radius:15px\" srcset=\"https:\/\/iapmt.org\/media\/2026-IAPMT-Korea-Tour-v1-14.jpg 1200w, https:\/\/iapmt.org\/media\/2026-IAPMT-Korea-Tour-v1-14-768x432.jpg 768w\" sizes=\"auto, (max-width: 1200px) 100vw, 1200px\" \/><\/figure>\n\n\n\n<figure class=\"wp-block-image size-full has-custom-border\"><img loading=\"lazy\" decoding=\"async\" width=\"1200\" height=\"675\" src=\"https:\/\/iapmt.org\/media\/2026-IAPMT-Korea-Tour-v1-15.jpg\" alt=\"\" class=\"wp-image-20896\" style=\"border-top-left-radius:15px;border-top-right-radius:15px;border-bottom-left-radius:15px;border-bottom-right-radius:15px\" srcset=\"https:\/\/iapmt.org\/media\/2026-IAPMT-Korea-Tour-v1-15.jpg 1200w, https:\/\/iapmt.org\/media\/2026-IAPMT-Korea-Tour-v1-15-768x432.jpg 768w\" sizes=\"auto, (max-width: 1200px) 100vw, 1200px\" \/><\/figure>\n\n\n\n<figure class=\"wp-block-image size-full has-custom-border\"><img loading=\"lazy\" decoding=\"async\" width=\"1200\" height=\"666\" src=\"https:\/\/iapmt.org\/media\/2026-IAPMT-Korea-Tour-v1-16.jpg\" alt=\"\" class=\"wp-image-20897\" style=\"border-top-left-radius:15px;border-top-right-radius:15px;border-bottom-left-radius:15px;border-bottom-right-radius:15px\" srcset=\"https:\/\/iapmt.org\/media\/2026-IAPMT-Korea-Tour-v1-16.jpg 1200w, https:\/\/iapmt.org\/media\/2026-IAPMT-Korea-Tour-v1-16-768x426.jpg 768w\" sizes=\"auto, (max-width: 1200px) 100vw, 1200px\" \/><\/figure>\n\n\n\n<figure class=\"wp-block-image size-full has-custom-border\"><img loading=\"lazy\" decoding=\"async\" width=\"1200\" height=\"675\" src=\"https:\/\/iapmt.org\/media\/2026-IAPMT-Korea-Tour-v1-17.jpg\" alt=\"\" class=\"wp-image-20898\" style=\"border-top-left-radius:15px;border-top-right-radius:15px;border-bottom-left-radius:15px;border-bottom-right-radius:15px\" srcset=\"https:\/\/iapmt.org\/media\/2026-IAPMT-Korea-Tour-v1-17.jpg 1200w, https:\/\/iapmt.org\/media\/2026-IAPMT-Korea-Tour-v1-17-768x432.jpg 768w\" sizes=\"auto, (max-width: 1200px) 100vw, 1200px\" \/><\/figure>\n\n\n\n<figure class=\"wp-block-image size-full has-custom-border\"><img loading=\"lazy\" decoding=\"async\" width=\"1200\" height=\"675\" src=\"https:\/\/iapmt.org\/media\/2026-IAPMT-Korea-Tour-v1-18.jpg\" alt=\"\" class=\"wp-image-20899\" style=\"border-top-left-radius:15px;border-top-right-radius:15px;border-bottom-left-radius:15px;border-bottom-right-radius:15px\" srcset=\"https:\/\/iapmt.org\/media\/2026-IAPMT-Korea-Tour-v1-18.jpg 1200w, https:\/\/iapmt.org\/media\/2026-IAPMT-Korea-Tour-v1-18-768x432.jpg 768w\" sizes=\"auto, (max-width: 1200px) 100vw, 1200px\" \/><\/figure>\n<\/div><\/div>\n","protected":false},"excerpt":{"rendered":"<p>Chuy\u1ebfn l\u01b0u di\u1ec5n H\u00f2a nh\u1ea1c IAPMT H\u00e0n Qu\u1ed1c \u2022 M\u00f9a h\u00e8 2026 B\u1ea1n c\u00f3 ph\u1ea3i l\u00e0 m\u1ed9t ngh\u1ec7 s\u0129 bi\u1ec3u di\u1ec5n nh\u1ea1c c\u1ed5 \u0111i\u1ec3n \u0111am m\u00ea du l\u1ecbch v\u00e0 tr\u1ea3i nghi\u1ec7m v\u0103n h\u00f3a? Hi\u1ec7p h\u1ed9i Gi\u00e1o vi\u00ean \u00c2m nh\u1ea1c Chuy\u00ean nghi\u1ec7p Qu\u1ed1c t\u1ebf (IAPMT) tr\u00e2n tr\u1ecdng k\u00ednh m\u1eddi b\u1ea1n tham gia chuy\u1ebfn l\u01b0u di\u1ec5n \u0111\u1ed9c [&hellip;]<\/p>\n","protected":false},"author":2,"featured_media":0,"parent":0,"menu_order":0,"comment_status":"closed","ping_status":"closed","template":"","meta":{"_uag_custom_page_level_css":"","site-sidebar-layout":"default","site-content-layout":"","ast-site-content-layout":"normal-width-container","site-content-style":"unboxed","site-sidebar-style":"default","ast-global-header-display":"","ast-banner-title-visibility":"","ast-main-header-display":"","ast-hfb-above-header-display":"","ast-hfb-below-header-display":"","ast-hfb-mobile-header-display":"","site-post-title":"disabled","ast-breadcrumbs-content":"","ast-featured-img":"","footer-sml-layout":"","ast-disable-related-posts":"","theme-transparent-header-meta":"enabled","adv-header-id-meta":"","stick-header-meta":"","header-above-stick-meta":"","header-main-stick-meta":"","header-below-stick-meta":"","astra-migrate-meta-layouts":"default","ast-page-background-enabled":"default","ast-page-background-meta":{"desktop":{"background-color":"","background-image":"","background-repeat":"repeat","background-position":"center center","background-size":"auto","background-attachment":"scroll","background-type":"","background-media":"","overlay-type":"","overlay-color":"","overlay-opacity":"","overlay-gradient":""},"tablet":{"background-color":"","background-image":"","background-repeat":"repeat","background-position":"center center","background-size":"auto","background-attachment":"scroll","background-type":"","background-media":"","overlay-type":"","overlay-color":"","overlay-opacity":"","overlay-gradient":""},"mobile":{"background-color":"","background-image":"","background-repeat":"repeat","background-position":"center center","background-size":"auto","background-attachment":"scroll","background-type":"","background-media":"","overlay-type":"","overlay-color":"","overlay-opacity":"","overlay-gradient":""}},"ast-content-background-meta":{"desktop":{"background-color":"var(--ast-global-color-5)","background-image":"","background-repeat":"repeat","background-position":"center center","background-size":"auto","background-attachment":"scroll","background-type":"","background-media":"","overlay-type":"","overlay-color":"","overlay-opacity":"","overlay-gradient":""},"tablet":{"background-color":"var(--ast-global-color-5)","background-image":"","background-repeat":"repeat","background-position":"center center","background-size":"auto","background-attachment":"scroll","background-type":"","background-media":"","overlay-type":"","overlay-color":"","overlay-opacity":"","overlay-gradient":""},"mobile":{"background-color":"var(--ast-global-color-5)","background-image":"","background-repeat":"repeat","background-position":"center center","background-size":"auto","background-attachment":"scroll","background-type":"","background-media":"","overlay-type":"","overlay-color":"","overlay-opacity":"","overlay-gradient":""}},"footnotes":""},"kind":[],"class_list":["post-19855","page","type-page","status-publish","hentry"],"uagb_featured_image_src":{"full":false,"thumbnail":false,"medium":false,"medium_large":false,"large":false,"1536x1536":false,"2048x2048":false},"uagb_author_info":{"display_name":"William","author_link":"https:\/\/iapmt.org\/vi\/author\/william\/"},"uagb_comment_info":0,"uagb_excerpt":"Chuy\u1ebfn l\u01b0u di\u1ec5n H\u00f2a nh\u1ea1c IAPMT H\u00e0n Qu\u1ed1c \u2022 M\u00f9a h\u00e8 2026 B\u1ea1n c\u00f3 ph\u1ea3i l\u00e0 m\u1ed9t ngh\u1ec7 s\u0129 bi\u1ec3u di\u1ec5n nh\u1ea1c c\u1ed5 \u0111i\u1ec3n \u0111am m\u00ea du l\u1ecbch v\u00e0 tr\u1ea3i nghi\u1ec7m v\u0103n h\u00f3a? Hi\u1ec7p h\u1ed9i Gi\u00e1o vi\u00ean \u00c2m nh\u1ea1c Chuy\u00ean nghi\u1ec7p Qu\u1ed1c t\u1ebf (IAPMT) tr\u00e2n tr\u1ecdng k\u00ednh m\u1eddi b\u1ea1n tham gia chuy\u1ebfn l\u01b0u di\u1ec5n \u0111\u1ed9c&hellip;","_links":{"self":[{"href":"https:\/\/iapmt.org\/vi\/wp-json\/wp\/v2\/pages\/19855","targetHints":{"allow":["GET"]}}],"collection":[{"href":"https:\/\/iapmt.org\/vi\/wp-json\/wp\/v2\/pages"}],"about":[{"href":"https:\/\/iapmt.org\/vi\/wp-json\/wp\/v2\/types\/page"}],"author":[{"embeddable":true,"href":"https:\/\/iapmt.org\/vi\/wp-json\/wp\/v2\/users\/2"}],"replies":[{"embeddable":true,"href":"https:\/\/iapmt.org\/vi\/wp-json\/wp\/v2\/comments?post=19855"}],"version-history":[{"count":3,"href":"https:\/\/iapmt.org\/vi\/wp-json\/wp\/v2\/pages\/19855\/revisions"}],"predecessor-version":[{"id":21042,"href":"https:\/\/iapmt.org\/vi\/wp-json\/wp\/v2\/pages\/19855\/revisions\/21042"}],"wp:attachment":[{"href":"https:\/\/iapmt.org\/vi\/wp-json\/wp\/v2\/media?parent=19855"}],"wp:term":[{"taxonomy":"kind","embeddable":true,"href":"https:\/\/iapmt.org\/vi\/wp-json\/wp\/v2\/kind?post=19855"}],"curies":[{"name":"wp","href":"https:\/\/api.w.org\/{rel}","templated":true}]}}