{"id":19834,"date":"2024-02-29T23:41:35","date_gmt":"2024-02-29T23:41:35","guid":{"rendered":"https:\/\/iapmt.org\/chuyen-luu-dien-hoa-nhac-chau-au\/"},"modified":"2026-02-24T15:37:12","modified_gmt":"2026-02-24T15:37:12","slug":"chuyen-luu-dien-hoa-nhac-chau-au","status":"publish","type":"page","link":"https:\/\/iapmt.org\/vi\/chuyen-luu-dien-hoa-nhac-chau-au\/","title":{"rendered":"Chuy\u1ebfn l\u01b0u di\u1ec5n h\u00f2a nh\u1ea1c Ch\u00e2u \u00c2u"},"content":{"rendered":"\n<div class=\"wp-block-cover alignfull is-light\"><img loading=\"lazy\" decoding=\"async\" width=\"3840\" height=\"3840\" class=\"wp-block-cover__image-background wp-image-17880\" alt=\"\" src=\"https:\/\/iapmt.org\/media\/IAPMT-Blue-Wave-Cover.jpg\" data-object-fit=\"cover\" srcset=\"https:\/\/iapmt.org\/media\/IAPMT-Blue-Wave-Cover.jpg 3840w, https:\/\/iapmt.org\/media\/IAPMT-Blue-Wave-Cover-768x768.jpg 768w, https:\/\/iapmt.org\/media\/IAPMT-Blue-Wave-Cover-1536x1536.jpg 1536w, https:\/\/iapmt.org\/media\/IAPMT-Blue-Wave-Cover-2048x2048.jpg 2048w\" sizes=\"auto, (max-width: 3840px) 100vw, 3840px\" \/><span aria-hidden=\"true\" class=\"wp-block-cover__background has-background-dim-0 has-background-dim\" style=\"background-color:#843156\"><\/span><div class=\"wp-block-cover__inner-container is-layout-flow wp-block-cover-is-layout-flow\">\n<div style=\"height:75px\" aria-hidden=\"true\" class=\"wp-block-spacer\"><\/div>\n\n\n\n<figure class=\"wp-block-image size-full has-custom-border\"><img loading=\"lazy\" decoding=\"async\" width=\"1200\" height=\"1800\" src=\"https:\/\/iapmt.org\/media\/2026-IAPMT-Europe-Concert-Tour-v2-web.jpg\" alt=\"\" class=\"wp-image-20940\" style=\"border-radius:15px\" srcset=\"https:\/\/iapmt.org\/media\/2026-IAPMT-Europe-Concert-Tour-v2-web.jpg 1200w, https:\/\/iapmt.org\/media\/2026-IAPMT-Europe-Concert-Tour-v2-web-768x1152.jpg 768w, https:\/\/iapmt.org\/media\/2026-IAPMT-Europe-Concert-Tour-v2-web-1024x1536.jpg 1024w\" sizes=\"auto, (max-width: 1200px) 100vw, 1200px\" \/><\/figure>\n<\/div><\/div>\n\n<h2 class=\"wp-block-heading\">Chuy\u1ebfn l\u01b0u di\u1ec5n ch\u00e2u \u00c2u IAPMT \u2022 H\u00e8 2026<\/h2>\n\n<p>B\u1ea1n c\u00f3 ph\u1ea3i l\u00e0 m\u1ed9t ngh\u1ec7 s\u0129 bi\u1ec3u di\u1ec5n nh\u1ea1c c\u1ed5 \u0111i\u1ec3n \u0111\u1ea7y \u0111am m\u00ea, m\u01a1 \u01b0\u1edbc \u0111\u01b0\u1ee3c th\u1ec3 hi\u1ec7n t\u00e0i n\u0103ng c\u1ee7a m\u00ecnh tr\u00ean s\u00e2n kh\u1ea5u qu\u1ed1c t\u1ebf trong khi \u0111\u1eafm ch\u00ecm trong b\u1ee9c tranh v\u0103n h\u00f3a phong ph\u00fa c\u1ee7a ch\u00e2u \u00c2u? Hi\u1ec7p h\u1ed9i Qu\u1ed1c t\u1ebf c\u00e1c Gi\u00e1o vi\u00ean \u00c2m nh\u1ea1c Chuy\u00ean nghi\u1ec7p (IAPMT) tr\u00e2n tr\u1ecdng m\u1eddi b\u1ea1n tham gia m\u1ed9t h\u00e0nh tr\u00ecnh kh\u00f3 qu\u00ean qua \u0110\u1ee9c v\u00e0 \u00dd v\u00e0o n\u0103m 2026! <\/p>\n\n<p>Chuy\u1ebfn l\u01b0u di\u1ec5n \u0111\u1ed9c quy\u1ec1n n\u00e0y mang \u0111\u1ebfn s\u1ef1 k\u1ebft h\u1ee3p \u0111\u1ed9c \u0111\u00e1o gi\u1eefa tham quan phong c\u1ea3nh ngo\u1ea1n m\u1ee5c v\u00e0 nh\u1eefng c\u01a1 h\u1ed9i bi\u1ec3u di\u1ec5n v\u00f4 song t\u1ea1i m\u1ed9t s\u1ed1 \u0111\u1ecba \u0111i\u1ec3m \u0111\u01b0\u1ee3c k\u00ednh tr\u1ecdng nh\u1ea5t c\u1ee7a ch\u00e2u \u00c2u.<\/p>\n\n<div class=\"wp-block-pb-accordion-item c-accordion__item js-accordion-item no-js is-open\" data-initially-open=\"true\" data-click-to-close=\"true\" data-auto-close=\"true\" data-scroll=\"true\" data-scroll-offset=\"0\"><h2 id=\"at-61572\" class=\"c-accordion__title js-accordion-controller\" role=\"button\">Registration &amp; Eligibility Guidelines<\/h2><div id=\"ac-61572\" class=\"c-accordion__content\">\n<ul class=\"wp-block-list\">\n<li>Vui l\u00f2ng truy c\u1eadp <a href=\"https:\/\/iapmt.com\/event-registration\/\" data-type=\"page\" data-id=\"3691\">\u0110\u0103ng k\u00fd S\u1ef1 ki\u1ec7n<\/a> \u0111\u1ec3 \u0111\u0103ng k\u00fd tham gia s\u1ef1 ki\u1ec7n n\u00e0y.<\/li>\n\n\n\n<li><strong>\u0110i\u1ec1u ki\u1ec7n Tham gia T\u1ef1 \u0111\u1ed9ng:<\/strong> L\u1eddi m\u1eddi tr\u1ef1c ti\u1ebfp cho Chuy\u1ebfn l\u01b0u di\u1ec5n Ch\u00e2u \u00c1 2026 \u0111\u01b0\u1ee3c d\u00e0nh cho:\n<ul class=\"wp-block-list\">\n<li>C\u00e1c <strong>ng\u01b0\u1eddi chi\u1ebfn th\u1eafng gi\u1ea3i nh\u1ea5t v\u00e0 gi\u1ea3i nh\u00ec<\/strong> \u0111\u01b0\u1ee3c l\u1ef1a ch\u1ecdn t\u1eeb Cu\u1ed9c thi Grand Competition M\u00f9a thu 2025.<\/li>\n\n\n\n<li>C\u00e1c <strong>ngh\u1ec7 s\u0129 bi\u1ec3u di\u1ec5n ti\u00eau bi\u1ec3u<\/strong> \u0111\u01b0\u1ee3c l\u1ef1a ch\u1ecdn t\u1eeb Chu\u1ed7i H\u00f2a nh\u1ea1c Carnegie 2025.<\/li>\n<\/ul>\n<\/li>\n\n\n\n<li><strong>Quy tr\u00ecnh \u0110\u0103ng k\u00fd:<\/strong>\n<ul class=\"wp-block-list\">\n<li><strong>Ngh\u1ec7 s\u0129 \u0110\u1ee7 \u0111i\u1ec1u ki\u1ec7n:<\/strong> N\u00fat &#8220;2026 Korea Concert Tour&#8221; s\u1ebd t\u1ef1 \u0111\u1ed9ng xu\u1ea5t hi\u1ec7n trong c\u1ed5ng th\u00f4ng tin c\u1ee7a b\u1ea1n.<\/li>\n\n\n\n<li><strong>T\u1ea5t c\u1ea3 c\u00e1c \u1ee8ng vi\u00ean kh\u00e1c:<\/strong> N\u1ebfu b\u1ea1n kh\u00f4ng \u0111\u00e1p \u1ee9ng c\u00e1c ti\u00eau ch\u00ed \u0111\u1ee7 \u0111i\u1ec1u ki\u1ec7n tr\u1ef1c ti\u1ebfp, b\u1ea1n s\u1ebd th\u1ea5y m\u1ed9t n\u00fat \u0111\u1ec3 \u0111\u0103ng k\u00fd <strong>V\u00f2ng tuy\u1ec3n ch\u1ecdn Chuy\u1ebfn l\u01b0u di\u1ec5n H\u00f2a nh\u1ea1c H\u00e0n Qu\u1ed1c 2026<\/strong>.<\/li>\n<\/ul>\n<\/li>\n\n\n\n<li><strong>Tham gia d\u1ef1a tr\u00ean Tuy\u1ec3n ch\u1ecdn:<\/strong> Sau khi video d\u1ef1 tuy\u1ec3n c\u1ee7a b\u1ea1n \u0111\u01b0\u1ee3c g\u1eedi v\u00e0 xem x\u00e9t, tr\u1ea1ng th\u00e1i c\u1ee7a b\u1ea1n s\u1ebd c\u1eadp nh\u1eadt th\u00e0nh &#8220;\u0110\u00e3 \u0111\u1ea1t&#8221;. T\u1ea1i th\u1eddi \u0111i\u1ec3m \u0111\u00f3, n\u00fat \u0110\u0103ng k\u00fd Chuy\u1ebfn l\u01b0u di\u1ec5n ch\u00ednh th\u1ee9c s\u1ebd hi\u1ec3n th\u1ecb. <\/li>\n\n\n\n<li><strong>Truy c\u1eadp C\u1ed5ng th\u00f4ng tin:<\/strong> B\u1ea1n c\u00f3 th\u1ec3 t\u00ecm th\u1ea5y t\u1ea5t c\u1ea3 c\u00e1c n\u00fat li\u00ean quan trong trang <a href=\"https:\/\/iapmt.org\/event-registration\/\" target=\"_blank\" rel=\"noreferrer noopener\">\u0110\u0103ng k\u00fd S\u1ef1 ki\u1ec7n<\/a>.<\/li>\n\n\n\n<li><strong>Y\u00eau c\u1ea7u v\u1ec1 T\u00e0i kho\u1ea3n:<\/strong> B\u1ea1n ph\u1ea3i \u0111\u0103ng nh\u1eadp \u0111\u1ec3 xem tr\u1ea1ng th\u00e1i \u0111\u1ee7 \u0111i\u1ec1u ki\u1ec7n v\u00e0 \u0111\u0103ng k\u00fd.\n<ul class=\"wp-block-list\">\n<li>N\u1ebfu b\u1ea1n ch\u01b0a c\u00f3 t\u00e0i kho\u1ea3n, vui l\u00f2ng <a href=\"https:\/\/iapmt.org\/register\/\" target=\"_blank\" rel=\"noreferrer noopener\">t\u1ea1o t\u00e0i kho\u1ea3n Th\u00ed sinh ho\u1eb7c Gi\u00e1o vi\u00ean<\/a> \u0111\u1ec3 b\u1eaft \u0111\u1ea7u.<\/li>\n<\/ul>\n<\/li>\n<\/ul>\n\n\n\n<p><em>N\u1ebfu b\u1ea1n tin r\u1eb1ng m\u00ecnh \u0111\u1ee7 \u0111i\u1ec1u ki\u1ec7n d\u1ef1a tr\u00ean k\u1ebft qu\u1ea3 n\u0103m 2025 nh\u01b0ng kh\u00f4ng th\u1ea5y n\u00fat \u0110\u0103ng k\u00fd Chuy\u1ebfn l\u01b0u di\u1ec5n, vui l\u00f2ng \u0111\u1ea3m b\u1ea3o b\u1ea1n \u0111\u00e3 \u0111\u0103ng nh\u1eadp v\u00e0o \u0111\u00fang t\u00e0i kho\u1ea3n. B\u1ea1n c\u0169ng c\u00f3 th\u1ec3 g\u1eedi email cho b\u1ed9 ph\u1eadn h\u1ed7 tr\u1ee3 t\u1ea1i support@iapmt.com \u0111\u1ec3 ch\u00fang t\u00f4i x\u00e1c minh \u0111i\u1ec1u ki\u1ec7n c\u1ee7a b\u1ea1n. <\/em><\/p>\n<\/div><\/div>\n\n<div class=\"wp-block-pb-accordion-item c-accordion__item js-accordion-item no-js\" data-initially-open=\"false\" data-click-to-close=\"true\" data-auto-close=\"true\" data-scroll=\"true\" data-scroll-offset=\"0\"><h2 id=\"at-61573\" class=\"c-accordion__title js-accordion-controller\" role=\"button\">Tour Schedule &amp; Information<\/h2><div id=\"ac-61573\" class=\"c-accordion__content\">\n<p>Ph\u1ea7n 1: Prague &#8211; \u0110\u1ee9c (27 th\u00e1ng 7 &#8211; 29 th\u00e1ng 7, 2026)<br\/>Cu\u1ed9c phi\u00eau l\u01b0u t\u1ea1i \u0110\u1ee9c c\u1ee7a ch\u00fang ta b\u1eaft \u0111\u1ea7u \u1edf Dresden, m\u1ed9t th\u00e0nh ph\u1ed1 n\u1ed5i ti\u1ebfng v\u1edbi ki\u1ebfn tr\u00fac Baroque tuy\u1ec7t \u0111\u1eb9p v\u00e0 di s\u1ea3n \u00e2m nh\u1ea1c s\u00f4i \u0111\u1ed9ng. B\u1ea1n s\u1ebd c\u00f3 c\u01a1 h\u1ed9i kh\u00e1m ph\u00e1 c\u00e1c \u0111\u1ecba danh l\u1ecbch s\u1eed, t\u00ecm hi\u1ec3u v\u0103n h\u00f3a \u0111\u1ecba ph\u01b0\u01a1ng v\u00e0 chu\u1ea9n b\u1ecb cho c\u00e1c bu\u1ed5i bi\u1ec3u di\u1ec5n c\u1ee7a m\u00ecnh. <\/p>\n\n\n\n<p>Ph\u1ea7n 2: \u00dd (31 th\u00e1ng 7 &#8211; 7 th\u00e1ng 8, 2026)<br\/>Ph\u1ea7n \u00dd trong chuy\u1ebfn l\u01b0u di\u1ec5n c\u1ee7a ch\u00fang ta s\u1ebd \u0111\u01b0a ch\u00fang ta \u0111\u1ebfn nh\u1eefng th\u00e0nh ph\u1ed1 tr\u00e1ng l\u1ec7 l\u00e0 Rome v\u00e0 Napoli. Tr\u1ea3i nghi\u1ec7m s\u1ef1 h\u00f9ng v\u0129 c\u1ee7a Rome c\u1ed5 \u0111\u1ea1i, t\u1eeb \u0110\u1ea5u tr\u01b0\u1eddng Colosseum \u0111\u1ebfn Th\u00e0nh Vatican, tr\u01b0\u1edbc khi h\u00e0nh tr\u00ecnh v\u1ec1 ph\u00eda nam \u0111\u1ebfn th\u00e0nh ph\u1ed1 quy\u1ebfn r\u0169 Napoli. <\/p>\n\n\n\n<h3 class=\"wp-block-heading\">\u0110\u1ecba \u0111i\u1ec3m bi\u1ec3u di\u1ec5n solo \u2022 \u0110\u1ee9c \u2022 Dresden<\/h3>\n\n\n\n<ul class=\"wp-block-list\">\n<li>Bechstein Centrum: m\u1ed9t ph\u00f2ng h\u00f2a nh\u1ea1c \u0111\u1eb3ng c\u1ea5p th\u1ebf gi\u1edbi. N\u1ed5i ti\u1ebfng v\u1edbi vi\u1ec7c t\u1ed5 ch\u1ee9c c\u00e1c bu\u1ed5i \u0111\u1ed9c t\u1ea5u v\u00e0 nh\u1ea1c th\u5ba4 nh\u1ecf, n\u01a1i \u0111\u00e2y cung c\u1ea5p m\u1ed9t s\u00e2n kh\u1ea5u ho\u00e0n h\u1ea3o cho c\u00e1c nh\u1ea1c s\u0129 k\u1ebft n\u1ed1i s\u00e2u s\u1eafc v\u1edbi kh\u00e1n gi\u1ea3. Ph\u00f2ng h\u00f2a nh\u1ea1c l\u00e0 m\u1ed9t ph\u1ea7n c\u1ee7a di s\u1ea3n danh ti\u1ebfng C. Bechstein, m\u1ed9t c\u00e1i t\u00ean \u0111\u1ed3ng ngh\u0129a v\u1edbi s\u1ef1 xu\u1ea5t s\u1eafc trong ngh\u1ec1 th\u1ee7 c\u00f4ng piano v\u00e0 bi\u1ec3u di\u1ec5n \u00e2m nh\u1ea1c.  <\/li>\n<\/ul>\n\n\n\n<h3 class=\"wp-block-heading\">\u0110\u1ecba \u0111i\u1ec3m bi\u1ec3u di\u1ec5n solo \u2022 \u00dd \u2022 Rome<\/h3>\n\n\n\n<ul class=\"wp-block-list\">\n<li>L\u1ec4 H\u1ed8I \u00c2M NH\u1ea0C C\u00c1C D\u00c2N T\u1ed8C | 31 TH\u00c1NG 7, 2026: Chiostro di Campitelli\/Nh\u00e0 h\u00e1t Marcellus. C\u00f3 t\u1eeb th\u1eddi La M\u00e3 c\u1ed5 \u0111\u1ea1i. Nh\u00e0 h\u00e1t Marcellus \u0111\u00e3 t\u1ed5 ch\u1ee9c c\u00e1c bu\u1ed5i bi\u1ec3u di\u1ec5n trong nhi\u1ec1u th\u1ebf k\u1ef7 v\u00e0 v\u1eabn l\u00e0 m\u1ed9t \u0111\u1ecba danh v\u0103n h\u00f3a \u1edf trung t\u00e2m th\u00e0nh ph\u1ed1. B\u1ed1i c\u1ea3nh \u0111\u1ed9c \u0111\u00e1o n\u00e0y k\u1ebft h\u1ee3p l\u1ecbch s\u1eed, ki\u1ebfn tr\u00fac v\u00e0 \u00e2m nh\u1ea1c, t\u1ea1o ra m\u1ed9t tr\u1ea3i nghi\u1ec7m kh\u00f3 qu\u00ean cho c\u1ea3 ng\u01b0\u1eddi bi\u1ec3u di\u1ec5n v\u00e0 kh\u00e1n gi\u1ea3.   <\/li>\n\n\n\n<li>BU\u1ed4I H\u00d2A NH\u1ea0C GALA C\u1ee6A GI\u1ea2I TH\u01af\u1edeNG L\u1edaN QU\u1ed0C T\u1ebe | 1 TH\u00c1NG 8, 2026 : \u0110\u1ea1i h\u1ecdc Link &#8211; m\u1ed9t \u0111\u1ecba \u0111i\u1ec3m hi\u1ec7n \u0111\u1ea1i, danh ti\u1ebfng t\u1ea1i trung t\u00e2m Rome, n\u1ed5i ti\u1ebfng v\u1edbi vi\u1ec7c t\u1ed5 ch\u1ee9c c\u00e1c cu\u1ed9c thi \u00e2m nh\u1ea1c qu\u1ed1c t\u1ebf, bu\u1ed5i h\u00f2a nh\u1ea1c gala v\u00e0 c\u00e1c s\u1ef1 ki\u1ec7n v\u0103n h\u00f3a. Kh\u00e1n ph\u00f2ng hi\u1ec7n \u0111\u1ea1i c\u1ee7a tr\u01b0\u1eddng k\u1ebft h\u1ee3p \u00e2m thanh xu\u1ea5t s\u1eafc v\u1edbi thi\u1ebft k\u1ebf \u0111\u01b0\u01a1ng \u0111\u1ea1i, mang \u0111\u1ebfn cho c\u00e1c ngh\u1ec7 s\u0129 bi\u1ec3u di\u1ec5n m\u1ed9t m\u00f4i tr\u01b0\u1eddng chuy\u00ean nghi\u1ec7p \u0111\u1ec3 t\u1ecfa s\u00e1ng. \u0110\u1ecba \u0111i\u1ec3m n\u00e0y thu h\u00fat c\u00e1c nh\u1ea1c s\u0129 t\u1eeb kh\u1eafp n\u01a1i tr\u00ean th\u1ebf gi\u1edbi, khi\u1ebfn n\u00f3 tr\u1edf th\u00e0nh s\u00e2n kh\u1ea5u l\u00fd t\u01b0\u1edfng \u0111\u1ec3 th\u1ec3 hi\u1ec7n t\u00e0i n\u0103ng tr\u00ean n\u1ec1n t\u1ea3ng to\u00e0n c\u1ea7u.  <\/li>\n<\/ul>\n\n\n\n<h3 class=\"wp-block-heading\">\u0110\u1ecba \u0111i\u1ec3m bi\u1ec3u di\u1ec5n concerto<\/h3>\n\n\n\n<ul class=\"wp-block-list\">\n<li>St. Paul&#8217;s Within the Walls, Rome: Tr\u1ea3i nghi\u1ec7m c\u1ea3m gi\u00e1c h\u1ed3i h\u1ed9p khi bi\u1ec3u di\u1ec5n concerto c\u00f9ng v\u1edbi D\u00e0n nh\u1ea1c Giao h\u01b0\u1edfng Rome danh ti\u1ebfng trong khung c\u1ea3nh tuy\u1ec7t \u0111\u1eb9p c\u1ee7a St. Paul&#8217;s Within the Walls. \u0110\u00e2y l\u00e0 m\u1ed9t c\u01a1 h\u1ed9i tuy\u1ec7t v\u1eddi \u0111\u1ec3 h\u1ee3p t\u00e1c v\u1edbi m\u1ed9t d\u00e0n nh\u1ea1c chuy\u00ean nghi\u1ec7p v\u00e0 n\u00e2ng t\u1ea7m m\u00e0n tr\u00ecnh di\u1ec5n c\u1ee7a b\u1ea1n l\u00ean t\u1ea7m cao m\u1edbi. <\/li>\n<\/ul>\n\n\n\n<p>S\u1eb5n s\u00e0ng b\u01b0\u1edbc l\u00ean s\u00e2n kh\u1ea5u?<\/p>\n\n\n\n<p>\u0110\u1eebng b\u1ecf l\u1ee1 c\u01a1 h\u1ed9i phi th\u01b0\u1eddng n\u00e0y \u0111\u1ec3 k\u1ebft h\u1ee3p \u0111am m\u00ea nh\u1ea1c c\u1ed5 \u0111i\u1ec3n c\u1ee7a b\u1ea1n v\u1edbi cu\u1ed9c phi\u00eau l\u01b0u c\u1ee7a c\u1ea3 \u0111\u1eddi! S\u1ed1 l\u01b0\u1ee3ng ch\u1ed7 c\u00f3 h\u1ea1n, h\u00e3y \u0111\u1ea3m b\u1ea3o v\u1ecb tr\u00ed c\u1ee7a b\u1ea1n ngay h\u00f4m nay. <\/p>\n\n\n\n<figure class=\"wp-block-image size-full has-custom-border\"><img loading=\"lazy\" decoding=\"async\" width=\"1200\" height=\"675\" src=\"https:\/\/iapmt.org\/media\/2026-IAPMT-Europe-Tour-v1-1.jpg\" alt=\"\" class=\"wp-image-20365\" style=\"border-top-left-radius:15px;border-top-right-radius:15px;border-bottom-left-radius:15px;border-bottom-right-radius:15px\" srcset=\"https:\/\/iapmt.org\/media\/2026-IAPMT-Europe-Tour-v1-1.jpg 1200w, https:\/\/iapmt.org\/media\/2026-IAPMT-Europe-Tour-v1-1-768x432.jpg 768w\" sizes=\"auto, (max-width: 1200px) 100vw, 1200px\" \/><\/figure>\n\n\n\n<figure class=\"wp-block-image size-full has-custom-border\"><img loading=\"lazy\" decoding=\"async\" width=\"1200\" height=\"675\" src=\"https:\/\/iapmt.org\/media\/2026-IAPMT-Europe-Tour-v1-2.jpg\" alt=\"\" class=\"wp-image-20367\" style=\"border-top-left-radius:15px;border-top-right-radius:15px;border-bottom-left-radius:15px;border-bottom-right-radius:15px\" srcset=\"https:\/\/iapmt.org\/media\/2026-IAPMT-Europe-Tour-v1-2.jpg 1200w, https:\/\/iapmt.org\/media\/2026-IAPMT-Europe-Tour-v1-2-768x432.jpg 768w\" sizes=\"auto, (max-width: 1200px) 100vw, 1200px\" \/><\/figure>\n\n\n\n<figure class=\"wp-block-image size-full has-custom-border\"><img loading=\"lazy\" decoding=\"async\" width=\"1200\" height=\"601\" src=\"https:\/\/iapmt.org\/media\/2026-IAPMT-Europe-Tour-v1-3.jpg\" alt=\"\" class=\"wp-image-20368\" style=\"border-top-left-radius:15px;border-top-right-radius:15px;border-bottom-left-radius:15px;border-bottom-right-radius:15px\" srcset=\"https:\/\/iapmt.org\/media\/2026-IAPMT-Europe-Tour-v1-3.jpg 1200w, https:\/\/iapmt.org\/media\/2026-IAPMT-Europe-Tour-v1-3-768x385.jpg 768w\" sizes=\"auto, (max-width: 1200px) 100vw, 1200px\" \/><\/figure>\n\n\n\n<figure class=\"wp-block-image size-full has-custom-border\"><img loading=\"lazy\" decoding=\"async\" width=\"1200\" height=\"551\" src=\"https:\/\/iapmt.org\/media\/2026-IAPMT-Europe-Tour-v1-4.jpg\" alt=\"\" class=\"wp-image-20369\" style=\"border-top-left-radius:15px;border-top-right-radius:15px;border-bottom-left-radius:15px;border-bottom-right-radius:15px\" srcset=\"https:\/\/iapmt.org\/media\/2026-IAPMT-Europe-Tour-v1-4.jpg 1200w, https:\/\/iapmt.org\/media\/2026-IAPMT-Europe-Tour-v1-4-768x353.jpg 768w\" sizes=\"auto, (max-width: 1200px) 100vw, 1200px\" \/><\/figure>\n\n\n\n<figure class=\"wp-block-image size-full has-custom-border\"><img loading=\"lazy\" decoding=\"async\" width=\"1200\" height=\"675\" src=\"https:\/\/iapmt.org\/media\/2026-IAPMT-Europe-Tour-v1-5.jpg\" alt=\"\" class=\"wp-image-20370\" style=\"border-top-left-radius:15px;border-top-right-radius:15px;border-bottom-left-radius:15px;border-bottom-right-radius:15px\" srcset=\"https:\/\/iapmt.org\/media\/2026-IAPMT-Europe-Tour-v1-5.jpg 1200w, https:\/\/iapmt.org\/media\/2026-IAPMT-Europe-Tour-v1-5-768x432.jpg 768w\" sizes=\"auto, (max-width: 1200px) 100vw, 1200px\" \/><\/figure>\n\n\n\n<figure class=\"wp-block-image size-full has-custom-border\"><img loading=\"lazy\" decoding=\"async\" width=\"1200\" height=\"551\" src=\"https:\/\/iapmt.org\/media\/2026-IAPMT-Europe-Tour-v1-6.jpg\" alt=\"\" class=\"wp-image-20371\" style=\"border-top-left-radius:15px;border-top-right-radius:15px;border-bottom-left-radius:15px;border-bottom-right-radius:15px\" srcset=\"https:\/\/iapmt.org\/media\/2026-IAPMT-Europe-Tour-v1-6.jpg 1200w, https:\/\/iapmt.org\/media\/2026-IAPMT-Europe-Tour-v1-6-768x353.jpg 768w\" sizes=\"auto, (max-width: 1200px) 100vw, 1200px\" \/><\/figure>\n\n\n\n<figure class=\"wp-block-image size-full has-custom-border\"><img loading=\"lazy\" decoding=\"async\" width=\"1200\" height=\"601\" src=\"https:\/\/iapmt.org\/media\/2026-IAPMT-Europe-Tour-v1-7.jpg\" alt=\"\" class=\"wp-image-20372\" style=\"border-top-left-radius:15px;border-top-right-radius:15px;border-bottom-left-radius:15px;border-bottom-right-radius:15px\" srcset=\"https:\/\/iapmt.org\/media\/2026-IAPMT-Europe-Tour-v1-7.jpg 1200w, https:\/\/iapmt.org\/media\/2026-IAPMT-Europe-Tour-v1-7-768x385.jpg 768w\" sizes=\"auto, (max-width: 1200px) 100vw, 1200px\" \/><\/figure>\n\n\n\n<figure class=\"wp-block-image size-full has-custom-border\"><img loading=\"lazy\" decoding=\"async\" width=\"1200\" height=\"551\" src=\"https:\/\/iapmt.org\/media\/2026-IAPMT-Europe-Tour-v1-8.jpg\" alt=\"\" class=\"wp-image-20373\" style=\"border-top-left-radius:15px;border-top-right-radius:15px;border-bottom-left-radius:15px;border-bottom-right-radius:15px\" srcset=\"https:\/\/iapmt.org\/media\/2026-IAPMT-Europe-Tour-v1-8.jpg 1200w, https:\/\/iapmt.org\/media\/2026-IAPMT-Europe-Tour-v1-8-768x353.jpg 768w\" sizes=\"auto, (max-width: 1200px) 100vw, 1200px\" \/><\/figure>\n\n\n\n<figure class=\"wp-block-image size-full has-custom-border\"><img loading=\"lazy\" decoding=\"async\" width=\"1200\" height=\"675\" src=\"https:\/\/iapmt.org\/media\/2026-IAPMT-Europe-Tour-v1-9.jpg\" alt=\"\" class=\"wp-image-20374\" style=\"border-top-left-radius:15px;border-top-right-radius:15px;border-bottom-left-radius:15px;border-bottom-right-radius:15px\" srcset=\"https:\/\/iapmt.org\/media\/2026-IAPMT-Europe-Tour-v1-9.jpg 1200w, https:\/\/iapmt.org\/media\/2026-IAPMT-Europe-Tour-v1-9-768x432.jpg 768w\" sizes=\"auto, (max-width: 1200px) 100vw, 1200px\" \/><\/figure>\n\n\n\n<figure class=\"wp-block-image size-full has-custom-border\"><img loading=\"lazy\" decoding=\"async\" width=\"1200\" height=\"483\" src=\"https:\/\/iapmt.org\/media\/2026-IAPMT-Europe-Tour-v1-10.jpg\" alt=\"\" class=\"wp-image-20375\" style=\"border-top-left-radius:15px;border-top-right-radius:15px;border-bottom-left-radius:15px;border-bottom-right-radius:15px\" srcset=\"https:\/\/iapmt.org\/media\/2026-IAPMT-Europe-Tour-v1-10.jpg 1200w, https:\/\/iapmt.org\/media\/2026-IAPMT-Europe-Tour-v1-10-768x309.jpg 768w\" sizes=\"auto, (max-width: 1200px) 100vw, 1200px\" \/><\/figure>\n\n\n\n<figure class=\"wp-block-image size-full has-custom-border\"><img loading=\"lazy\" decoding=\"async\" width=\"1200\" height=\"483\" src=\"https:\/\/iapmt.org\/media\/2026-IAPMT-Europe-Tour-v1-11.jpg\" alt=\"\" class=\"wp-image-20376\" style=\"border-top-left-radius:15px;border-top-right-radius:15px;border-bottom-left-radius:15px;border-bottom-right-radius:15px\" srcset=\"https:\/\/iapmt.org\/media\/2026-IAPMT-Europe-Tour-v1-11.jpg 1200w, https:\/\/iapmt.org\/media\/2026-IAPMT-Europe-Tour-v1-11-768x309.jpg 768w\" sizes=\"auto, (max-width: 1200px) 100vw, 1200px\" \/><\/figure>\n\n\n\n<figure class=\"wp-block-image size-full has-custom-border\"><img loading=\"lazy\" decoding=\"async\" width=\"1200\" height=\"483\" src=\"https:\/\/iapmt.org\/media\/2026-IAPMT-Europe-Tour-v1-12.jpg\" alt=\"\" class=\"wp-image-20377\" style=\"border-top-left-radius:15px;border-top-right-radius:15px;border-bottom-left-radius:15px;border-bottom-right-radius:15px\" srcset=\"https:\/\/iapmt.org\/media\/2026-IAPMT-Europe-Tour-v1-12.jpg 1200w, https:\/\/iapmt.org\/media\/2026-IAPMT-Europe-Tour-v1-12-768x309.jpg 768w\" sizes=\"auto, (max-width: 1200px) 100vw, 1200px\" \/><\/figure>\n\n\n\n<figure class=\"wp-block-image size-full has-custom-border\"><img loading=\"lazy\" decoding=\"async\" width=\"1200\" height=\"483\" src=\"https:\/\/iapmt.org\/media\/2026-IAPMT-Europe-Tour-v1-13.jpg\" alt=\"\" class=\"wp-image-20378\" style=\"border-top-left-radius:15px;border-top-right-radius:15px;border-bottom-left-radius:15px;border-bottom-right-radius:15px\" srcset=\"https:\/\/iapmt.org\/media\/2026-IAPMT-Europe-Tour-v1-13.jpg 1200w, https:\/\/iapmt.org\/media\/2026-IAPMT-Europe-Tour-v1-13-768x309.jpg 768w\" sizes=\"auto, (max-width: 1200px) 100vw, 1200px\" \/><\/figure>\n<\/div><\/div>\n","protected":false},"excerpt":{"rendered":"<p>Chuy\u1ebfn l\u01b0u di\u1ec5n ch\u00e2u \u00c2u IAPMT \u2022 H\u00e8 2026 B\u1ea1n c\u00f3 ph\u1ea3i l\u00e0 m\u1ed9t ngh\u1ec7 s\u0129 bi\u1ec3u di\u1ec5n nh\u1ea1c c\u1ed5 \u0111i\u1ec3n \u0111\u1ea7y \u0111am m\u00ea, m\u01a1 \u01b0\u1edbc \u0111\u01b0\u1ee3c th\u1ec3 hi\u1ec7n t\u00e0i n\u0103ng c\u1ee7a m\u00ecnh tr\u00ean s\u00e2n kh\u1ea5u qu\u1ed1c t\u1ebf trong khi \u0111\u1eafm ch\u00ecm trong b\u1ee9c tranh v\u0103n h\u00f3a phong ph\u00fa c\u1ee7a ch\u00e2u \u00c2u? Hi\u1ec7p h\u1ed9i Qu\u1ed1c [&hellip;]<\/p>\n","protected":false},"author":2,"featured_media":0,"parent":0,"menu_order":0,"comment_status":"closed","ping_status":"closed","template":"","meta":{"_uag_custom_page_level_css":"","site-sidebar-layout":"default","site-content-layout":"","ast-site-content-layout":"normal-width-container","site-content-style":"unboxed","site-sidebar-style":"default","ast-global-header-display":"","ast-banner-title-visibility":"","ast-main-header-display":"","ast-hfb-above-header-display":"","ast-hfb-below-header-display":"","ast-hfb-mobile-header-display":"","site-post-title":"disabled","ast-breadcrumbs-content":"","ast-featured-img":"","footer-sml-layout":"","ast-disable-related-posts":"","theme-transparent-header-meta":"enabled","adv-header-id-meta":"","stick-header-meta":"","header-above-stick-meta":"","header-main-stick-meta":"","header-below-stick-meta":"","astra-migrate-meta-layouts":"default","ast-page-background-enabled":"default","ast-page-background-meta":{"desktop":{"background-color":"","background-image":"","background-repeat":"repeat","background-position":"center center","background-size":"auto","background-attachment":"scroll","background-type":"","background-media":"","overlay-type":"","overlay-color":"","overlay-opacity":"","overlay-gradient":""},"tablet":{"background-color":"","background-image":"","background-repeat":"repeat","background-position":"center center","background-size":"auto","background-attachment":"scroll","background-type":"","background-media":"","overlay-type":"","overlay-color":"","overlay-opacity":"","overlay-gradient":""},"mobile":{"background-color":"","background-image":"","background-repeat":"repeat","background-position":"center center","background-size":"auto","background-attachment":"scroll","background-type":"","background-media":"","overlay-type":"","overlay-color":"","overlay-opacity":"","overlay-gradient":""}},"ast-content-background-meta":{"desktop":{"background-color":"var(--ast-global-color-5)","background-image":"","background-repeat":"repeat","background-position":"center center","background-size":"auto","background-attachment":"scroll","background-type":"","background-media":"","overlay-type":"","overlay-color":"","overlay-opacity":"","overlay-gradient":""},"tablet":{"background-color":"var(--ast-global-color-5)","background-image":"","background-repeat":"repeat","background-position":"center center","background-size":"auto","background-attachment":"scroll","background-type":"","background-media":"","overlay-type":"","overlay-color":"","overlay-opacity":"","overlay-gradient":""},"mobile":{"background-color":"var(--ast-global-color-5)","background-image":"","background-repeat":"repeat","background-position":"center center","background-size":"auto","background-attachment":"scroll","background-type":"","background-media":"","overlay-type":"","overlay-color":"","overlay-opacity":"","overlay-gradient":""}},"footnotes":""},"kind":[],"class_list":["post-19834","page","type-page","status-publish","hentry"],"uagb_featured_image_src":{"full":false,"thumbnail":false,"medium":false,"medium_large":false,"large":false,"1536x1536":false,"2048x2048":false},"uagb_author_info":{"display_name":"William","author_link":"https:\/\/iapmt.org\/vi\/author\/william\/"},"uagb_comment_info":0,"uagb_excerpt":"Chuy\u1ebfn l\u01b0u di\u1ec5n ch\u00e2u \u00c2u IAPMT \u2022 H\u00e8 2026 B\u1ea1n c\u00f3 ph\u1ea3i l\u00e0 m\u1ed9t ngh\u1ec7 s\u0129 bi\u1ec3u di\u1ec5n nh\u1ea1c c\u1ed5 \u0111i\u1ec3n \u0111\u1ea7y \u0111am m\u00ea, m\u01a1 \u01b0\u1edbc \u0111\u01b0\u1ee3c th\u1ec3 hi\u1ec7n t\u00e0i n\u0103ng c\u1ee7a m\u00ecnh tr\u00ean s\u00e2n kh\u1ea5u qu\u1ed1c t\u1ebf trong khi \u0111\u1eafm ch\u00ecm trong b\u1ee9c tranh v\u0103n h\u00f3a phong ph\u00fa c\u1ee7a ch\u00e2u \u00c2u? Hi\u1ec7p h\u1ed9i Qu\u1ed1c&hellip;","_links":{"self":[{"href":"https:\/\/iapmt.org\/vi\/wp-json\/wp\/v2\/pages\/19834","targetHints":{"allow":["GET"]}}],"collection":[{"href":"https:\/\/iapmt.org\/vi\/wp-json\/wp\/v2\/pages"}],"about":[{"href":"https:\/\/iapmt.org\/vi\/wp-json\/wp\/v2\/types\/page"}],"author":[{"embeddable":true,"href":"https:\/\/iapmt.org\/vi\/wp-json\/wp\/v2\/users\/2"}],"replies":[{"embeddable":true,"href":"https:\/\/iapmt.org\/vi\/wp-json\/wp\/v2\/comments?post=19834"}],"version-history":[{"count":4,"href":"https:\/\/iapmt.org\/vi\/wp-json\/wp\/v2\/pages\/19834\/revisions"}],"predecessor-version":[{"id":20981,"href":"https:\/\/iapmt.org\/vi\/wp-json\/wp\/v2\/pages\/19834\/revisions\/20981"}],"wp:attachment":[{"href":"https:\/\/iapmt.org\/vi\/wp-json\/wp\/v2\/media?parent=19834"}],"wp:term":[{"taxonomy":"kind","embeddable":true,"href":"https:\/\/iapmt.org\/vi\/wp-json\/wp\/v2\/kind?post=19834"}],"curies":[{"name":"wp","href":"https:\/\/api.w.org\/{rel}","templated":true}]}}