{"id":19828,"date":"2025-03-31T06:25:32","date_gmt":"2025-03-31T06:25:32","guid":{"rendered":"https:\/\/iapmt.org\/chuyen-luu-dien-concert\/"},"modified":"2025-09-26T16:41:01","modified_gmt":"2025-09-26T16:41:01","slug":"chuyen-luu-dien-concert","status":"publish","type":"page","link":"https:\/\/iapmt.org\/vi\/chuyen-luu-dien-concert\/","title":{"rendered":"Chuy\u1ebfn L\u01b0u Di\u1ec5n Concert"},"content":{"rendered":"\n<h3 class=\"wp-block-heading\">Chuy\u1ebfn L\u01b0u Di\u1ec5n Concert IAPMT: C\u00e1nh c\u1eeda \u0111\u1ebfn v\u1edbi c\u00e1c \u0111\u1ecba \u0111i\u1ec3m nh\u1ea1c c\u1ed5 \u0111i\u1ec3n danh ti\u1ebfng<\/h3>\n\n<p>Hi\u1ec7p h\u1ed9i Gi\u00e1o vi\u00ean \u00c2m nh\u1ea1c Chuy\u00ean nghi\u1ec7p Qu\u1ed1c t\u1ebf (IAPMT) tr\u00e2n tr\u1ecdng m\u1eddi c\u00e1c ngh\u1ec7 s\u0129 bi\u1ec3u di\u1ec5n nh\u1ea1c c\u1ed5 \u0111i\u1ec3n t\u00e0i n\u0103ng tham gia v\u00e0o h\u00e0nh tr\u00ecnh \u00e2m nh\u1ea1c \u0111\u1ea7y \u00fd ngh\u0129a th\u00f4ng qua c\u00e1c ch\u01b0\u01a1ng tr\u00ecnh Chuy\u1ebfn L\u01b0u Di\u1ec5n Concert uy t\u00edn c\u1ee7a ch\u00fang t\u00f4i. Ch\u00fang t\u00f4i mang \u0111\u1ebfn nh\u1eefng c\u01a1 h\u1ed9i \u0111\u1ed9c \u0111\u00e1o \u0111\u1ec3 b\u1ea1n th\u1ec3 hi\u1ec7n t\u00e0i n\u0103ng ngh\u1ec7 thu\u1eadt t\u1ea1i c\u00e1c \u0111\u1ecba \u0111i\u1ec3m n\u1ed5i ti\u1ebfng, k\u1ebft n\u1ed1i v\u1edbi m\u1ea1ng l\u01b0\u1edbi c\u00e1c nh\u1ea1c s\u0129 to\u00e0n c\u1ea7u, v\u00e0 \u0111\u1eafm m\u00ecnh trong di s\u1ea3n v\u0103n h\u00f3a phong ph\u00fa c\u1ee7a ch\u00e2u \u00c2u v\u00e0 h\u01a1n th\u1ebf n\u1eefa. H\u00e3y kh\u00e1m ph\u00e1 s\u00e2n kh\u1ea5u ho\u00e0n h\u1ea3o cho t\u00e0i n\u0103ng c\u1ee7a b\u1ea1n c\u00f9ng IAPMT.  <\/p>\n\n<h3 class=\"wp-block-heading\">Chu\u1ed7i concert \u0111\u00eam Gala: C\u01a1 h\u1ed9i bi\u1ec3u di\u1ec5n m\u1ed9t l\u1ea7n trong \u0111\u1eddi<\/h3>\n\n<p>H\u00e3y t\u01b0\u1edfng t\u01b0\u1ee3ng c\u1ea3m gi\u00e1c h\u00e0o h\u1ee9ng khi \u0111\u01b0\u1ee3c bi\u1ec3u di\u1ec5n t\u1ea1i m\u1ed9t s\u1ed1 ph\u00f2ng h\u00f2a nh\u1ea1c mang t\u00ednh bi\u1ec3u t\u01b0\u1ee3ng nh\u1ea5t th\u1ebf gi\u1edbi. Chu\u1ed7i Concert \u0110\u00eam Gala IAPMT bi\u1ebfn gi\u1ea5c m\u01a1 n\u00e0y th\u00e0nh hi\u1ec7n th\u1ef1c. Ch\u01b0\u01a1ng tr\u00ecnh \u0111\u1ed9c quy\u1ec1n n\u00e0y mang \u0111\u1ebfn cho c\u00e1c ngh\u1ec7 s\u0129 bi\u1ec3u di\u1ec5n nh\u1ea1c c\u1ed5 \u0111i\u1ec3n xu\u1ea5t s\u1eafc c\u01a1 h\u1ed9i \u0111\u01b0\u1ee3c \u0111\u1ee9ng tr\u00ean s\u00e2n kh\u1ea5u c\u1ee7a nh\u1eefng \u0111\u1ecba \u0111i\u1ec3m huy\u1ec1n tho\u1ea1i, t\u1ea1o n\u00ean nh\u1eefng k\u1ef7 ni\u1ec7m \u0111\u00e1ng nh\u1edb su\u1ed1t \u0111\u1eddi v\u00e0 n\u00e2ng cao \u0111\u00e1ng k\u1ec3 h\u1ed3 s\u01a1 chuy\u00ean m\u00f4n c\u1ee7a b\u1ea1n.  <\/p>\n\n<ul class=\"wp-block-list\">\n<li><strong>Ph\u00f2ng h\u00f2a nh\u1ea1c Weill t\u1ea1i Carnegie Hall (Th\u00e0nh ph\u1ed1 New York, Hoa K\u1ef3):<\/strong> B\u01b0\u1edbc l\u00ean s\u00e2n kh\u1ea5u thi\u00eang li\u00eang c\u1ee7a Ph\u00f2ng h\u00f2a nh\u1ea1c Weill t\u1ea1i Carnegie Hall, m\u1ed9t \u0111\u1ecba \u0111i\u1ec3m n\u1ed5i ti\u1ebfng v\u1edbi \u00e2m h\u1ecdc ho\u00e0n h\u1ea3o v\u00e0 di s\u1ea3n phong ph\u00fa t\u1eebng ch\u00e0o \u0111\u00f3n nh\u1eefng nh\u1ea1c s\u0129 xu\u1ea5t s\u1eafc nh\u1ea5t th\u1ebf gi\u1edbi. Ph\u00f2ng h\u00f2a nh\u1ea1c danh gi\u00e1 n\u00e0y cung c\u1ea5p m\u1ed9t n\u1ec1n t\u1ea3ng \u0111\u1eb3ng c\u1ea5p cho c\u00e1c ngh\u1ec7 s\u0129 bi\u1ec3u di\u1ec5n nh\u1ea1c c\u1ed5 \u0111i\u1ec3n, mang \u0111\u1ebfn c\u01a1 h\u1ed9i v\u00f4 song \u0111\u1ec3 th\u1ec3 hi\u1ec7n t\u00e0i n\u0103ng ngh\u1ec7 thu\u1eadt t\u1ea1i m\u1ed9t \u0111\u1ecba \u0111i\u1ec3m bi\u1ec3u t\u01b0\u1ee3ng \u0111\u01b0\u1ee3c t\u00f4n vinh v\u00ec s\u1ef1 cam k\u1ebft v\u1edbi s\u1ef1 xu\u1ea5t s\u1eafc trong \u00e2m nh\u1ea1c. <\/li>\n\n\n\n<li style=\"margin-top:var(--wp--preset--spacing--40);margin-bottom:var(--wp--preset--spacing--40)\"><strong>Ph\u00f2ng Haydn t\u1ea1i Cung \u0111i\u1ec7n Esterhazy (Eisenstadt, \u00c1o):<\/strong> \u0110\u1eafm m\u00ecnh trong s\u1ef1 l\u1ed9ng l\u1eaby v\u00e0 l\u1ecbch s\u1eed c\u1ee7a cung \u0111i\u1ec7n tr\u00e1ng l\u1ec7 n\u00e0y, n\u01a1i nh\u00e0 so\u1ea1n nh\u1ea1c huy\u1ec1n tho\u1ea1i Joseph Haydn t\u1eebng ph\u1ee5c v\u1ee5 v\u1edbi t\u01b0 c\u00e1ch Kapellmeister trong h\u01a1n b\u1ed1n th\u1eadp k\u1ef7. Bi\u1ec3u di\u1ec5n t\u1ea1i Ph\u00f2ng Haydn mang \u0111\u1ebfn m\u1ed1i li\u00ean k\u1ebft \u0111\u1ed9c \u0111\u00e1o v\u1edbi di s\u1ea3n c\u1ee7a nh\u00e0 so\u1ea1n nh\u1ea1c v\u00e0 th\u1ebf gi\u1edbi xa hoa c\u1ee7a tri\u1ec1u \u0111\u00ecnh Esterhazy, t\u1ea1o n\u00ean tr\u1ea3i nghi\u1ec7m kh\u00f3 qu\u00ean trong m\u1ed9t kh\u00f4ng gian c\u00f3 \u00fd ngh\u0129a l\u1ecbch s\u1eed v\u00e0 \u00e2m h\u1ecdc phong ph\u00fa. <\/li>\n\n\n\n<li><strong>Ph\u00f2ng Wiener t\u1ea1i Qu\u1ef9 Mozarteum Qu\u1ed1c t\u1ebf (Salzburg, \u00c1o):<\/strong> Tr\u1ea3i nghi\u1ec7m \u00e2m h\u1ecdc xu\u1ea5t s\u1eafc v\u00e0 kh\u00f4ng kh\u00ed th\u00e2n m\u1eadt c\u1ee7a ph\u00f2ng h\u00f2a nh\u1ea1c thanh l\u1ecbch n\u00e0y, \u0111\u01b0\u1ee3c x\u00e2y d\u1ef1ng theo phong c\u00e1ch Jugendstil v\u00e0 Heimatstil. \u0110\u01b0\u1ee3c \u0111\u1eb7t theo t\u00ean c\u1ee7a H\u1ed9i Mozart Vienna, Ph\u00f2ng Wiener \u0111\u00e3 ch\u00e0o \u0111\u00f3n v\u00f4 s\u1ed1 nh\u1ea1c s\u0129 n\u1ed5i ti\u1ebfng v\u00e0 mang \u0111\u1ebfn c\u01a1 h\u1ed9i bi\u1ec3u di\u1ec5n \u0111\u1ed9c \u0111\u00e1o trong m\u1ed9t kh\u00f4ng gian \u0111\u1eadm ch\u1ea5t di s\u1ea3n \u00e2m nh\u1ea1c phong ph\u00fa c\u1ee7a Salzburg, \u0111\u01b0\u1ee3c d\u00e0nh ri\u00eang cho di s\u1ea3n c\u1ee7a Mozart, v\u00e0 c\u00f3 s\u1ee9c ch\u1ee9a l\u00ean \u0111\u1ebfn 200 kh\u00e1n gi\u1ea3. <\/li>\n<\/ul>\n\n<div style=\"height:25px\" aria-hidden=\"true\" class=\"wp-block-spacer\"><\/div>\n\n<h3 class=\"wp-block-heading\">Chu\u1ed7i chuy\u1ebfn l\u01b0u di\u1ec5n concert: Tr\u1ea3i nghi\u1ec7m \u00e2m nh\u1ea1c ch\u00e2u \u00c2u trong 10 ng\u00e0y<\/h3>\n\n<p>Kh\u1edfi h\u00e0nh trong h\u00e0nh tr\u00ecnh 10 ng\u00e0y kh\u00f3 qu\u00ean xuy\u00ean qua tr\u00e1i tim ch\u00e2u \u00c2u v\u1edbi Chu\u1ed7i Chuy\u1ebfn L\u01b0u Di\u1ec5n Concert IAPMT. Ch\u01b0\u01a1ng tr\u00ecnh \u0111\u1eafm ch\u00ecm n\u00e0y k\u1ebft h\u1ee3p nh\u1eefng c\u01a1 h\u1ed9i bi\u1ec3u di\u1ec5n \u0111\u1eb7c bi\u1ec7t v\u1edbi nh\u1eefng tr\u1ea3i nghi\u1ec7m v\u0103n h\u00f3a phong ph\u00fa t\u1ea1i m\u1ed9t s\u1ed1 th\u00e0nh ph\u1ed1 quy\u1ebfn r\u0169 nh\u1ea5t ch\u00e2u \u00c2u. Kh\u00e1m ph\u00e1 v\u1ebb \u0111\u1eb9p, l\u1ecbch s\u1eed v\u00e0 truy\u1ec1n th\u1ed1ng \u00e2m nh\u1ea1c s\u00f4i \u0111\u1ed9ng c\u1ee7a \u00c1o, Hungary v\u00e0 C\u1ed9ng h\u00f2a S\u00e9c.  <\/p>\n\n<ul class=\"wp-block-list\">\n<li><strong>C\u01a1 h\u1ed9i Bi\u1ec3u di\u1ec5n:<\/strong> Bi\u1ec3u di\u1ec5n t\u1ea1i c\u00e1c \u0111\u1ecba \u0111i\u1ec3m uy t\u00edn nh\u01b0 nh\u00e0 th\u1edd l\u1ecbch s\u1eed, cung \u0111i\u1ec7n, ph\u00f2ng h\u00f2a nh\u1ea1c v\u00e0 c\u00e1c \u0111\u1ecba \u0111i\u1ec3m c\u00f3 \u00fd ngh\u0129a v\u0103n h\u00f3a kh\u00e1c.<\/li>\n\n\n\n<li style=\"margin-top:var(--wp--preset--spacing--20);margin-bottom:var(--wp--preset--spacing--20)\"><strong>H\u00f2a m\u00ecnh v\u00e0o V\u0103n h\u00f3a:<\/strong> Kh\u00e1m ph\u00e1 c\u00e1c \u0111\u1ecba danh bi\u1ec3u t\u01b0\u1ee3ng, b\u1ea3o t\u00e0ng v\u00e0 \u0111i\u1ec3m du l\u1ecbch \u0111\u1ecba ph\u01b0\u01a1ng, hi\u1ec3u s\u00e2u h\u01a1n v\u1ec1 v\u0103n h\u00f3a ch\u00e2u \u00c2u.<\/li>\n\n\n\n<li><strong>L\u1edbp h\u1ecdc Chuy\u00ean s\u00e2u &amp; H\u1ed9i th\u1ea3o:<\/strong> Tham gia c\u00e1c bu\u1ed5i h\u1ecdc phong ph\u00fa v\u1edbi c\u00e1c nh\u1ea1c s\u0129 v\u00e0 gi\u00e1o vi\u00ean n\u1ed5i ti\u1ebfng ch\u00e2u \u00c2u (t\u00f9y theo chuy\u1ebfn l\u01b0u di\u1ec5n).<\/li>\n\n\n\n<li style=\"padding-top:var(--wp--preset--spacing--20);padding-bottom:var(--wp--preset--spacing--20)\"><strong>K\u1ebft n\u1ed1i:<\/strong> Giao l\u01b0u v\u1edbi c\u00e1c ngh\u1ec7 s\u0129 bi\u1ec3u di\u1ec5n t\u1eeb kh\u1eafp n\u01a1i tr\u00ean th\u1ebf gi\u1edbi, th\u00fac \u0111\u1ea9y s\u1ef1 h\u1ee3p t\u00e1c v\u00e0 t\u00ecnh b\u1ea1n l\u00e2u d\u00e0i.<\/li>\n\n\n\n<li><strong>G\u00f3i Tour To\u00e0n di\u1ec7n:<\/strong> T\u1eadn h\u01b0\u1edfng ch\u1ed7 \u1edf \u0111\u01b0\u1ee3c l\u00ean k\u1ebf ho\u1ea1ch c\u1ea9n th\u1eadn, di chuy\u1ec3n trong l\u1ecbch tr\u00ecnh tour v\u00e0 c\u00e1c ho\u1ea1t \u0111\u1ed9ng \u0111\u01b0\u1ee3c t\u1ed5 ch\u1ee9c.<\/li>\n<\/ul>\n\n<p>S\u1eb5n s\u00e0ng cho c\u01a1 h\u1ed9i bi\u1ec3u di\u1ec5n t\u1ea1i Carnegie Hall mang t\u00ednh bi\u1ec3u t\u01b0\u1ee3ng \u1edf New York City ho\u1eb7c m\u1ed9t cu\u1ed9c phi\u00eau l\u01b0u \u00e2m nh\u1ea1c 10 ng\u00e0y kh\u00f3 qu\u00ean qua ch\u00e2u \u00c2u? Truy c\u1eadp <a href=\"https:\/\/iapmt.org\/vi\/lich-trinh-tour-hoa-nhac\/\" data-type=\"page\" data-id=\"19799\">trang L\u1ecbch Chuy\u1ebfn L\u01b0u Di\u1ec5n Concert<\/a> c\u1ee7a ch\u00fang t\u00f4i \u0111\u1ec3 bi\u1ebft th\u00f4ng tin v\u1ec1 c\u00e1c concert v\u00e0 chuy\u1ebfn l\u01b0u di\u1ec5n s\u1eafp t\u1edbi.  <\/p>\n","protected":false},"excerpt":{"rendered":"<p>Chuy\u1ebfn L\u01b0u Di\u1ec5n Concert IAPMT: C\u00e1nh c\u1eeda \u0111\u1ebfn v\u1edbi c\u00e1c \u0111\u1ecba \u0111i\u1ec3m nh\u1ea1c c\u1ed5 \u0111i\u1ec3n danh ti\u1ebfng Hi\u1ec7p h\u1ed9i Gi\u00e1o vi\u00ean \u00c2m nh\u1ea1c Chuy\u00ean nghi\u1ec7p Qu\u1ed1c t\u1ebf (IAPMT) tr\u00e2n tr\u1ecdng m\u1eddi c\u00e1c ngh\u1ec7 s\u0129 bi\u1ec3u di\u1ec5n nh\u1ea1c c\u1ed5 \u0111i\u1ec3n t\u00e0i n\u0103ng tham gia v\u00e0o h\u00e0nh tr\u00ecnh \u00e2m nh\u1ea1c \u0111\u1ea7y \u00fd ngh\u0129a th\u00f4ng qua c\u00e1c ch\u01b0\u01a1ng [&hellip;]<\/p>\n","protected":false},"author":2,"featured_media":0,"parent":0,"menu_order":0,"comment_status":"closed","ping_status":"closed","template":"","meta":{"_uag_custom_page_level_css":"","site-sidebar-layout":"default","site-content-layout":"","ast-site-content-layout":"normal-width-container","site-content-style":"unboxed","site-sidebar-style":"default","ast-global-header-display":"","ast-banner-title-visibility":"","ast-main-header-display":"","ast-hfb-above-header-display":"","ast-hfb-below-header-display":"","ast-hfb-mobile-header-display":"","site-post-title":"disabled","ast-breadcrumbs-content":"","ast-featured-img":"","footer-sml-layout":"","ast-disable-related-posts":"","theme-transparent-header-meta":"","adv-header-id-meta":"","stick-header-meta":"","header-above-stick-meta":"","header-main-stick-meta":"","header-below-stick-meta":"","astra-migrate-meta-layouts":"default","ast-page-background-enabled":"default","ast-page-background-meta":{"desktop":{"background-color":"","background-image":"","background-repeat":"repeat","background-position":"center center","background-size":"auto","background-attachment":"scroll","background-type":"","background-media":"","overlay-type":"","overlay-color":"","overlay-opacity":"","overlay-gradient":""},"tablet":{"background-color":"","background-image":"","background-repeat":"repeat","background-position":"center center","background-size":"auto","background-attachment":"scroll","background-type":"","background-media":"","overlay-type":"","overlay-color":"","overlay-opacity":"","overlay-gradient":""},"mobile":{"background-color":"","background-image":"","background-repeat":"repeat","background-position":"center center","background-size":"auto","background-attachment":"scroll","background-type":"","background-media":"","overlay-type":"","overlay-color":"","overlay-opacity":"","overlay-gradient":""}},"ast-content-background-meta":{"desktop":{"background-color":"var(--ast-global-color-5)","background-image":"","background-repeat":"repeat","background-position":"center center","background-size":"auto","background-attachment":"scroll","background-type":"","background-media":"","overlay-type":"","overlay-color":"","overlay-opacity":"","overlay-gradient":""},"tablet":{"background-color":"var(--ast-global-color-5)","background-image":"","background-repeat":"repeat","background-position":"center center","background-size":"auto","background-attachment":"scroll","background-type":"","background-media":"","overlay-type":"","overlay-color":"","overlay-opacity":"","overlay-gradient":""},"mobile":{"background-color":"var(--ast-global-color-5)","background-image":"","background-repeat":"repeat","background-position":"center center","background-size":"auto","background-attachment":"scroll","background-type":"","background-media":"","overlay-type":"","overlay-color":"","overlay-opacity":"","overlay-gradient":""}},"footnotes":""},"kind":[],"class_list":["post-19828","page","type-page","status-publish","hentry"],"uagb_featured_image_src":{"full":false,"thumbnail":false,"medium":false,"medium_large":false,"large":false,"1536x1536":false,"2048x2048":false},"uagb_author_info":{"display_name":"William","author_link":"https:\/\/iapmt.org\/vi\/author\/william\/"},"uagb_comment_info":0,"uagb_excerpt":"Chuy\u1ebfn L\u01b0u Di\u1ec5n Concert IAPMT: C\u00e1nh c\u1eeda \u0111\u1ebfn v\u1edbi c\u00e1c \u0111\u1ecba \u0111i\u1ec3m nh\u1ea1c c\u1ed5 \u0111i\u1ec3n danh ti\u1ebfng Hi\u1ec7p h\u1ed9i Gi\u00e1o vi\u00ean \u00c2m nh\u1ea1c Chuy\u00ean nghi\u1ec7p Qu\u1ed1c t\u1ebf (IAPMT) tr\u00e2n tr\u1ecdng m\u1eddi c\u00e1c ngh\u1ec7 s\u0129 bi\u1ec3u di\u1ec5n nh\u1ea1c c\u1ed5 \u0111i\u1ec3n t\u00e0i n\u0103ng tham gia v\u00e0o h\u00e0nh tr\u00ecnh \u00e2m nh\u1ea1c \u0111\u1ea7y \u00fd ngh\u0129a th\u00f4ng qua c\u00e1c ch\u01b0\u01a1ng&hellip;","_links":{"self":[{"href":"https:\/\/iapmt.org\/vi\/wp-json\/wp\/v2\/pages\/19828","targetHints":{"allow":["GET"]}}],"collection":[{"href":"https:\/\/iapmt.org\/vi\/wp-json\/wp\/v2\/pages"}],"about":[{"href":"https:\/\/iapmt.org\/vi\/wp-json\/wp\/v2\/types\/page"}],"author":[{"embeddable":true,"href":"https:\/\/iapmt.org\/vi\/wp-json\/wp\/v2\/users\/2"}],"replies":[{"embeddable":true,"href":"https:\/\/iapmt.org\/vi\/wp-json\/wp\/v2\/comments?post=19828"}],"version-history":[{"count":1,"href":"https:\/\/iapmt.org\/vi\/wp-json\/wp\/v2\/pages\/19828\/revisions"}],"predecessor-version":[{"id":19829,"href":"https:\/\/iapmt.org\/vi\/wp-json\/wp\/v2\/pages\/19828\/revisions\/19829"}],"wp:attachment":[{"href":"https:\/\/iapmt.org\/vi\/wp-json\/wp\/v2\/media?parent=19828"}],"wp:term":[{"taxonomy":"kind","embeddable":true,"href":"https:\/\/iapmt.org\/vi\/wp-json\/wp\/v2\/kind?post=19828"}],"curies":[{"name":"wp","href":"https:\/\/api.w.org\/{rel}","templated":true}]}}