{"id":19819,"date":"2025-09-26T14:54:32","date_gmt":"2025-09-26T14:54:32","guid":{"rendered":"https:\/\/iapmt.org\/lich-trinh-tour-hoa-nhac\/"},"modified":"2026-02-24T15:37:51","modified_gmt":"2026-02-24T15:37:51","slug":"lich-trinh-tour-hoa-nhac","status":"publish","type":"page","link":"https:\/\/iapmt.org\/vi\/lich-trinh-tour-hoa-nhac\/","title":{"rendered":"L\u1ecbch tr\u00ecnh tour h\u00f2a nh\u1ea1c"},"content":{"rendered":"\n<h1 class=\"wp-block-heading\">M\u00f9a h\u00e8 2026<\/h1>\n\n<div class=\"wp-block-columns is-layout-flex wp-container-core-columns-is-layout-28f84493 wp-block-columns-is-layout-flex\">\n<div class=\"wp-block-column is-layout-flow wp-block-column-is-layout-flow\">\n<figure class=\"wp-block-image size-full has-custom-border\"><a href=\"https:\/\/iapmt.org\/vi\/chuyen-luu-dien-chau-a\/\"><img loading=\"lazy\" decoding=\"async\" width=\"1200\" height=\"1800\" src=\"https:\/\/iapmt.org\/media\/2026-IAPMT-Asia-Concert-Tour-v2-web.jpg\" alt=\"\" class=\"wp-image-20931\" style=\"border-radius:15px;aspect-ratio:1;object-fit:cover\" srcset=\"https:\/\/iapmt.org\/media\/2026-IAPMT-Asia-Concert-Tour-v2-web.jpg 1200w, https:\/\/iapmt.org\/media\/2026-IAPMT-Asia-Concert-Tour-v2-web-768x1152.jpg 768w, https:\/\/iapmt.org\/media\/2026-IAPMT-Asia-Concert-Tour-v2-web-1024x1536.jpg 1024w\" sizes=\"auto, (max-width: 1200px) 100vw, 1200px\" \/><\/a><\/figure>\n<\/div>\n\n\n\n<div class=\"wp-block-column is-layout-flow wp-block-column-is-layout-flow\">\n<h2 class=\"wp-block-heading\"><a href=\"https:\/\/iapmt.org\/vi\/chuyen-luu-dien-chau-a\/\" data-type=\"page\" data-id=\"16366\">Chuy\u1ebfn l\u01b0u di\u1ec5n h\u00f2a nh\u1ea1c IAPMT H\u00e0n Qu\u1ed1c<\/a>: Th\u00e1ng 6 n\u0103m 2026<\/h2>\n\n\n\n<p>H\u00e0n Qu\u1ed1c t\u1eeb ng\u00e0y 17-25 th\u00e1ng 6.<\/p>\n\n\n\n<p>Chuy\u1ebfn l\u01b0u di\u1ec5n h\u00f2a nh\u1ea1c IAPMT H\u00e0n Qu\u1ed1c 2026, di\u1ec5n ra t\u1eeb ng\u00e0y 17 \u0111\u1ebfn 25 th\u00e1ng 6, mang \u0111\u1ebfn c\u00e1c bu\u1ed5i bi\u1ec3u di\u1ec5n c\u1ee7a c\u00e1c nh\u1ea1c s\u0129 c\u1ed5 \u0111i\u1ec3n v\u00e0 tr\u1ea3i nghi\u1ec7m v\u0103n h\u00f3a t\u1ea1i H\u00e0n Qu\u1ed1c. Chuy\u1ebfn l\u01b0u di\u1ec5n c\u00f3 c\u00e1c bu\u1ed5i bi\u1ec3u di\u1ec5n t\u1ea1i c\u00e1c \u0111\u1ecba \u0111i\u1ec3m nh\u01b0 H\u1ed9i tr\u01b0\u1eddng Ngh\u1ec7 thu\u1eadt Banpo Simsan \u1edf Seoul. <\/p>\n<\/div>\n<\/div>\n\n<div style=\"height:25px\" aria-hidden=\"true\" class=\"wp-block-spacer\"><\/div>\n\n<div class=\"wp-block-columns is-layout-flex wp-container-core-columns-is-layout-28f84493 wp-block-columns-is-layout-flex\">\n<div class=\"wp-block-column is-layout-flow wp-block-column-is-layout-flow\">\n<figure class=\"wp-block-image size-full has-custom-border\"><a href=\"http:\/\/europe concert tour\"><img loading=\"lazy\" decoding=\"async\" width=\"1200\" height=\"1800\" src=\"https:\/\/iapmt.org\/media\/2026-IAPMT-Europe-Concert-Tour-v2-web.jpg\" alt=\"\" class=\"wp-image-20940\" style=\"border-radius:15px;aspect-ratio:1;object-fit:cover\" srcset=\"https:\/\/iapmt.org\/media\/2026-IAPMT-Europe-Concert-Tour-v2-web.jpg 1200w, https:\/\/iapmt.org\/media\/2026-IAPMT-Europe-Concert-Tour-v2-web-768x1152.jpg 768w, https:\/\/iapmt.org\/media\/2026-IAPMT-Europe-Concert-Tour-v2-web-1024x1536.jpg 1024w\" sizes=\"auto, (max-width: 1200px) 100vw, 1200px\" \/><\/a><\/figure>\n<\/div>\n\n\n\n<div class=\"wp-block-column is-layout-flow wp-block-column-is-layout-flow\">\n<h2 class=\"wp-block-heading\"><a href=\"https:\/\/iapmt.org\/vi\/chuyen-luu-dien-hoa-nhac-chau-au\/\" data-type=\"page\" data-id=\"6157\">Tour h\u00f2a nh\u1ea1c IAPMT ch\u00e2u \u00c2u<\/a>: Th\u00e1ng 8 n\u0103m 2026<\/h2>\n\n\n\n<p>Chuy\u1ebfn l\u01b0u di\u1ec5n h\u00f2a nh\u1ea1c IAPMT ch\u00e2u \u00c2u 2026, di\u1ec5n ra t\u1eeb ng\u00e0y 27 th\u00e1ng 7 \u0111\u1ebfn 7 th\u00e1ng 8, mang \u0111\u1ebfn cho c\u00e1c ngh\u1ec7 s\u0129 bi\u1ec3u di\u1ec5n c\u1ed5 \u0111i\u1ec3n s\u1ef1 k\u1ebft h\u1ee3p gi\u1eefa c\u00e1c c\u01a1 h\u1ed9i ngh\u1ec1 nghi\u1ec7p v\u00e0 kh\u00e1m ph\u00e1 v\u0103n h\u00f3a t\u1ea1i \u0110\u1ee9c v\u00e0 \u00dd. Chuy\u1ebfn l\u01b0u di\u1ec5n b\u1eaft \u0111\u1ea7u t\u1ea1i <strong>Dresden, \u0110\u1ee9c<\/strong>, \u0111\u1ec3 tham quan v\u00e0 chu\u1ea9n b\u1ecb. T\u1ea1i <strong>\u00dd<\/strong> (Rome v\u00e0 Napoli), c\u00e1c ngh\u1ec7 s\u0129 bi\u1ec3u di\u1ec5n s\u1ebd c\u00f3 c\u01a1 h\u1ed9i solo t\u1ea1i c\u00e1c \u0111\u1ecba \u0111i\u1ec3m bao g\u1ed3m Nh\u00e0 h\u00e1t Bellini l\u1ecbch s\u1eed \u1edf Napoli, v\u00e0 \u0111i\u1ec3m n\u1ed5i b\u1eadt ch\u00ednh l\u00e0 c\u01a1 h\u1ed9i bi\u1ec3u di\u1ec5n concerto c\u00f9ng D\u00e0n nh\u1ea1c Giao h\u01b0\u1edfng Rome t\u1ea1i St. Paul&#8217;s Within the Walls. L\u1ecbch tr\u00ecnh c\u0169ng bao g\u1ed3m tham quan \u1edf Rome v\u00e0 Napoli.   <\/p>\n<\/div>\n<\/div>\n\n<div style=\"height:27px\" aria-hidden=\"true\" class=\"wp-block-spacer\"><\/div>\n\n<hr class=\"wp-block-separator has-alpha-channel-opacity is-style-wide\"\/>\n\n<h1 class=\"wp-block-heading\">M\u00f9a thu n\u0103m 2026<\/h1>\n\n<div class=\"wp-block-columns is-layout-flex wp-container-core-columns-is-layout-28f84493 wp-block-columns-is-layout-flex\">\n<div class=\"wp-block-column is-layout-flow wp-block-column-is-layout-flow\">\n<figure class=\"wp-block-image size-full has-custom-border\"><img loading=\"lazy\" decoding=\"async\" width=\"1200\" height=\"1680\" src=\"https:\/\/iapmt.org\/media\/IAPMT-Gala-Night-at-Carnegie-Winter-2026-Poster-web.jpg\" alt=\"\" class=\"wp-image-19279\" style=\"border-radius:15px;aspect-ratio:1;object-fit:cover\" srcset=\"https:\/\/iapmt.org\/media\/IAPMT-Gala-Night-at-Carnegie-Winter-2026-Poster-web.jpg 1200w, https:\/\/iapmt.org\/media\/IAPMT-Gala-Night-at-Carnegie-Winter-2026-Poster-web-768x1075.jpg 768w, https:\/\/iapmt.org\/media\/IAPMT-Gala-Night-at-Carnegie-Winter-2026-Poster-web-1097x1536.jpg 1097w\" sizes=\"auto, (max-width: 1200px) 100vw, 1200px\" \/><\/figure>\n<\/div>\n\n\n\n<div class=\"wp-block-column is-layout-flow wp-block-column-is-layout-flow\">\n<h2 class=\"wp-block-heading\"><a href=\"https:\/\/iapmt.org\/vi\/dem-gala-tai-carnegie-hall\/\" data-type=\"page\" data-id=\"12415\">\u0110\u00eam Gala t\u1ea1i Weill Recital Hall thu\u1ed9c Carnegie Hall<\/a>: Th\u00e1ng 11 n\u0103m 2026<\/h2>\n\n\n\n<p>Chu\u1ed7i h\u00f2a nh\u1ea1c \u0110\u00eam Gala t\u1ea1i Carnegie Hall l\u00e0 m\u1ed9t ch\u01b0\u01a1ng tr\u00ecnh do Hi\u1ec7p h\u1ed9i Qu\u1ed1c t\u1ebf c\u00e1c Gi\u00e1o vi\u00ean Piano &amp; \u00c2m nh\u1ea1c (IAPMT) t\u1ed5 ch\u1ee9c t\u1ea1i Weill Recital Hall. S\u1ef1 ki\u1ec7n n\u00e0y mang \u0111\u1ebfn cho c\u00e1c nh\u1ea1c s\u0129 c\u01a1 h\u1ed9i bi\u1ec3u di\u1ec5n t\u1ea1i \u0111\u1ecba \u0111i\u1ec3m danh ti\u1ebfng n\u00e0y. \u0110\u1ec3 \u0111\u1ee7 \u0111i\u1ec1u ki\u1ec7n tham gia bu\u1ed5i h\u00f2a nh\u1ea1c, c\u00e1c nh\u1ea1c s\u0129 ph\u1ea3i \u0111\u1ea1t \u0111i\u1ec3m cao nh\u1ea5t trong cu\u1ed9c thi Grand Concours g\u1ea7n \u0111\u00e2y ho\u1eb7c g\u1eedi video qua v\u00f2ng Tuy\u1ec3n ch\u1ecdn Carnegie. Chu\u1ed7i h\u00f2a nh\u1ea1c cho M\u00f9a thu n\u0103m 2026 \u0111\u01b0\u1ee3c ph\u00e2n chia theo tr\u00ecnh \u0111\u1ed9 k\u1ef9 n\u0103ng th\u00e0nh c\u00e1c nh\u00f3m: S\u01a1 c\u1ea5p v\u00e0 Ti\u00eau chu\u1ea9n, Chuy\u00ean gia v\u00e0 Ngh\u1ec7 s\u0129 b\u1eadc th\u1ea7y.   <\/p>\n<\/div>\n<\/div>\n\n<div style=\"height:25px\" aria-hidden=\"true\" class=\"wp-block-spacer\"><\/div>\n\n<hr class=\"wp-block-separator has-alpha-channel-opacity is-style-wide\"\/>\n\n<h2 class=\"wp-block-heading has-text-align-center has-large-font-size\"><em><strong>T\u1ea5t c\u1ea3 c\u00e1c s\u1ef1 ki\u1ec7n IAPMT \u0111\u1ec1u kh\u00f4ng ho\u00e0n ti\u1ec1n<\/strong><\/em><\/h2>\n","protected":false},"excerpt":{"rendered":"<p>M\u00f9a h\u00e8 2026 Chuy\u1ebfn l\u01b0u di\u1ec5n h\u00f2a nh\u1ea1c IAPMT H\u00e0n Qu\u1ed1c: Th\u00e1ng 6 n\u0103m 2026 H\u00e0n Qu\u1ed1c t\u1eeb ng\u00e0y 17-25 th\u00e1ng 6. Chuy\u1ebfn l\u01b0u di\u1ec5n h\u00f2a nh\u1ea1c IAPMT H\u00e0n Qu\u1ed1c 2026, di\u1ec5n ra t\u1eeb ng\u00e0y 17 \u0111\u1ebfn 25 th\u00e1ng 6, mang \u0111\u1ebfn c\u00e1c bu\u1ed5i bi\u1ec3u di\u1ec5n c\u1ee7a c\u00e1c nh\u1ea1c s\u0129 c\u1ed5 \u0111i\u1ec3n v\u00e0 tr\u1ea3i nghi\u1ec7m [&hellip;]<\/p>\n","protected":false},"author":2,"featured_media":0,"parent":0,"menu_order":0,"comment_status":"closed","ping_status":"closed","template":"","meta":{"_uag_custom_page_level_css":"","site-sidebar-layout":"default","site-content-layout":"","ast-site-content-layout":"normal-width-container","site-content-style":"unboxed","site-sidebar-style":"default","ast-global-header-display":"","ast-banner-title-visibility":"","ast-main-header-display":"","ast-hfb-above-header-display":"","ast-hfb-below-header-display":"","ast-hfb-mobile-header-display":"","site-post-title":"disabled","ast-breadcrumbs-content":"","ast-featured-img":"","footer-sml-layout":"","ast-disable-related-posts":"","theme-transparent-header-meta":"","adv-header-id-meta":"","stick-header-meta":"","header-above-stick-meta":"","header-main-stick-meta":"","header-below-stick-meta":"","astra-migrate-meta-layouts":"default","ast-page-background-enabled":"default","ast-page-background-meta":{"desktop":{"background-color":"","background-image":"","background-repeat":"repeat","background-position":"center center","background-size":"auto","background-attachment":"scroll","background-type":"","background-media":"","overlay-type":"","overlay-color":"","overlay-opacity":"","overlay-gradient":""},"tablet":{"background-color":"","background-image":"","background-repeat":"repeat","background-position":"center center","background-size":"auto","background-attachment":"scroll","background-type":"","background-media":"","overlay-type":"","overlay-color":"","overlay-opacity":"","overlay-gradient":""},"mobile":{"background-color":"","background-image":"","background-repeat":"repeat","background-position":"center center","background-size":"auto","background-attachment":"scroll","background-type":"","background-media":"","overlay-type":"","overlay-color":"","overlay-opacity":"","overlay-gradient":""}},"ast-content-background-meta":{"desktop":{"background-color":"var(--ast-global-color-5)","background-image":"","background-repeat":"repeat","background-position":"center center","background-size":"auto","background-attachment":"scroll","background-type":"","background-media":"","overlay-type":"","overlay-color":"","overlay-opacity":"","overlay-gradient":""},"tablet":{"background-color":"var(--ast-global-color-5)","background-image":"","background-repeat":"repeat","background-position":"center center","background-size":"auto","background-attachment":"scroll","background-type":"","background-media":"","overlay-type":"","overlay-color":"","overlay-opacity":"","overlay-gradient":""},"mobile":{"background-color":"var(--ast-global-color-5)","background-image":"","background-repeat":"repeat","background-position":"center center","background-size":"auto","background-attachment":"scroll","background-type":"","background-media":"","overlay-type":"","overlay-color":"","overlay-opacity":"","overlay-gradient":""}},"footnotes":""},"kind":[],"class_list":["post-19819","page","type-page","status-publish","hentry"],"uagb_featured_image_src":{"full":false,"thumbnail":false,"medium":false,"medium_large":false,"large":false,"1536x1536":false,"2048x2048":false},"uagb_author_info":{"display_name":"William","author_link":"https:\/\/iapmt.org\/vi\/author\/william\/"},"uagb_comment_info":0,"uagb_excerpt":"M\u00f9a h\u00e8 2026 Chuy\u1ebfn l\u01b0u di\u1ec5n h\u00f2a nh\u1ea1c IAPMT H\u00e0n Qu\u1ed1c: Th\u00e1ng 6 n\u0103m 2026 H\u00e0n Qu\u1ed1c t\u1eeb ng\u00e0y 17-25 th\u00e1ng 6. Chuy\u1ebfn l\u01b0u di\u1ec5n h\u00f2a nh\u1ea1c IAPMT H\u00e0n Qu\u1ed1c 2026, di\u1ec5n ra t\u1eeb ng\u00e0y 17 \u0111\u1ebfn 25 th\u00e1ng 6, mang \u0111\u1ebfn c\u00e1c bu\u1ed5i bi\u1ec3u di\u1ec5n c\u1ee7a c\u00e1c nh\u1ea1c s\u0129 c\u1ed5 \u0111i\u1ec3n v\u00e0 tr\u1ea3i nghi\u1ec7m&hellip;","_links":{"self":[{"href":"https:\/\/iapmt.org\/vi\/wp-json\/wp\/v2\/pages\/19819","targetHints":{"allow":["GET"]}}],"collection":[{"href":"https:\/\/iapmt.org\/vi\/wp-json\/wp\/v2\/pages"}],"about":[{"href":"https:\/\/iapmt.org\/vi\/wp-json\/wp\/v2\/types\/page"}],"author":[{"embeddable":true,"href":"https:\/\/iapmt.org\/vi\/wp-json\/wp\/v2\/users\/2"}],"replies":[{"embeddable":true,"href":"https:\/\/iapmt.org\/vi\/wp-json\/wp\/v2\/comments?post=19819"}],"version-history":[{"count":6,"href":"https:\/\/iapmt.org\/vi\/wp-json\/wp\/v2\/pages\/19819\/revisions"}],"predecessor-version":[{"id":21000,"href":"https:\/\/iapmt.org\/vi\/wp-json\/wp\/v2\/pages\/19819\/revisions\/21000"}],"wp:attachment":[{"href":"https:\/\/iapmt.org\/vi\/wp-json\/wp\/v2\/media?parent=19819"}],"wp:term":[{"taxonomy":"kind","embeddable":true,"href":"https:\/\/iapmt.org\/vi\/wp-json\/wp\/v2\/kind?post=19819"}],"curies":[{"name":"wp","href":"https:\/\/api.w.org\/{rel}","templated":true}]}}