{"id":19632,"date":"2024-07-28T19:46:35","date_gmt":"2024-07-28T19:46:35","guid":{"rendered":"https:\/\/iapmt.org\/dem-gala-tai-carnegie-hall\/"},"modified":"2026-02-05T06:09:54","modified_gmt":"2026-02-05T06:09:54","slug":"dem-gala-tai-carnegie-hall","status":"publish","type":"page","link":"https:\/\/iapmt.org\/vi\/dem-gala-tai-carnegie-hall\/","title":{"rendered":"\u0110\u00eam gala t\u1ea1i Carnegie Hall"},"content":{"rendered":"\n<div class=\"wp-block-cover alignfull\"><img loading=\"lazy\" decoding=\"async\" width=\"2560\" height=\"3840\" class=\"wp-block-cover__image-background wp-image-17878\" alt=\"\" src=\"https:\/\/iapmt.org\/media\/IAPMT-Shiny-Cover.jpg\" data-object-fit=\"cover\" srcset=\"https:\/\/iapmt.org\/media\/IAPMT-Shiny-Cover.jpg 2560w, https:\/\/iapmt.org\/media\/IAPMT-Shiny-Cover-768x1152.jpg 768w, https:\/\/iapmt.org\/media\/IAPMT-Shiny-Cover-1024x1536.jpg 1024w, https:\/\/iapmt.org\/media\/IAPMT-Shiny-Cover-1365x2048.jpg 1365w\" sizes=\"auto, (max-width: 2560px) 100vw, 2560px\" \/><span aria-hidden=\"true\" class=\"wp-block-cover__background has-background-dim-0 has-background-dim\" style=\"background-color:#424057\"><\/span><div class=\"wp-block-cover__inner-container is-layout-flow wp-block-cover-is-layout-flow\">\n<div style=\"height:75px\" aria-hidden=\"true\" class=\"wp-block-spacer\"><\/div>\n\n\n\n<figure class=\"wp-block-image size-full has-custom-border\"><img loading=\"lazy\" decoding=\"async\" width=\"1200\" height=\"1680\" src=\"https:\/\/iapmt.org\/media\/IAPMT-Gala-Night-at-Carnegie-Winter-2026-Poster-web.jpg\" alt=\"\" class=\"wp-image-19279\" style=\"border-radius:25px\" srcset=\"https:\/\/iapmt.org\/media\/IAPMT-Gala-Night-at-Carnegie-Winter-2026-Poster-web.jpg 1200w, https:\/\/iapmt.org\/media\/IAPMT-Gala-Night-at-Carnegie-Winter-2026-Poster-web-768x1075.jpg 768w, https:\/\/iapmt.org\/media\/IAPMT-Gala-Night-at-Carnegie-Winter-2026-Poster-web-1097x1536.jpg 1097w\" sizes=\"auto, (max-width: 1200px) 100vw, 1200px\" \/><\/figure>\n<\/div><\/div>\n\n<div style=\"height:25px\" aria-hidden=\"true\" class=\"wp-block-spacer\"><\/div>\n\n<p>Chu\u1ed7i h\u00f2a nh\u1ea1c \u0110\u00eam Gala IAPMT mang \u0111\u1ebfn c\u01a1 h\u1ed9i v\u00f4 song cho c\u00e1c nh\u1ea1c s\u0129 bi\u1ec3u di\u1ec5n tr\u00ean m\u1ed9t trong nh\u1eefng s\u00e2n kh\u1ea5u thi\u00eang li\u00eang nh\u1ea5t th\u1ebf gi\u1edbi: Weill Recital Hall t\u1ea1i Carnegie Hall. T\u1ecda l\u1ea1c t\u1ea1i t\u1ea7ng ba c\u1ee7a Carnegie Hall huy\u1ec1n tho\u1ea1i, \u0111\u1ecba \u0111i\u1ec3m \u1ea5m c\u00fang v\u1edbi 268 ch\u1ed7 ng\u1ed3i n\u00e0y l\u00e0 m\u1ed9t ki\u1ec7t t\u00e1c thi\u1ebft k\u1ebf Belle Epoque, n\u1ed5i ti\u1ebfng v\u1edbi \u00e2m thanh tuy\u1ec7t h\u1ea3o v\u00e0 t\u1ef7 l\u1ec7 thanh l\u1ecbch. Bi\u1ec3u di\u1ec5n t\u1ea1i \u0111\u00e2y s\u1ebd \u0111\u1eb7t b\u1ea1n v\u00e0o v\u1ecb tr\u00ed c\u1ee7a v\u00f4 s\u1ed1 huy\u1ec1n tho\u1ea1i \u00e2m nh\u1ea1c, t\u1ea1o n\u00ean m\u1ed9t tr\u1ea3i nghi\u1ec7m th\u1ef1c s\u1ef1 kh\u00f3 qu\u00ean.  <\/p>\n\n<p>Ngo\u00e0i s\u00e2n kh\u1ea5u h\u00f2a nh\u1ea1c, c\u00e1c th\u00e0nh vi\u00ean tham gia \u0111\u01b0\u1ee3c m\u1eddi tr\u1ea3i nghi\u1ec7m n\u0103ng l\u01b0\u1ee3ng s\u00f4i \u0111\u1ed9ng c\u1ee7a th\u00e0nh ph\u1ed1 New York. H\u00e3y t\u1eadn d\u1ee5ng nhi\u1ec1u kho t\u00e0ng v\u0103n h\u00f3a c\u1ee7a th\u00e0nh ph\u1ed1, t\u1eeb vi\u1ec7c kh\u00e1m ph\u00e1 c\u00e1c b\u1ed9 s\u01b0u t\u1eadp \u0111\u1eb3ng c\u1ea5p th\u1ebf gi\u1edbi t\u1ea1i B\u1ea3o t\u00e0ng Ngh\u1ec7 thu\u1eadt Metropolitan v\u00e0 B\u1ea3o t\u00e0ng Ngh\u1ec7 thu\u1eadt Hi\u1ec7n \u0111\u1ea1i \u0111\u1ebfn tr\u1ea3i nghi\u1ec7m \u00e1nh \u0111\u00e8n r\u1ef1c r\u1ee1 c\u1ee7a Times Square v\u00e0 v\u1ebb \u0111\u1eb9p thanh b\u00ecnh c\u1ee7a Central Park. \u0110\u1ed1i v\u1edbi nh\u1eefng ai y\u00eau th\u00edch l\u1ecbch s\u1eed, chuy\u1ebfn th\u0103m T\u01b0\u1ee3ng N\u1eef th\u1ea7n T\u1ef1 do v\u00e0 \u0111\u1ea3o Ellis l\u00e0 \u0111i\u1ec1u kh\u00f4ng th\u1ec3 b\u1ecf qua, trong khi nh\u1eefng ng\u01b0\u1eddi \u0111am m\u00ea ki\u1ebfn tr\u00fac s\u1ebd b\u1ecb m\u00ea ho\u1eb7c b\u1edfi c\u00e1c \u0111\u1ecba danh bi\u1ec3u t\u01b0\u1ee3ng nh\u01b0 T\u00f2a nh\u00e0 Empire State v\u00e0 Grand Central Terminal.  <\/p>\n\n<p>\u0110\u1ec3 \u0111\u1ea3m b\u1ea3o b\u1ea1n \u0111\u01b0\u1ee3c chu\u1ea9n b\u1ecb \u0111\u1ea7y \u0111\u1ee7 cho bu\u1ed5i bi\u1ec3u di\u1ec5n quan tr\u1ecdng, IAPMT cung c\u1ea5p quy\u1ec1n truy c\u1eadp v\u00e0o nhi\u1ec1u ph\u00f2ng t\u1eadp g\u1ea7n \u0111\u00f3. V\u1edbi nhi\u1ec1u kh\u00f4ng gian t\u1eadp chuy\u00ean nghi\u1ec7p \u0111\u01b0\u1ee3c \u0111\u1eb7t thu\u1eadn ti\u1ec7n g\u1ea7n Carnegie Hall, b\u1ea1n s\u1ebd c\u00f3 nhi\u1ec1u c\u01a1 h\u1ed9i \u0111\u1ec3 r\u00e8n luy\u1ec7n k\u1ef9 n\u0103ng trong m\u00f4i tr\u01b0\u1eddng t\u1eadp trung v\u00e0 chuy\u00ean d\u1ee5ng tr\u01b0\u1edbc khi b\u01b0\u1edbc l\u00ean s\u00e2n kh\u1ea5u th\u1ebf gi\u1edbi. <\/p>\n\n<p>\u0110\u1ec3 k\u1ef7 ni\u1ec7m th\u00e0nh t\u1ef1u mang t\u00ednh b\u01b0\u1edbc ngo\u1eb7t n\u00e0y, d\u1ecbch v\u1ee5 ch\u1ee5p \u1ea3nh ch\u00e2n dung v\u00e0 nh\u00f3m chuy\u00ean nghi\u1ec7p s\u1ebd c\u00f3 s\u1eb5n trong su\u1ed1t qu\u00e1 tr\u00ecnh t\u1eadp d\u01b0\u1ee3t v\u00e0 bi\u1ec3u di\u1ec5n tr\u1ef1c ti\u1ebfp. T\u1eeb nh\u1eefng b\u1ee9c \u1ea3nh t\u1ef1 nhi\u00ean ghi l\u1ea1i c\u01b0\u1eddng \u0111\u1ed9 c\u1ee7a nh\u1eefng chu\u1ea9n b\u1ecb cu\u1ed1i c\u00f9ng \u0111\u1ebfn nh\u1eefng b\u1ee9c ch\u00e2n dung tuy\u1ec7t \u0111\u1eb9p v\u00e0 \u1ea3nh nh\u00f3m tr\u00ean s\u00e2n kh\u1ea5u l\u1ecbch s\u1eed, nh\u1eefng h\u00ecnh \u1ea3nh ch\u1ea5t l\u01b0\u1ee3ng cao n\u00e0y s\u1ebd l\u00e0 minh ch\u1ee9ng l\u00e2u d\u00e0i cho h\u00e0nh tr\u00ecnh \u00e2m nh\u1ea1c c\u1ee7a b\u1ea1n v\u00e0 th\u1eddi gian t\u1ea1i Carnegie Hall. \u0110\u00e2y kh\u00f4ng ch\u1ec9 l\u00e0 m\u1ed9t bu\u1ed5i h\u00f2a nh\u1ea1c; \u0111\u00e2y l\u00e0 m\u1ed9t tr\u1ea3i nghi\u1ec7m ho\u00e0n ch\u1ec9nh, \u0111\u1ecbnh h\u00ecnh s\u1ef1 nghi\u1ec7p \u0111\u01b0\u1ee3c thi\u1ebft k\u1ebf \u0111\u1ec3 t\u00f4n vinh t\u00e0i n\u0103ng v\u00e0 \u0111am m\u00ea c\u1ee7a b\u1ea1n t\u1ea1i trung t\u00e2m th\u00e0nh ph\u1ed1 New York.  <\/p>\n\n<p>Chuy\u1ebfn tham quan c\u00e1c tr\u01b0\u1eddng \u0110\u1ea1i h\u1ecdc Ivy League: Tr\u1ea3i nghi\u1ec7m h\u00e0nh tr\u00ecnh gi\u00e1o d\u1ee5c kh\u00f3 qu\u00ean qua c\u00e1c tr\u01b0\u1eddng \u0111\u1ea1i h\u1ecdc h\u00e0ng \u0111\u1ea7u c\u1ee7a Ivy League t\u1ea1i M\u1ef9! Chuy\u1ebfn tham quan b\u1ed1n ng\u00e0y t\u1ea1i B\u1edd \u0110\u00f4ng n\u00e0y \u0111\u01b0a sinh vi\u00ean \u0111\u1ebfn Yale, Brown, Harvard, MIT, Princeton v\u00e0 UPenn \u0111\u1ec3 tham gia c\u00e1c chuy\u1ebfn tham quan khu\u00f4n vi\u00ean \u0111\u1ed9c quy\u1ec1n do sinh vi\u00ean d\u1eabn d\u1eaft v\u00e0 c\u00e1c bu\u1ed5i h\u1ecfi \u0111\u00e1p. Ng\u01b0\u1eddi tham gia s\u1ebd kh\u00e1m ph\u00e1 c\u00e1c th\u00e0nh ph\u1ed1 l\u1ecbch s\u1eed, \u0111i b\u1ed9 tr\u00ean Boston Freedom Trail, tham quan c\u00e1c \u0111\u1ecba danh mang t\u00ednh bi\u1ec3u t\u01b0\u1ee3ng v\u00e0 kh\u00e1m ph\u00e1 cu\u1ed9c s\u1ed1ng th\u1ef1c s\u1ef1 t\u1ea1i c\u00e1c tr\u01b0\u1eddng \u0111\u1ea1i h\u1ecdc n\u1ed5i ti\u1ebfng th\u1ebf gi\u1edbi.  <\/p>\n\n<p>V\u1edbi vi\u1ec7c s\u1eafp x\u1ebfp di chuy\u1ec3n li\u1ec1n m\u1ea1ch, ch\u1ed7 \u1edf ch\u1ea5t l\u01b0\u1ee3ng v\u00e0 c\u00e1c t\u01b0\u01a1ng t\u00e1c h\u1ecdc thu\u1eadt phong ph\u00fa, ch\u01b0\u01a1ng tr\u00ecnh n\u00e0y mang \u0111\u1ebfn c\u01a1 h\u1ed9i hi\u1ebfm c\u00f3 cho sinh vi\u00ean \u0111\u1ec3 c\u00f3 \u0111\u01b0\u1ee3c c\u00e1i nh\u00ecn th\u1ef1c t\u1ebf v\u1ec1 vi\u1ec7c tuy\u1ec3n sinh \u0111\u1ea1i h\u1ecdc M\u1ef9 v\u00e0 m\u00f4i tr\u01b0\u1eddng khu\u00f4n vi\u00ean. Ho\u00e0n h\u1ea3o cho nh\u1eefng ng\u01b0\u1eddi h\u1ecdc t\u1eadp c\u00f3 \u0111\u1ed9ng l\u1ef1c, nh\u1eefng \u1ee9ng vi\u00ean t\u01b0\u01a1ng lai ho\u1eb7c b\u1ea5t k\u1ef3 ai mu\u1ed1n kh\u00e1m ph\u00e1 trung t\u00e2m c\u1ee7a gi\u00e1o d\u1ee5c \u0111\u1ea1i h\u1ecdc M\u1ef9. <\/p>\n\n<div class=\"wp-block-pb-accordion-item c-accordion__item js-accordion-item no-js is-open\" data-initially-open=\"true\" data-click-to-close=\"true\" data-auto-close=\"true\" data-scroll=\"true\" data-scroll-offset=\"0\"><h2 id=\"at-124150\" class=\"c-accordion__title js-accordion-controller\" role=\"button\">Application<\/h2><div id=\"ac-124150\" class=\"c-accordion__content\">\n<ul class=\"wp-block-list\">\n<li>Vui l\u00f2ng truy c\u1eadp <a href=\"https:\/\/iapmt.org\/event-registration\/\" data-type=\"page\" data-id=\"3691\">\u0110\u0103ng k\u00fd S\u1ef1 ki\u1ec7n<\/a> \u0111\u1ec3 \u0111\u0103ng k\u00fd tham gia s\u1ef1 ki\u1ec7n n\u00e0y.<\/li>\n\n\n\n<li>\u0110\u1ec3 \u0111\u1ee7 \u0111i\u1ec1u ki\u1ec7n \u0111\u0103ng k\u00fd h\u00f2a nh\u1ea1c \u0110\u00eam Gala, ng\u01b0\u1eddi tham gia ph\u1ea3i \u0111\u1ea1t \u0111i\u1ec3m cao nh\u1ea5t trong m\u1ed9t trong c\u00e1c cu\u1ed9c thi Grand Concours g\u1ea7n \u0111\u00e2y c\u1ee7a ch\u00fang t\u00f4i. Khi \u0111\u00e1p \u1ee9ng ti\u00eau ch\u00ed n\u00e0y, n\u00fat \u0111\u0103ng k\u00fd s\u1ebd t\u1ef1 \u0111\u1ed9ng xu\u1ea5t hi\u1ec7n khi b\u1ea1n \u0111\u0103ng nh\u1eadp v\u00e0 truy c\u1eadp ph\u1ea7n \u0110\u0103ng k\u00fd S\u1ef1 ki\u1ec7n. <\/li>\n\n\n\n<li>\u0110\u1ed1i v\u1edbi nh\u1eefng ai ch\u01b0a \u0111\u1ee7 \u0111i\u1ec1u ki\u1ec7n tham gia s\u1ef1 ki\u1ec7n Carnegie Hall, c\u00f3 c\u01a1 h\u1ed9i thay th\u1ebf th\u00f4ng qua Carnegie Auditions. C\u00e1c bu\u1ed5i th\u1eed gi\u1ecdng n\u00e0y, \u0111\u01b0\u1ee3c th\u1ef1c hi\u1ec7n qua video tr\u1ef1c tuy\u1ebfn, m\u1edf cho t\u1ea5t c\u1ea3 th\u00ed sinh v\u00e0 gi\u1ea3ng vi\u00ean. Khi video c\u1ee7a b\u1ea1n \u0111\u01b0\u1ee3c xem x\u00e9t v\u00e0 ph\u00ea duy\u1ec7t, b\u1ea1n s\u1ebd ngay l\u1eadp t\u1ee9c \u0111\u1ee7 \u0111i\u1ec1u ki\u1ec7n \u0111\u0103ng k\u00fd h\u00f2a nh\u1ea1c.  <\/li>\n<\/ul>\n<\/div><\/div>\n\n<div class=\"wp-block-pb-accordion-item c-accordion__item js-accordion-item no-js is-open\" data-initially-open=\"true\" data-click-to-close=\"true\" data-auto-close=\"true\" data-scroll=\"true\" data-scroll-offset=\"0\"><h2 id=\"at-124153\" class=\"c-accordion__title js-accordion-controller\" role=\"button\">Ivy League College Tour Schedule<\/h2><div id=\"ac-124153\" class=\"c-accordion__content\">\n<ul class=\"wp-block-list\">\n<li><strong>Ng\u00e0y 1 &#8211; 19 th\u00e1ng 1<\/strong><\/li>\n\n\n\n<li><strong>New Haven<\/strong><ul><li>Sau b\u1eefa s\u00e1ng t\u1ea1i kh\u00e1ch s\u1ea1n, di chuy\u1ec3n \u0111\u1ebfn New Haven.<\/li><\/ul><ul><li><strong>Ho\u1ea1t \u0111\u1ed9ng<\/strong>: Tham quan \u0110\u1ea1i h\u1ecdc Yale, tham quan khu\u00f4n vi\u00ean do sinh vi\u00ean hi\u1ec7n t\u1ea1i d\u1eabn d\u1eaft v\u00e0 bu\u1ed5i h\u1ecfi \u0111\u00e1p.<\/li><\/ul>\n<ul class=\"wp-block-list\">\n<li>Sau b\u1eefa tr\u01b0a, di chuy\u1ec3n \u0111\u1ebfn Providence, Rhode Island.<\/li>\n<\/ul>\n<\/li>\n\n\n\n<li><strong>Providence<\/strong><ul><li><strong>Ho\u1ea1t \u0111\u1ed9ng<\/strong>: Tham quan \u0110\u1ea1i h\u1ecdc Brown, tham quan khu\u00f4n vi\u00ean do sinh vi\u00ean hi\u1ec7n t\u1ea1i d\u1eabn d\u1eaft v\u00e0 bu\u1ed5i h\u1ecfi \u0111\u00e1p.<\/li><\/ul><ul><li>Sau b\u1eefa t\u1ed1i, di chuy\u1ec3n \u0111\u1ebfn Boston.<\/li><\/ul>\n<ul class=\"wp-block-list\">\n<li>Sau b\u1eefa t\u1ed1i, di chuy\u1ec3n \u0111\u1ebfn kh\u00e1ch s\u1ea1n, l\u00e0m th\u1ee7 t\u1ee5c nh\u1eadn ph\u00f2ng v\u00e0 ngh\u1ec9 ng\u01a1i.<\/li>\n<\/ul>\n<\/li>\n\n\n\n<li>KH\u00c1CH S\u1ea0N: Hampton Inn Boston\/Natick<\/li>\n\n\n\n<li><strong>Ng\u00e0y 2 &#8211; 20 th\u00e1ng 1<\/strong><\/li>\n\n\n\n<li><strong>Boston<\/strong><ul><li>Sau b\u1eefa s\u00e1ng t\u1ea1i kh\u00e1ch s\u1ea1n, di chuy\u1ec3n \u0111\u1ebfn Boston.<\/li><\/ul><ul><li><strong>Ho\u1ea1t \u0111\u1ed9ng<\/strong>:<ul><li>Tham quan \u0110\u1ea1i h\u1ecdc Harvard, tham quan khu\u00f4n vi\u00ean do sinh vi\u00ean hi\u1ec7n t\u1ea1i d\u1eabn d\u1eaft v\u00e0 bu\u1ed5i h\u1ecfi \u0111\u00e1p.<\/li><\/ul><ul><li>Tham quan MIT, tham quan khu\u00f4n vi\u00ean do sinh vi\u00ean hi\u1ec7n t\u1ea1i d\u1eabn d\u1eaft v\u00e0 bu\u1ed5i h\u1ecfi \u0111\u00e1p.<\/li><\/ul><\/li><\/ul><ul><li>Sau b\u1eefa tr\u01b0a, t\u1eadn h\u01b0\u1edfng chuy\u1ebfn tham quan \u0111i b\u1ed9 Boston Freedom Trail.<\/li><\/ul><ul><li>Tham quan Quincy Market, m\u1ed9t khu ch\u1ee3 l\u1ecbch s\u1eed v\u1edbi truy\u1ec1n th\u1ed1ng 170 n\u0103m.<\/li><\/ul>\n<ul class=\"wp-block-list\">\n<li>T\u1eadn h\u01b0\u1edfng chuy\u1ebfn tham quan b\u1eb1ng xe qua Boston Common, State House, Park Street Church, Trinity Church, Old South Church, Great Hall v\u00e0 City Hall.<\/li>\n<\/ul>\n<\/li>\n\n\n\n<li><strong>New York<\/strong><ul><li>Di chuy\u1ec3n \u0111\u1ebfn New York (kho\u1ea3ng 4 gi\u1edd 30 ph\u00fat).<\/li><\/ul>\n<ul class=\"wp-block-list\">\n<li>Sau b\u1eefa t\u1ed1i, di chuy\u1ec3n \u0111\u1ebfn kh\u00e1ch s\u1ea1n, l\u00e0m th\u1ee7 t\u1ee5c nh\u1eadn ph\u00f2ng v\u00e0 ngh\u1ec9 ng\u01a1i.<\/li>\n<\/ul>\n<\/li>\n\n\n\n<li>KH\u00c1CH S\u1ea0N: Double Tree by Hilton Hotel <\/li>\n\n\n\n<li><strong>Ng\u00e0y 3 &#8211; 21 th\u00e1ng 1<\/strong><\/li>\n\n\n\n<li><strong>New York<\/strong>\n<ul class=\"wp-block-list\">\n<li>Sau b\u1eefa s\u00e1ng t\u1ea1i kh\u00e1ch s\u1ea1n, di chuy\u1ec3n \u0111\u1ebfn Princeton.<\/li>\n<\/ul>\n<\/li>\n\n\n\n<li><strong>Princeton<\/strong><ul><li><strong>Ho\u1ea1t \u0111\u1ed9ng<\/strong>: Tham quan \u0110\u1ea1i h\u1ecdc Princeton, tham quan khu\u00f4n vi\u00ean do sinh vi\u00ean hi\u1ec7n t\u1ea1i d\u1eabn d\u1eaft v\u00e0 bu\u1ed5i h\u1ecfi \u0111\u00e1p.<\/li><\/ul><ul><li>Sau chuy\u1ebfn tham quan, di chuy\u1ec3n \u0111\u1ebfn Philadelphia \u0111\u1ec3 \u0103n tr\u01b0a.<\/li><\/ul>\n<ul class=\"wp-block-list\">\n<li><strong>B\u1eefa tr\u01b0a<\/strong>: Th\u1eddi gian t\u1ef1 do \u0111\u1ec3 kh\u00e1m ph\u00e1 v\u00e0 \u0103n tr\u01b0a t\u1ef1 t\u00fac (Cung c\u1ea5p ti\u1ec1n m\u1eb7t $25).<\/li>\n<\/ul>\n<\/li>\n\n\n\n<li><strong>\u0110\u1ea1i h\u1ecdc Pennsylvania (U Penn)<\/strong><ul><li><strong>Ho\u1ea1t \u0111\u1ed9ng<\/strong>: Tham quan \u0110\u1ea1i h\u1ecdc Pennsylvania, tham quan khu\u00f4n vi\u00ean do sinh vi\u00ean hi\u1ec7n t\u1ea1i d\u1eabn d\u1eaft v\u00e0 bu\u1ed5i h\u1ecfi \u0111\u00e1p.<\/li><\/ul>\n<ul class=\"wp-block-list\">\n<li><strong>L\u01b0u \u00fd<\/strong>: B\u1eefa tr\u01b0a s\u1ebd \u0111\u01b0\u1ee3c cung c\u1ea5p t\u1ea1i c\u0103ng tin khu\u00f4n vi\u00ean theo s\u1ef1 l\u1ef1a ch\u1ecdn t\u1ef1 do, v\u1edbi h\u01b0\u1edbng d\u1eabn vi\u00ean cung c\u1ea5p cho m\u1ed7i ng\u01b0\u1eddi tham gia $20.<br\/>(Trong tr\u01b0\u1eddng h\u1ee3p c\u00f3 s\u1ef1 ki\u1ec7n \u0111\u1eb7c bi\u1ec7t ho\u1eb7c l\u1ecbch tr\u00ecnh sau gi\u1edd h\u1ecdc t\u1ea1i tr\u01b0\u1eddng \u0111\u1ea1i h\u1ecdc, b\u1eefa \u0103n c\u00f3 th\u1ec3 \u0111\u01b0\u1ee3c s\u1eafp x\u1ebfp b\u00ean ngo\u00e0i.)<\/li>\n<\/ul>\n<\/li>\n\n\n\n<li><strong>New Jersey<\/strong><ul><li>Di chuy\u1ec3n \u0111\u1ebfn New Jersey.<\/li><\/ul>\n<ul class=\"wp-block-list\">\n<li>Sau b\u1eefa t\u1ed1i, di chuy\u1ec3n \u0111\u1ebfn kh\u00e1ch s\u1ea1n, l\u00e0m th\u1ee7 t\u1ee5c nh\u1eadn ph\u00f2ng v\u00e0 ngh\u1ec9 ng\u01a1i.<\/li>\n<\/ul>\n<\/li>\n\n\n\n<li>KH\u00c1CH S\u1ea0N: Double Tree by Hilton Hotel <\/li>\n\n\n\n<li><strong>Ng\u00e0y 4 &#8211; 22 th\u00e1ng 1<\/strong><\/li>\n\n\n\n<li> \u00b7 <strong>G\u1eb7p g\u1ee1 v\u1edbi h\u01b0\u1edbng d\u1eabn vi\u00ean, sau \u0111\u00f3 tham gia chuy\u1ebfn tham quan theo ch\u1ee7 \u0111\u1ec1 New York<\/strong><\/li>\n\n\n\n<li><strong>Chuy\u1ebfn tham quan \u0111i b\u1ed9 8 \u0111i\u1ec3m tham quan h\u00e0ng \u0111\u1ea7u c\u1ee7a Manhattan New York<\/strong><ul><li>Lincoln Center, trung t\u00e2m ngh\u1ec7 thu\u1eadt bi\u1ec3u di\u1ec5n n\u1ed5i ti\u1ebfng th\u1ebf gi\u1edbi (tham quan b\u00ean ngo\u00e0i)<\/li><\/ul><ul><li>Tr\u01b0\u1eddng Juilliard, n\u1ed5i ti\u1ebfng v\u1edbi vi\u1ec7c \u0111\u00e0o t\u1ea1o c\u00e1c nh\u1ea1c s\u0129 v\u00e0 ngh\u1ec7 s\u0129 t\u00e0i n\u0103ng (tham quan b\u00ean ngo\u00e0i)<\/li><\/ul><ul><li>The Dakota, m\u1ed9t c\u0103n h\u1ed9 sang tr\u1ecdng l\u1ecbch s\u1eed g\u1ea7n Central Park, n\u01a1i John Lennon t\u1eebng s\u1ed1ng (tham quan b\u00ean ngo\u00e0i)<\/li><\/ul><ul><li>Strawberry Fields &amp; Imagine, m\u1ed9t \u0111\u00e0i t\u01b0\u1edfng ni\u1ec7m mosaic t\u1ea1i Central Park \u0111\u1ec3 t\u00f4n vinh John Lennon v\u00e0 t\u01b0\u1ee3ng tr\u01b0ng cho h\u00f2a b\u00ecnh<\/li><\/ul><ul><li>Little Island, m\u1ed9t h\u00f2n \u0111\u1ea3o xanh nh\u00e2n t\u1ea1o tr\u00ean s\u00f4ng Hudson, n\u1eb1m trong Manhattan<\/li><\/ul><ul><li>Chuy\u1ebfn tham quan \u0111i b\u1ed9 Hudson Yards, trung t\u00e2m m\u1edbi n\u1ed5i c\u1ee7a Manhattan, v\u00e0 tham quan b\u00ean ngo\u00e0i c\u1ea5u tr\u00fac h\u00ecnh t\u1ed5 ong \u0111\u1ed9c \u0111\u00e1o, the Vessel<\/li><\/ul><ul><li>The High Line Park, m\u1ed9t c\u00f4ng vi\u00ean tr\u00ean cao \u0111\u00e3 truy\u1ec1n c\u1ea3m h\u1ee9ng cho &#8220;Seoul 7017&#8221; c\u1ee7a Seoul<\/li><\/ul>\n<ul class=\"wp-block-list\">\n<li>Starbucks Reserve Roastery New York, m\u1ed9t trong ch\u1ec9 s\u00e1u \u0111\u1ecba \u0111i\u1ec3m tr\u00ean to\u00e0n th\u1ebf gi\u1edbi<\/li>\n<\/ul>\n<\/li>\n\n\n\n<li>\u00b7 <strong>K\u1ebft th\u00fac chuy\u1ebfn tham quan<\/strong>: \u0110\u01b0a \u0111\u00f3n s\u00e2n bay<\/li>\n<\/ul>\n<\/div><\/div>\n\n<div class=\"wp-block-pb-accordion-item c-accordion__item js-accordion-item no-js\" data-initially-open=\"false\" data-click-to-close=\"true\" data-auto-close=\"true\" data-scroll=\"true\" data-scroll-offset=\"0\"><h2 id=\"at-124151\" class=\"c-accordion__title js-accordion-controller\" role=\"button\">Schedule<\/h2><div id=\"ac-124151\" class=\"c-accordion__content\">\n<h3 class=\"wp-block-heading\">M\u00f9a \u0111\u00f4ng 2026<\/h3>\n\n\n\n<ul class=\"wp-block-list\">\n<li>Th\u1ee9 B\u1ea3y, ng\u00e0y 17 th\u00e1ng 1 n\u0103m 2026 \u2022 1:00 chi\u1ec1u \u2022 Novice v\u00e0 Standard<\/li>\n\n\n\n<li>Ch\u1ee7 Nh\u1eadt, ng\u00e0y 18 th\u00e1ng 1 n\u0103m 2026 \u2022 7:30 t\u1ed1i \u2022 Expert v\u00e0 Virtuoso<\/li>\n\n\n\n<li>19-22 th\u00e1ng 1 \u2022 Chuy\u1ebfn tham quan \u0110\u1ea1i h\u1ecdc Ivy League \u2022 G\u00f3i tour n\u00e0y bao g\u1ed3m ch\u1ed7 \u1edf kh\u00e1ch s\u1ea1n, ba b\u1eefa \u0103n m\u1ed7i ng\u00e0y v\u00e0 t\u1ea5t c\u1ea3 ph\u01b0\u01a1ng ti\u1ec7n di chuy\u1ec3n m\u1eb7t \u0111\u1ea5t gi\u1eefa c\u00e1c th\u00e0nh ph\u1ed1. Ch\u00fang t\u00f4i s\u1ebd b\u1eaft \u0111\u1ea7u ch\u01b0\u01a1ng tr\u00ecnh t\u1ea1i New York v\u00e0o ng\u00e0y 19 th\u00e1ng 1, ngay sau bu\u1ed5i h\u00f2a nh\u1ea1c Carnegie. V\u00e0o ng\u00e0y cu\u1ed1i c\u00f9ng, 22 th\u00e1ng 1, ch\u00fang t\u00f4i s\u1ebd cung c\u1ea5p d\u1ecbch v\u1ee5 \u0111\u01b0a \u0111\u00f3n nh\u00f3m \u0111\u1ebfn s\u00e2n bay JFK, \u0111\u1ea3m b\u1ea3o r\u1eb1ng t\u1ea5t c\u1ea3 ng\u01b0\u1eddi tham gia c\u00f3 th\u1ec3 tho\u1ea3i m\u00e1i b\u1eaft c\u00e1c chuy\u1ebfn bay kh\u1edfi h\u00e0nh v\u00e0o kho\u1ea3ng 5:00 chi\u1ec1u. C\u00e1c tr\u01b0\u1eddng tham quan: \u2022 Tr\u01b0\u1eddng Juilliard \u2022 \u0110\u1ea1i h\u1ecdc Yale \u2022 \u0110\u1ea1i h\u1ecdc Brown \u2022 \u0110\u1ea1i h\u1ecdc Harvard \u2022 Vi\u1ec7n C\u00f4ng ngh\u1ec7 Massachusetts (MIT) \u2022 \u0110\u1ea1i h\u1ecdc Princeton \u2022 \u0110\u1ea1i h\u1ecdc Pennsylvania (UPenn)   <\/li>\n<\/ul>\n<\/div><\/div>\n\n<div class=\"wp-block-pb-accordion-item c-accordion__item js-accordion-item no-js\" data-initially-open=\"false\" data-click-to-close=\"true\" data-auto-close=\"true\" data-scroll=\"true\" data-scroll-offset=\"0\"><h2 id=\"at-124152\" class=\"c-accordion__title js-accordion-controller\" role=\"button\">Concert Showcase<\/h2><div id=\"ac-124152\" class=\"c-accordion__content\">\n<div class=\"inherit-container-width wp-block-group is-layout-constrained wp-container-core-group-is-layout-ed364b4e wp-block-group-is-layout-constrained\" style=\"padding-top:var(--wp--preset--spacing--30);padding-right:var(--wp--preset--spacing--30);padding-bottom:var(--wp--preset--spacing--30);padding-left:var(--wp--preset--spacing--30)\"><div class=\"wp-block-group__inner-container\">\n<ul class=\"wp-block-list\">\n<li>Th\u00f4ng tin v\u1ec1 c\u00e1c bu\u1ed5i h\u00f2a nh\u1ea1c gala tr\u01b0\u1edbc \u0111\u00e2y c\u1ee7a ch\u00fang t\u00f4i t\u1ea1i Carnegie Hall, bao g\u1ed3m poster, ch\u01b0\u01a1ng tr\u00ecnh v\u00e0 ti\u1ec3u s\u1eed c\u1ee7a c\u00e1c ngh\u1ec7 s\u0129 \u0111\u01b0\u1ee3c ch\u1ecdn, c\u00f3 th\u1ec3 \u0111\u01b0\u1ee3c t\u00ecm th\u1ea5y trong <a href=\"https:\/\/iapmt.org\/vi\/trien-lam-hoa-nhac\/\" data-type=\"page\" data-id=\"19099\">Tri\u1ec3n l\u00e3m H\u00f2a nh\u1ea1c<\/a> chuy\u00ean d\u1ee5ng c\u1ee7a ch\u00fang t\u00f4i.<\/li>\n<\/ul>\n<\/div><\/div>\n<\/div><\/div>\n","protected":false},"excerpt":{"rendered":"<p>Chu\u1ed7i h\u00f2a nh\u1ea1c \u0110\u00eam Gala IAPMT mang \u0111\u1ebfn c\u01a1 h\u1ed9i v\u00f4 song cho c\u00e1c nh\u1ea1c s\u0129 bi\u1ec3u di\u1ec5n tr\u00ean m\u1ed9t trong nh\u1eefng s\u00e2n kh\u1ea5u thi\u00eang li\u00eang nh\u1ea5t th\u1ebf gi\u1edbi: Weill Recital Hall t\u1ea1i Carnegie Hall. T\u1ecda l\u1ea1c t\u1ea1i t\u1ea7ng ba c\u1ee7a Carnegie Hall huy\u1ec1n tho\u1ea1i, \u0111\u1ecba \u0111i\u1ec3m \u1ea5m c\u00fang v\u1edbi 268 ch\u1ed7 ng\u1ed3i n\u00e0y l\u00e0 [&hellip;]<\/p>\n","protected":false},"author":2,"featured_media":0,"parent":0,"menu_order":0,"comment_status":"closed","ping_status":"closed","template":"","meta":{"_uag_custom_page_level_css":"","site-sidebar-layout":"default","site-content-layout":"","ast-site-content-layout":"normal-width-container","site-content-style":"unboxed","site-sidebar-style":"default","ast-global-header-display":"","ast-banner-title-visibility":"","ast-main-header-display":"","ast-hfb-above-header-display":"","ast-hfb-below-header-display":"","ast-hfb-mobile-header-display":"","site-post-title":"disabled","ast-breadcrumbs-content":"","ast-featured-img":"","footer-sml-layout":"","ast-disable-related-posts":"","theme-transparent-header-meta":"enabled","adv-header-id-meta":"","stick-header-meta":"","header-above-stick-meta":"","header-main-stick-meta":"","header-below-stick-meta":"","astra-migrate-meta-layouts":"default","ast-page-background-enabled":"default","ast-page-background-meta":{"desktop":{"background-color":"","background-image":"","background-repeat":"repeat","background-position":"center center","background-size":"auto","background-attachment":"scroll","background-type":"","background-media":"","overlay-type":"","overlay-color":"","overlay-opacity":"","overlay-gradient":""},"tablet":{"background-color":"","background-image":"","background-repeat":"repeat","background-position":"center center","background-size":"auto","background-attachment":"scroll","background-type":"","background-media":"","overlay-type":"","overlay-color":"","overlay-opacity":"","overlay-gradient":""},"mobile":{"background-color":"","background-image":"","background-repeat":"repeat","background-position":"center center","background-size":"auto","background-attachment":"scroll","background-type":"","background-media":"","overlay-type":"","overlay-color":"","overlay-opacity":"","overlay-gradient":""}},"ast-content-background-meta":{"desktop":{"background-color":"var(--ast-global-color-5)","background-image":"","background-repeat":"repeat","background-position":"center center","background-size":"auto","background-attachment":"scroll","background-type":"","background-media":"","overlay-type":"","overlay-color":"","overlay-opacity":"","overlay-gradient":""},"tablet":{"background-color":"var(--ast-global-color-5)","background-image":"","background-repeat":"repeat","background-position":"center center","background-size":"auto","background-attachment":"scroll","background-type":"","background-media":"","overlay-type":"","overlay-color":"","overlay-opacity":"","overlay-gradient":""},"mobile":{"background-color":"var(--ast-global-color-5)","background-image":"","background-repeat":"repeat","background-position":"center center","background-size":"auto","background-attachment":"scroll","background-type":"","background-media":"","overlay-type":"","overlay-color":"","overlay-opacity":"","overlay-gradient":""}},"footnotes":""},"kind":[],"class_list":["post-19632","page","type-page","status-publish","hentry"],"uagb_featured_image_src":{"full":false,"thumbnail":false,"medium":false,"medium_large":false,"large":false,"1536x1536":false,"2048x2048":false},"uagb_author_info":{"display_name":"William","author_link":"https:\/\/iapmt.org\/vi\/author\/william\/"},"uagb_comment_info":0,"uagb_excerpt":"Chu\u1ed7i h\u00f2a nh\u1ea1c \u0110\u00eam Gala IAPMT mang \u0111\u1ebfn c\u01a1 h\u1ed9i v\u00f4 song cho c\u00e1c nh\u1ea1c s\u0129 bi\u1ec3u di\u1ec5n tr\u00ean m\u1ed9t trong nh\u1eefng s\u00e2n kh\u1ea5u thi\u00eang li\u00eang nh\u1ea5t th\u1ebf gi\u1edbi: Weill Recital Hall t\u1ea1i Carnegie Hall. T\u1ecda l\u1ea1c t\u1ea1i t\u1ea7ng ba c\u1ee7a Carnegie Hall huy\u1ec1n tho\u1ea1i, \u0111\u1ecba \u0111i\u1ec3m \u1ea5m c\u00fang v\u1edbi 268 ch\u1ed7 ng\u1ed3i n\u00e0y l\u00e0&hellip;","_links":{"self":[{"href":"https:\/\/iapmt.org\/vi\/wp-json\/wp\/v2\/pages\/19632","targetHints":{"allow":["GET"]}}],"collection":[{"href":"https:\/\/iapmt.org\/vi\/wp-json\/wp\/v2\/pages"}],"about":[{"href":"https:\/\/iapmt.org\/vi\/wp-json\/wp\/v2\/types\/page"}],"author":[{"embeddable":true,"href":"https:\/\/iapmt.org\/vi\/wp-json\/wp\/v2\/users\/2"}],"replies":[{"embeddable":true,"href":"https:\/\/iapmt.org\/vi\/wp-json\/wp\/v2\/comments?post=19632"}],"version-history":[{"count":5,"href":"https:\/\/iapmt.org\/vi\/wp-json\/wp\/v2\/pages\/19632\/revisions"}],"predecessor-version":[{"id":20427,"href":"https:\/\/iapmt.org\/vi\/wp-json\/wp\/v2\/pages\/19632\/revisions\/20427"}],"wp:attachment":[{"href":"https:\/\/iapmt.org\/vi\/wp-json\/wp\/v2\/media?parent=19632"}],"wp:term":[{"taxonomy":"kind","embeddable":true,"href":"https:\/\/iapmt.org\/vi\/wp-json\/wp\/v2\/kind?post=19632"}],"curies":[{"name":"wp","href":"https:\/\/api.w.org\/{rel}","templated":true}]}}