{"id":19610,"date":"2025-08-25T14:54:38","date_gmt":"2025-08-25T14:54:38","guid":{"rendered":"https:\/\/iapmt.org\/cuoc-thi\/"},"modified":"2025-09-15T09:17:35","modified_gmt":"2025-09-15T09:17:35","slug":"cuoc-thi","status":"publish","type":"page","link":"https:\/\/iapmt.org\/vi\/cuoc-thi\/","title":{"rendered":"Cu\u1ed9c thi"},"content":{"rendered":"\n<h2 class=\"wp-block-heading\">Cu\u1ed9c thi IAPMT: s\u00e2n kh\u1ea5u d\u00e0nh cho m\u1ecdi Nh\u1ea1c s\u0129<\/h2>\n\n<p>C\u00e1c cu\u1ed9c thi c\u1ee7a ch\u00fang t\u00f4i \u0111\u01b0\u1ee3c thi\u1ebft k\u1ebf \u0111\u1ec3 cung c\u1ea5p n\u1ec1n t\u1ea3ng cho c\u00e1c nh\u1ea1c s\u0129 \u1edf m\u1ecdi l\u1ee9a tu\u1ed5i, tr\u00ecnh \u0111\u1ed9 k\u1ef9 n\u0103ng v\u00e0 qu\u1ed1c t\u1ecbch \u0111\u1ec3 th\u1ec3 hi\u1ec7n t\u00e0i n\u0103ng c\u1ee7a h\u1ecd. Ch\u00fang t\u00f4i cung c\u1ea5p nhi\u1ec1u h\u00ecnh th\u1ee9c thi \u0111\u1ea5u kh\u00e1c nhau, bao g\u1ed3m c\u1ea3 s\u1ef1 ki\u1ec7n tr\u1ef1c ti\u1ebfp, t\u1ea1i ch\u1ed7 v\u00e0 n\u1ed9p video tr\u1ef1c tuy\u1ebfn thu\u1eadn ti\u1ec7n, \u0111\u1ec3 ph\u00f9 h\u1ee3p v\u1edbi ng\u01b0\u1eddi tham gia t\u1eeb kh\u1eafp n\u01a1i tr\u00ean th\u1ebf gi\u1edbi. C\u00e1c cu\u1ed9c thi c\u1ee7a ch\u00fang t\u00f4i c\u00f3 nhi\u1ec1u h\u1ea1ng m\u1ee5c v\u00e0 m\u1edf c\u1eeda cho nhi\u1ec1u lo\u1ea1i nh\u1ea1c c\u1ee5 v\u00e0 th\u1ec3 lo\u1ea1i.  <\/p>\n\n<p>\u0110\u1ec3 \u0111\u1ea3m b\u1ea3o tr\u1ea3i nghi\u1ec7m c\u00f4ng b\u1eb1ng v\u00e0 phong ph\u00fa, ng\u01b0\u1eddi tham gia \u0111\u01b0\u1ee3c ph\u00e2n nh\u00f3m theo \u0111\u1ed9 tu\u1ed5i v\u00e0 tr\u00ecnh \u0111\u1ed9 h\u1ecdc v\u1ea5n v\u00e0 c\u00f3 th\u1ec3 thi \u0111\u1ea5u qua b\u1ed1n c\u1ea5p \u0111\u1ed9 kh\u00f3: Ng\u01b0\u1eddi m\u1edbi b\u1eaft \u0111\u1ea7u, Ti\u00eau chu\u1ea9n, Chuy\u00ean gia v\u00e0 B\u1eadc th\u1ea7y. Ch\u00fang t\u00f4i tin t\u01b0\u1edfng v\u00e0o vi\u1ec7c t\u00f4n vinh h\u00e0nh tr\u00ecnh c\u1ee7a m\u1ecdi nh\u1ea1c s\u0129, t\u1eeb ng\u01b0\u1eddi m\u1edbi b\u1eaft \u0111\u1ea7u \u0111\u1ebfn nh\u1eefng ng\u01b0\u1eddi bi\u1ec3u di\u1ec5n c\u00f3 t\u00ednh c\u1ea1nh tranh cao. <\/p>\n\n<p>Ch\u00fang t\u00f4i cung c\u1ea5p m\u1ed9t lo\u1ea1t c\u00e1c gi\u1ea3i th\u01b0\u1edfng danh gi\u00e1 \u0111\u1ec3 ghi nh\u1eadn nh\u1eefng th\u00e0nh t\u00edch xu\u1ea5t s\u1eafc. C\u00e1c gi\u1ea3i th\u01b0\u1edfng th\u01b0\u1eddng bao g\u1ed3m Gi\u1ea3i th\u01b0\u1edfng L\u1edbn To\u00e0n di\u1ec7n, gi\u1ea3i th\u01b0\u1edfng ti\u1ec1n m\u1eb7t cho nh\u1eefng ng\u01b0\u1eddi bi\u1ec3u di\u1ec5n h\u00e0ng \u0111\u1ea7u \u1edf c\u1ea5p \u0111\u1ed9 B\u1eadc th\u1ea7y, v\u00e0 c\u00e1c gi\u1ea3i th\u01b0\u1edfng phi ti\u1ec1n m\u1eb7t c\u00f3 gi\u00e1 tr\u1ecb nh\u01b0 Phi\u1ebfu Gi\u1ea3i th\u01b0\u1edfng Bi\u1ec3u di\u1ec5n H\u00f2a nh\u1ea1c v\u00e0 h\u1ecdc b\u1ed5ng. Nh\u1eefng ng\u01b0\u1eddi chi\u1ebfn th\u1eafng th\u01b0\u1eddng \u0111\u01b0\u1ee3c m\u1eddi bi\u1ec3u di\u1ec5n t\u1ea1i c\u00e1c \u0111\u1ecba \u0111i\u1ec3m n\u1ed5i ti\u1ebfng th\u1ebf gi\u1edbi nh\u01b0 Weill Recital Hall t\u1ea1i Carnegie Hall v\u00e0 trong c\u00e1c chuy\u1ebfn l\u01b0u di\u1ec5n h\u00f2a nh\u1ea1c qu\u1ed1c t\u1ebf \u1edf ch\u00e2u \u00c1 v\u00e0 ch\u00e2u \u00c2u.  <\/p>\n\n<p>Cam k\u1ebft c\u1ee7a ch\u00fang t\u00f4i v\u1ec1 t\u00ednh bao tr\u00f9m \u0111\u01b0\u1ee3c th\u1ec3 hi\u1ec7n trong c\u00e1c s\u1ef1 ki\u1ec7n nh\u01b0 L\u1ec5 h\u1ed9i \u00c2m nh\u1ea1c d\u00e0nh cho Nh\u1ea1c s\u0129 Khuy\u1ebft t\u1eadt, mi\u1ec5n ph\u00ed tham gia v\u00e0 t\u00f4n vinh nh\u1eefng t\u00e0i n\u0103ng \u0111\u1ed9c \u0111\u00e1o c\u1ee7a c\u00e1c nh\u1ea1c s\u0129 khuy\u1ebft t\u1eadt t\u1eeb m\u1ecdi ho\u00e0n c\u1ea3nh. Th\u00f4ng qua t\u1ea5t c\u1ea3 c\u00e1c cu\u1ed9c thi c\u1ee7a ch\u00fang t\u00f4i, ch\u00fang t\u00f4i h\u01b0\u1edbng t\u1edbi vi\u1ec7c cung c\u1ea5p tr\u1ea3i nghi\u1ec7m \u0111\u00e1ng nh\u1edb v\u00e0 \u0111\u1ecbnh h\u00ecnh s\u1ef1 nghi\u1ec7p cho m\u1ecdi ng\u01b0\u1eddi tham gia. <\/p>\n\n<h2 class=\"wp-block-heading\">T\u00ecm cu\u1ed9c thi ti\u1ebfp theo c\u1ee7a b\u1ea1n<\/h2>\n\n<p>Vui l\u00f2ng truy c\u1eadp trang <a href=\"https:\/\/iapmt.org\/vi\/lich-trinh-cuoc-thi\/\">L\u1ecbch tr\u00ecnh Cu\u1ed9c thi<\/a> c\u1ee7a ch\u00fang t\u00f4i \u0111\u1ec3 bi\u1ebft th\u00eam th\u00f4ng tin v\u1ec1 c\u00e1c cu\u1ed9c thi s\u1eafp t\u1edbi. Ch\u00fang t\u00f4i mong \u0111\u01b0\u1ee3c nghe b\u1ea1n bi\u1ec3u di\u1ec5n tr\u00ean s\u00e2n kh\u1ea5u! <\/p>\n","protected":false},"excerpt":{"rendered":"<p>Cu\u1ed9c thi IAPMT: s\u00e2n kh\u1ea5u d\u00e0nh cho m\u1ecdi Nh\u1ea1c s\u0129 C\u00e1c cu\u1ed9c thi c\u1ee7a ch\u00fang t\u00f4i \u0111\u01b0\u1ee3c thi\u1ebft k\u1ebf \u0111\u1ec3 cung c\u1ea5p n\u1ec1n t\u1ea3ng cho c\u00e1c nh\u1ea1c s\u0129 \u1edf m\u1ecdi l\u1ee9a tu\u1ed5i, tr\u00ecnh \u0111\u1ed9 k\u1ef9 n\u0103ng v\u00e0 qu\u1ed1c t\u1ecbch \u0111\u1ec3 th\u1ec3 hi\u1ec7n t\u00e0i n\u0103ng c\u1ee7a h\u1ecd. Ch\u00fang t\u00f4i cung c\u1ea5p nhi\u1ec1u h\u00ecnh th\u1ee9c thi \u0111\u1ea5u [&hellip;]<\/p>\n","protected":false},"author":2,"featured_media":0,"parent":0,"menu_order":0,"comment_status":"closed","ping_status":"closed","template":"","meta":{"_uag_custom_page_level_css":"","site-sidebar-layout":"default","site-content-layout":"","ast-site-content-layout":"normal-width-container","site-content-style":"unboxed","site-sidebar-style":"default","ast-global-header-display":"","ast-banner-title-visibility":"","ast-main-header-display":"","ast-hfb-above-header-display":"","ast-hfb-below-header-display":"","ast-hfb-mobile-header-display":"","site-post-title":"disabled","ast-breadcrumbs-content":"","ast-featured-img":"","footer-sml-layout":"","ast-disable-related-posts":"","theme-transparent-header-meta":"","adv-header-id-meta":"","stick-header-meta":"","header-above-stick-meta":"","header-main-stick-meta":"","header-below-stick-meta":"","astra-migrate-meta-layouts":"default","ast-page-background-enabled":"default","ast-page-background-meta":{"desktop":{"background-color":"","background-image":"","background-repeat":"repeat","background-position":"center center","background-size":"auto","background-attachment":"scroll","background-type":"","background-media":"","overlay-type":"","overlay-color":"","overlay-opacity":"","overlay-gradient":""},"tablet":{"background-color":"","background-image":"","background-repeat":"repeat","background-position":"center center","background-size":"auto","background-attachment":"scroll","background-type":"","background-media":"","overlay-type":"","overlay-color":"","overlay-opacity":"","overlay-gradient":""},"mobile":{"background-color":"","background-image":"","background-repeat":"repeat","background-position":"center center","background-size":"auto","background-attachment":"scroll","background-type":"","background-media":"","overlay-type":"","overlay-color":"","overlay-opacity":"","overlay-gradient":""}},"ast-content-background-meta":{"desktop":{"background-color":"var(--ast-global-color-5)","background-image":"","background-repeat":"repeat","background-position":"center center","background-size":"auto","background-attachment":"scroll","background-type":"","background-media":"","overlay-type":"","overlay-color":"","overlay-opacity":"","overlay-gradient":""},"tablet":{"background-color":"var(--ast-global-color-5)","background-image":"","background-repeat":"repeat","background-position":"center center","background-size":"auto","background-attachment":"scroll","background-type":"","background-media":"","overlay-type":"","overlay-color":"","overlay-opacity":"","overlay-gradient":""},"mobile":{"background-color":"var(--ast-global-color-5)","background-image":"","background-repeat":"repeat","background-position":"center center","background-size":"auto","background-attachment":"scroll","background-type":"","background-media":"","overlay-type":"","overlay-color":"","overlay-opacity":"","overlay-gradient":""}},"footnotes":""},"kind":[],"class_list":["post-19610","page","type-page","status-publish","hentry"],"uagb_featured_image_src":{"full":false,"thumbnail":false,"medium":false,"medium_large":false,"large":false,"1536x1536":false,"2048x2048":false},"uagb_author_info":{"display_name":"William","author_link":"https:\/\/iapmt.org\/vi\/author\/william\/"},"uagb_comment_info":0,"uagb_excerpt":"Cu\u1ed9c thi IAPMT: s\u00e2n kh\u1ea5u d\u00e0nh cho m\u1ecdi Nh\u1ea1c s\u0129 C\u00e1c cu\u1ed9c thi c\u1ee7a ch\u00fang t\u00f4i \u0111\u01b0\u1ee3c thi\u1ebft k\u1ebf \u0111\u1ec3 cung c\u1ea5p n\u1ec1n t\u1ea3ng cho c\u00e1c nh\u1ea1c s\u0129 \u1edf m\u1ecdi l\u1ee9a tu\u1ed5i, tr\u00ecnh \u0111\u1ed9 k\u1ef9 n\u0103ng v\u00e0 qu\u1ed1c t\u1ecbch \u0111\u1ec3 th\u1ec3 hi\u1ec7n t\u00e0i n\u0103ng c\u1ee7a h\u1ecd. Ch\u00fang t\u00f4i cung c\u1ea5p nhi\u1ec1u h\u00ecnh th\u1ee9c thi \u0111\u1ea5u&hellip;","_links":{"self":[{"href":"https:\/\/iapmt.org\/vi\/wp-json\/wp\/v2\/pages\/19610","targetHints":{"allow":["GET"]}}],"collection":[{"href":"https:\/\/iapmt.org\/vi\/wp-json\/wp\/v2\/pages"}],"about":[{"href":"https:\/\/iapmt.org\/vi\/wp-json\/wp\/v2\/types\/page"}],"author":[{"embeddable":true,"href":"https:\/\/iapmt.org\/vi\/wp-json\/wp\/v2\/users\/2"}],"replies":[{"embeddable":true,"href":"https:\/\/iapmt.org\/vi\/wp-json\/wp\/v2\/comments?post=19610"}],"version-history":[{"count":2,"href":"https:\/\/iapmt.org\/vi\/wp-json\/wp\/v2\/pages\/19610\/revisions"}],"predecessor-version":[{"id":19685,"href":"https:\/\/iapmt.org\/vi\/wp-json\/wp\/v2\/pages\/19610\/revisions\/19685"}],"wp:attachment":[{"href":"https:\/\/iapmt.org\/vi\/wp-json\/wp\/v2\/media?parent=19610"}],"wp:term":[{"taxonomy":"kind","embeddable":true,"href":"https:\/\/iapmt.org\/vi\/wp-json\/wp\/v2\/kind?post=19610"}],"curies":[{"name":"wp","href":"https:\/\/api.w.org\/{rel}","templated":true}]}}