{"id":19608,"date":"2022-07-18T18:46:49","date_gmt":"2022-07-18T18:46:49","guid":{"rendered":"https:\/\/iapmt.org\/lich-trinh-cuoc-thi\/"},"modified":"2025-10-14T15:52:24","modified_gmt":"2025-10-14T15:52:24","slug":"lich-trinh-cuoc-thi","status":"publish","type":"page","link":"https:\/\/iapmt.org\/vi\/lich-trinh-cuoc-thi\/","title":{"rendered":"L\u1ecbch tr\u00ecnh cu\u1ed9c thi"},"content":{"rendered":"\n<h1 class=\"wp-block-heading\">M\u00f9a thu 2025<\/h1>\n\n<div class=\"wp-block-columns is-layout-flex wp-container-core-columns-is-layout-28f84493 wp-block-columns-is-layout-flex\">\n<div class=\"wp-block-column is-layout-flow wp-block-column-is-layout-flow\">\n<figure class=\"wp-block-image size-full has-custom-border\"><a href=\"https:\/\/iapmt.org\/vi\/cuoc-thi-grand-autumn\/\"><img loading=\"lazy\" decoding=\"async\" width=\"1200\" height=\"1800\" src=\"https:\/\/iapmt.org\/media\/2025-IAPMT-Grand-Autumn-Competition-v1-Poster-web.jpg\" alt=\"\" class=\"wp-image-19295\" style=\"border-radius:15px;aspect-ratio:1;object-fit:cover\" srcset=\"https:\/\/iapmt.org\/media\/2025-IAPMT-Grand-Autumn-Competition-v1-Poster-web.jpg 1200w, https:\/\/iapmt.org\/media\/2025-IAPMT-Grand-Autumn-Competition-v1-Poster-web-768x1152.jpg 768w, https:\/\/iapmt.org\/media\/2025-IAPMT-Grand-Autumn-Competition-v1-Poster-web-1024x1536.jpg 1024w\" sizes=\"auto, (max-width: 1200px) 100vw, 1200px\" \/><\/a><\/figure>\n<\/div>\n\n\n\n<div class=\"wp-block-column is-layout-flow wp-block-column-is-layout-flow\">\n<h2 class=\"wp-block-heading\"><a href=\"https:\/\/iapmt.org\/vi\/cuoc-thi-grand-autumn\/\" data-type=\"page\" data-id=\"2265\">Cu\u1ed9c thi l\u1edbn qu\u1ed1c t\u1ebf m\u00f9a thu<\/a>: Th\u00e1ng 10 &#8211; Th\u00e1ng 11 n\u0103m 2025<\/h2>\n\n\n\n<p>Cu\u1ed9c thi l\u1edbn m\u00f9a thu, do IAPMT t\u1ed5 ch\u1ee9c, l\u00e0 m\u1ed9t cu\u1ed9c thi \u00e2m nh\u1ea1c \u0111a th\u1ec3 lo\u1ea1i m\u1edf cho t\u1ea5t c\u1ea3 c\u00e1c qu\u1ed1c t\u1ecbch, \u0111\u1ed9 tu\u1ed5i v\u00e0 tr\u00ecnh \u0111\u1ed9 k\u1ef9 n\u0103ng. Cu\u1ed9c thi \u0111\u01b0\u1ee3c chia th\u00e0nh nhi\u1ec1u ph\u1ea7n, bao g\u1ed3m Cu\u1ed9c thi Solo l\u1edbn qu\u1ed1c t\u1ebf v\u00e0 Cu\u1ed9c thi Concerto qu\u1ed1c t\u1ebf. Cu\u1ed9c thi c\u00f3 hai v\u00f2ng: v\u00f2ng s\u01a1 lo\u1ea1i n\u1ed9p video v\u00e0 v\u00f2ng chung k\u1ebft tr\u1ef1c ti\u1ebfp.  <\/p>\n\n\n\n<p>C\u00e1c gi\u1ea3i th\u01b0\u1edfng bao g\u1ed3m Gi\u1ea3i th\u01b0\u1edfng l\u1edbn t\u1ed5ng th\u1ec3, l\u00e0 m\u1ed9t chuy\u1ebfn \u0111i bi\u1ec3u di\u1ec5n \u0111\u01b0\u1ee3c t\u00e0i tr\u1ee3 to\u00e0n ph\u1ea7n \u0111\u1ebfn m\u1ed9t ph\u00f2ng h\u00f2a nh\u1ea1c n\u1ed5i ti\u1ebfng, v\u00e0 gi\u1ea3i th\u01b0\u1edfng ti\u1ec1n m\u1eb7t cho nh\u1eefng ng\u01b0\u1eddi bi\u1ec3u di\u1ec5n h\u00e0ng \u0111\u1ea7u \u1edf c\u1ea5p \u0111\u1ed9 Virtuoso. Nh\u1eefng ng\u01b0\u1eddi \u0111o\u1ea1t gi\u1ea3i nh\u1ea5t \u1edf c\u00e1c c\u1ea5p \u0111\u1ed9 kh\u00e1c nhau c\u0169ng \u0111\u01b0\u1ee3c m\u1eddi bi\u1ec3u di\u1ec5n t\u1ea1i Weill Recital Hall \u1edf Carnegie Hall v\u00e0 trong c\u00e1c chuy\u1ebfn l\u01b0u di\u1ec5n qu\u1ed1c t\u1ebf \u1edf ch\u00e2u \u00c1 v\u00e0 ch\u00e2u \u00c2u. <\/p>\n<\/div>\n<\/div>\n\n<div style=\"height:25px\" aria-hidden=\"true\" class=\"wp-block-spacer\"><\/div>\n\n<div class=\"wp-block-columns is-layout-flex wp-container-core-columns-is-layout-28f84493 wp-block-columns-is-layout-flex\">\n<div class=\"wp-block-column is-layout-flow wp-block-column-is-layout-flow\">\n<figure class=\"wp-block-image size-full has-custom-border\"><img loading=\"lazy\" decoding=\"async\" width=\"1200\" height=\"1800\" src=\"https:\/\/iapmt.org\/media\/2025-Online-Autumn-Competition-Poster-v1-web.jpg\" alt=\"\" class=\"wp-image-19255\" style=\"border-radius:15px;aspect-ratio:1;object-fit:cover\" srcset=\"https:\/\/iapmt.org\/media\/2025-Online-Autumn-Competition-Poster-v1-web.jpg 1200w, https:\/\/iapmt.org\/media\/2025-Online-Autumn-Competition-Poster-v1-web-768x1152.jpg 768w, https:\/\/iapmt.org\/media\/2025-Online-Autumn-Competition-Poster-v1-web-1024x1536.jpg 1024w\" sizes=\"auto, (max-width: 1200px) 100vw, 1200px\" \/><\/figure>\n<\/div>\n\n\n\n<div class=\"wp-block-column is-layout-flow wp-block-column-is-layout-flow\">\n<h2 class=\"wp-block-heading\"><a href=\"https:\/\/iapmt.org\/vi\/cuoc-thi-mua-thu-truc-tuyen\/\" data-type=\"page\" data-id=\"1462\">Cu\u1ed9c thi tr\u1ef1c tuy\u1ebfn qu\u1ed1c t\u1ebf m\u00f9a thu<\/a>: Th\u00e1ng 11 n\u0103m 2025<\/h2>\n\n\n\n<p>Cu\u1ed9c thi tr\u1ef1c tuy\u1ebfn m\u00f9a thu, do IAPMT t\u1ed5 ch\u1ee9c, l\u00e0 m\u1ed9t cu\u1ed9c thi \u00e2m nh\u1ea1c d\u1ef1a tr\u00ean n\u1ed9p video m\u1edf cho t\u1ea5t c\u1ea3 c\u00e1c qu\u1ed1c t\u1ecbch, \u0111\u1ed9 tu\u1ed5i v\u00e0 tr\u00ecnh \u0111\u1ed9 k\u1ef9 n\u0103ng. Cu\u1ed9c thi c\u00f3 h\u1ea1n ch\u00f3t \u0111\u0103ng k\u00fd l\u00e0 ng\u00e0y 15 th\u00e1ng 11 n\u0103m 2025. Cu\u1ed9c thi c\u00f3 b\u1ed1n c\u1ea5p \u0111\u1ed9 kh\u00f3: Novice, Standard, Expert v\u00e0 Virtuoso.  <\/p>\n\n\n\n<p>C\u00e1c gi\u1ea3i th\u01b0\u1edfng bao g\u1ed3m Gi\u1ea3i th\u01b0\u1edfng l\u1edbn t\u1ed5ng th\u1ec3 l\u00e0 m\u1ed9t chuy\u1ebfn \u0111i bi\u1ec3u di\u1ec5n \u0111\u01b0\u1ee3c t\u00e0i tr\u1ee3 to\u00e0n ph\u1ea7n \u0111\u1ebfn Carnegie Hall ho\u1eb7c m\u1ed9t ph\u00f2ng h\u00f2a nh\u1ea1c n\u1ed5i ti\u1ebfng \u1edf ch\u00e2u \u00c2u, c\u0169ng nh\u01b0 gi\u1ea3i th\u01b0\u1edfng ti\u1ec1n m\u1eb7t cho nh\u1eefng ng\u01b0\u1eddi bi\u1ec3u di\u1ec5n h\u00e0ng \u0111\u1ea7u \u1edf c\u1ea5p \u0111\u1ed9 Virtuoso. C\u00e1c gi\u1ea3i th\u01b0\u1edfng kh\u00e1c bao g\u1ed3m Phi\u1ebfu gi\u1ea3i th\u01b0\u1edfng Bi\u1ec3u di\u1ec5n H\u00f2a nh\u1ea1c IAPMT, H\u1ecdc b\u1ed5ng OpusOne, ch\u1ee9ng ch\u1ec9 \u0111i\u1ec7n t\u1eed, huy ch\u01b0\u01a1ng v\u00e0 c\u00fap. Nh\u1eefng ng\u01b0\u1eddi chi\u1ebfn th\u1eafng c\u0169ng c\u00f3 th\u1ec3 \u0111\u01b0\u1ee3c m\u1eddi bi\u1ec3u di\u1ec5n t\u1ea1i Carnegie Hall ho\u1eb7c trong c\u00e1c chuy\u1ebfn l\u01b0u di\u1ec5n qu\u1ed1c t\u1ebf \u1edf ch\u00e2u \u00c1 v\u00e0 ch\u00e2u \u00c2u.  <\/p>\n<\/div>\n<\/div>\n\n<div style=\"height:25px\" aria-hidden=\"true\" class=\"wp-block-spacer\"><\/div>\n\n<div class=\"wp-block-columns is-layout-flex wp-container-core-columns-is-layout-28f84493 wp-block-columns-is-layout-flex\">\n<div class=\"wp-block-column is-layout-flow wp-block-column-is-layout-flow\">\n<figure class=\"wp-block-image size-full has-custom-border\"><img loading=\"lazy\" decoding=\"async\" width=\"1200\" height=\"1800\" src=\"https:\/\/iapmt.org\/media\/2025-IAPMT-Autumn-Disability-Music-Festival-v1.jpg\" alt=\"\" class=\"wp-image-19900\" style=\"border-radius:15px;aspect-ratio:1;object-fit:cover\" srcset=\"https:\/\/iapmt.org\/media\/2025-IAPMT-Autumn-Disability-Music-Festival-v1.jpg 1200w, https:\/\/iapmt.org\/media\/2025-IAPMT-Autumn-Disability-Music-Festival-v1-768x1152.jpg 768w, https:\/\/iapmt.org\/media\/2025-IAPMT-Autumn-Disability-Music-Festival-v1-1024x1536.jpg 1024w\" sizes=\"auto, (max-width: 1200px) 100vw, 1200px\" \/><\/figure>\n<\/div>\n\n\n\n<div class=\"wp-block-column is-layout-flow wp-block-column-is-layout-flow\">\n<h2 class=\"wp-block-heading\"><a href=\"https:\/\/iapmt.org\/vi\/le-hoi-am-nhac-nguoi-khuyet-tat\/\" data-type=\"page\" data-id=\"4133\">Li\u00ean hoan \u00e2m nh\u1ea1c d\u00e0nh cho c\u00e1c nh\u1ea1c s\u0129 khuy\u1ebft t\u1eadt<\/a>: Th\u00e1ng 11 n\u0103m 2025<\/h2>\n\n\n\n<p>H\u00e3y b\u01b0\u1edbc v\u00e0o t\u00e2m \u0111i\u1ec3m to\u00e0n c\u1ea7u! <g id=\"gid_0\">Li\u00ean hoan \u00e2m nh\u1ea1c d\u00e0nh cho c\u00e1c nh\u1ea1c s\u0129 khuy\u1ebft t\u1eadt<\/g> l\u00e0 m\u1ed9t cu\u1ed9c thi mang t\u00ednh trao quy\u1ec1n v\u00e0 ho\u00e0n to\u00e0n h\u00f2a nh\u1eadp, \u0111\u01b0\u1ee3c t\u1ed5 ch\u1ee9c nh\u1eb1m t\u00f4n vinh ti\u1ebfng n\u00f3i \u00e2m nh\u1ea1c \u0111\u1ed9c \u0111\u00e1o c\u1ee7a Qu\u00fd v\u1ecb. Ch\u00fang t\u00f4i ch\u00e0o \u0111\u00f3n c\u00e1c nh\u1ea1c s\u0129 \u1edf <strong>m\u1ecdi lo\u1ea1i nh\u1ea1c c\u1ee5, phong c\u00e1ch, \u0111\u1ed9 tu\u1ed5i v\u00e0 qu\u1ed1c t\u1ecbch<\/strong>\u2014ho\u00e0n to\u00e0n <strong>kh\u00f4ng c\u00f3 b\u1ea5t k\u1ef3 h\u1ea1n ch\u1ebf n\u00e0o v\u1ec1 th\u1ec3 lo\u1ea1i hay phong c\u00e1ch<\/strong>.  <\/p>\n\n\n\n<p>V\u1ec1 b\u1ea3n ch\u1ea5t, li\u00ean hoan n\u00e0y h\u01b0\u1edbng t\u1edbi kh\u1ea3 n\u0103ng ti\u1ebfp c\u1eadn v\u00e0 c\u01a1 h\u1ed9i: ch\u00fang t\u00f4i tin r\u1eb1ng m\u1ecdi t\u00e0i n\u0103ng \u0111\u1ec1u x\u1ee9ng \u0111\u00e1ng c\u00f3 m\u1ed9t s\u00e2n kh\u1ea5u. V\u00ec v\u1eady, ch\u00fang t\u00f4i t\u1ef1 h\u00e0o trao t\u1eb7ng <strong>gi\u1ea3i th\u01b0\u1edfng ti\u1ec1n m\u1eb7t<\/strong> v\u00e0 b\u1ea3o \u0111\u1ea3m <strong>mi\u1ec5n ho\u00e0n to\u00e0n ph\u00ed d\u1ef1 thi<\/strong> cho m\u1ecdi ng\u01b0\u1eddi tham gia. H\u00e3y tham gia c\u1ed9ng \u0111\u1ed3ng c\u1ee7a ch\u00fang t\u00f4i v\u00e0 gi\u1edbi thi\u1ec7u t\u00e0i n\u0103ng ngh\u1ec7 thu\u1eadt c\u1ee7a Qu\u00fd v\u1ecb t\u1edbi th\u1ebf gi\u1edbi. Ch\u00fang t\u00f4i mong \u0111\u01b0\u1ee3c ch\u1ee9ng ki\u1ebfn Qu\u00fd v\u1ecb ph\u00e1t huy t\u1ed1i \u0111a ti\u1ec1m n\u0103ng \u00e2m nh\u1ea1c c\u1ee7a Qu\u00fd v\u1ecb!   <\/p>\n<\/div>\n<\/div>\n\n<div style=\"height:25px\" aria-hidden=\"true\" class=\"wp-block-spacer\"><\/div>\n\n<hr class=\"wp-block-separator has-alpha-channel-opacity is-style-wide\"\/>\n\n<h1 class=\"wp-block-heading\">M\u00f9a \u0111\u00f4ng 2026<\/h1>\n\n<div class=\"wp-block-columns is-layout-flex wp-container-core-columns-is-layout-28f84493 wp-block-columns-is-layout-flex\">\n<div class=\"wp-block-column is-layout-flow wp-block-column-is-layout-flow\">\n<figure class=\"wp-block-image size-full has-custom-border\"><img loading=\"lazy\" decoding=\"async\" width=\"1200\" height=\"1680\" src=\"https:\/\/iapmt.org\/media\/IAPMT-Gala-Night-at-Carnegie-Winter-2026-Poster-web.jpg\" alt=\"\" class=\"wp-image-19279\" style=\"border-radius:15px;aspect-ratio:1;object-fit:cover\" srcset=\"https:\/\/iapmt.org\/media\/IAPMT-Gala-Night-at-Carnegie-Winter-2026-Poster-web.jpg 1200w, https:\/\/iapmt.org\/media\/IAPMT-Gala-Night-at-Carnegie-Winter-2026-Poster-web-768x1075.jpg 768w, https:\/\/iapmt.org\/media\/IAPMT-Gala-Night-at-Carnegie-Winter-2026-Poster-web-1097x1536.jpg 1097w\" sizes=\"auto, (max-width: 1200px) 100vw, 1200px\" \/><\/figure>\n<\/div>\n\n\n\n<div class=\"wp-block-column is-layout-flow wp-block-column-is-layout-flow\">\n<h2 class=\"wp-block-heading\"><a href=\"https:\/\/iapmt.org\/vi\/dem-gala-tai-carnegie-hall\/\" data-type=\"page\" data-id=\"12415\">\u0110\u00eam gala t\u1ea1i Weill Recital Hall \u1edf Carnegie Hall<\/a>: Th\u00e1ng 1 n\u0103m 2026<\/h2>\n\n\n\n<p>\u0110\u00eam h\u00f2a nh\u1ea1c Gala t\u1ea1i Carnegie Hall l\u00e0 m\u1ed9t chu\u1ed7i ch\u01b0\u01a1ng tr\u00ecnh \u0111\u01b0\u1ee3c tr\u00ecnh b\u00e0y b\u1edfi Hi\u1ec7p h\u1ed9i Qu\u1ed1c t\u1ebf c\u00e1c Gi\u00e1o vi\u00ean Piano &amp; \u00c2m nh\u1ea1c (IAPMT) t\u1ea1i Weill Recital Hall. S\u1ef1 ki\u1ec7n n\u00e0y mang \u0111\u1ebfn cho c\u00e1c nh\u1ea1c s\u0129 c\u01a1 h\u1ed9i bi\u1ec3u di\u1ec5n t\u1ea1i \u0111\u1ecba \u0111i\u1ec3m danh ti\u1ebfng n\u00e0y. \u0110\u1ec3 \u0111\u1ee7 \u0111i\u1ec1u ki\u1ec7n tham gia h\u00f2a nh\u1ea1c, c\u00e1c nh\u1ea1c s\u0129 ph\u1ea3i \u0111\u1ea1t \u0111\u01b0\u1ee3c \u0111i\u1ec3m s\u1ed1 cao nh\u1ea5t trong cu\u1ed9c thi Grand Concours g\u1ea7n \u0111\u00e2y ho\u1eb7c n\u1ed9p video th\u00f4ng qua Carnegie Auditions. Chu\u1ed7i h\u00f2a nh\u1ea1c cho m\u00f9a \u0110\u00f4ng 2026 \u0111\u01b0\u1ee3c chia theo tr\u00ecnh \u0111\u1ed9 k\u1ef9 n\u0103ng th\u00e0nh Novice v\u00e0 Standard, v\u00e0 Expert v\u00e0 Virtuoso.   <\/p>\n<\/div>\n<\/div>\n\n<div style=\"height:25px\" aria-hidden=\"true\" class=\"wp-block-spacer\"><\/div>\n\n<hr class=\"wp-block-separator has-alpha-channel-opacity is-style-wide\"\/>\n\n<h1 class=\"wp-block-heading\">M\u00f9a xu\u00e2n 2026<\/h1>\n\n<p>L\u1ecbch m\u00f9a xu\u00e2n 2026 c\u1ee7a ch\u00fang t\u00f4i s\u1ebd c\u00f3 ba s\u1ef1 ki\u1ec7n th\u00fa v\u1ecb. Cu\u1ed9c thi l\u1edbn m\u00f9a xu\u00e2n l\u00e0 m\u1ed9t cu\u1ed9c thi \u00e2m nh\u1ea1c \u0111a th\u1ec3 lo\u1ea1i v\u1edbi v\u00f2ng chung k\u1ebft tr\u1ef1c ti\u1ebfp, trong khi Cu\u1ed9c thi tr\u1ef1c tuy\u1ebfn m\u00f9a xu\u00e2n cung c\u1ea5p \u0111\u1ecbnh d\u1ea1ng ch\u1ec9 tr\u1ef1c tuy\u1ebfn. C\u1ea3 hai s\u1ef1 ki\u1ec7n \u0111\u1ec1u m\u1edf cho ng\u01b0\u1eddi tham gia \u1edf m\u1ecdi l\u1ee9a tu\u1ed5i v\u00e0 tr\u00ecnh \u0111\u1ed9 k\u1ef9 n\u0103ng, v\u1edbi c\u00e1c gi\u1ea3i th\u01b0\u1edfng bao g\u1ed3m Gi\u1ea3i th\u01b0\u1edfng l\u1edbn t\u1ed5ng th\u1ec3 v\u00e0 c\u01a1 h\u1ed9i bi\u1ec3u di\u1ec5n. Ngo\u00e0i ra, ch\u00fang t\u00f4i s\u1ebd t\u1ed5 ch\u1ee9c L\u1ec5 h\u1ed9i \u00c2m nh\u1ea1c M\u00f9a xu\u00e2n d\u00e0nh cho Nh\u1ea1c s\u0129 Khuy\u1ebft t\u1eadt, m\u1ed9t cu\u1ed9c thi bao tr\u00f9m v\u00e0 mi\u1ec5n ph\u00ed tham gia \u0111\u01b0\u1ee3c thi\u1ebft k\u1ebf \u0111\u1ec3 gi\u1edbi thi\u1ec7u t\u00e0i n\u0103ng c\u1ee7a c\u00e1c nh\u1ea1c s\u0129 khuy\u1ebft t\u1eadt t\u1eeb kh\u1eafp n\u01a1i tr\u00ean th\u1ebf gi\u1edbi. L\u1ec5 h\u1ed9i n\u00e0y s\u1ebd bao g\u1ed3m c\u1ea3 t\u00f9y ch\u1ecdn tr\u1ef1c ti\u1ebfp v\u00e0 tr\u1ef1c tuy\u1ebfn v\u00e0 s\u1ebd cung c\u1ea5p nhi\u1ec1u gi\u1ea3i th\u01b0\u1edfng v\u00e0 c\u01a1 h\u1ed9i bi\u1ec3u di\u1ec5n kh\u00e1c nhau.    <\/p>\n\n<hr class=\"wp-block-separator has-alpha-channel-opacity is-style-wide\"\/>\n\n<h1 class=\"wp-block-heading\">M\u00f9a h\u00e8 2026<\/h1>\n\n<p>Th\u00f4ng tin chi ti\u1ebft s\u1ebd \u0111\u01b0\u1ee3c c\u1eadp nh\u1eadt s\u1edbm&#8230;<\/p>\n\n<hr class=\"wp-block-separator has-alpha-channel-opacity is-style-wide\"\/>\n\n<h2 class=\"wp-block-heading has-text-align-center has-large-font-size\"><em><strong>T\u1ea5t c\u1ea3 c\u00e1c s\u1ef1 ki\u1ec7n IAPMT \u0111\u1ec1u kh\u00f4ng ho\u00e0n ti\u1ec1n<\/strong><\/em><\/h2>\n","protected":false},"excerpt":{"rendered":"<p>M\u00f9a thu 2025 Cu\u1ed9c thi l\u1edbn qu\u1ed1c t\u1ebf m\u00f9a thu: Th\u00e1ng 10 &#8211; Th\u00e1ng 11 n\u0103m 2025 Cu\u1ed9c thi l\u1edbn m\u00f9a thu, do IAPMT t\u1ed5 ch\u1ee9c, l\u00e0 m\u1ed9t cu\u1ed9c thi \u00e2m nh\u1ea1c \u0111a th\u1ec3 lo\u1ea1i m\u1edf cho t\u1ea5t c\u1ea3 c\u00e1c qu\u1ed1c t\u1ecbch, \u0111\u1ed9 tu\u1ed5i v\u00e0 tr\u00ecnh \u0111\u1ed9 k\u1ef9 n\u0103ng. Cu\u1ed9c thi \u0111\u01b0\u1ee3c chia th\u00e0nh nhi\u1ec1u [&hellip;]<\/p>\n","protected":false},"author":2,"featured_media":0,"parent":0,"menu_order":0,"comment_status":"closed","ping_status":"closed","template":"","meta":{"_uag_custom_page_level_css":"","site-sidebar-layout":"default","site-content-layout":"plain-container","ast-site-content-layout":"normal-width-container","site-content-style":"unboxed","site-sidebar-style":"unboxed","ast-global-header-display":"","ast-banner-title-visibility":"","ast-main-header-display":"","ast-hfb-above-header-display":"","ast-hfb-below-header-display":"","ast-hfb-mobile-header-display":"","site-post-title":"disabled","ast-breadcrumbs-content":"","ast-featured-img":"","footer-sml-layout":"","ast-disable-related-posts":"","theme-transparent-header-meta":"enabled","adv-header-id-meta":"","stick-header-meta":"","header-above-stick-meta":"","header-main-stick-meta":"","header-below-stick-meta":"","astra-migrate-meta-layouts":"default","ast-page-background-enabled":"default","ast-page-background-meta":{"desktop":{"background-color":"","background-image":"","background-repeat":"repeat","background-position":"center center","background-size":"auto","background-attachment":"scroll","background-type":"","background-media":"","overlay-type":"","overlay-color":"","overlay-opacity":"","overlay-gradient":""},"tablet":{"background-color":"","background-image":"","background-repeat":"repeat","background-position":"center center","background-size":"auto","background-attachment":"scroll","background-type":"","background-media":"","overlay-type":"","overlay-color":"","overlay-opacity":"","overlay-gradient":""},"mobile":{"background-color":"","background-image":"","background-repeat":"repeat","background-position":"center center","background-size":"auto","background-attachment":"scroll","background-type":"","background-media":"","overlay-type":"","overlay-color":"","overlay-opacity":"","overlay-gradient":""}},"ast-content-background-meta":{"desktop":{"background-color":"var(--ast-global-color-5)","background-image":"","background-repeat":"repeat","background-position":"center center","background-size":"auto","background-attachment":"scroll","background-type":"","background-media":"","overlay-type":"","overlay-color":"","overlay-opacity":"","overlay-gradient":""},"tablet":{"background-color":"var(--ast-global-color-5)","background-image":"","background-repeat":"repeat","background-position":"center center","background-size":"auto","background-attachment":"scroll","background-type":"","background-media":"","overlay-type":"","overlay-color":"","overlay-opacity":"","overlay-gradient":""},"mobile":{"background-color":"var(--ast-global-color-5)","background-image":"","background-repeat":"repeat","background-position":"center center","background-size":"auto","background-attachment":"scroll","background-type":"","background-media":"","overlay-type":"","overlay-color":"","overlay-opacity":"","overlay-gradient":""}},"footnotes":""},"kind":[],"class_list":["post-19608","page","type-page","status-publish","hentry"],"uagb_featured_image_src":{"full":false,"thumbnail":false,"medium":false,"medium_large":false,"large":false,"1536x1536":false,"2048x2048":false},"uagb_author_info":{"display_name":"William","author_link":"https:\/\/iapmt.org\/vi\/author\/william\/"},"uagb_comment_info":0,"uagb_excerpt":"M\u00f9a thu 2025 Cu\u1ed9c thi l\u1edbn qu\u1ed1c t\u1ebf m\u00f9a thu: Th\u00e1ng 10 &#8211; Th\u00e1ng 11 n\u0103m 2025 Cu\u1ed9c thi l\u1edbn m\u00f9a thu, do IAPMT t\u1ed5 ch\u1ee9c, l\u00e0 m\u1ed9t cu\u1ed9c thi \u00e2m nh\u1ea1c \u0111a th\u1ec3 lo\u1ea1i m\u1edf cho t\u1ea5t c\u1ea3 c\u00e1c qu\u1ed1c t\u1ecbch, \u0111\u1ed9 tu\u1ed5i v\u00e0 tr\u00ecnh \u0111\u1ed9 k\u1ef9 n\u0103ng. Cu\u1ed9c thi \u0111\u01b0\u1ee3c chia th\u00e0nh nhi\u1ec1u&hellip;","_links":{"self":[{"href":"https:\/\/iapmt.org\/vi\/wp-json\/wp\/v2\/pages\/19608","targetHints":{"allow":["GET"]}}],"collection":[{"href":"https:\/\/iapmt.org\/vi\/wp-json\/wp\/v2\/pages"}],"about":[{"href":"https:\/\/iapmt.org\/vi\/wp-json\/wp\/v2\/types\/page"}],"author":[{"embeddable":true,"href":"https:\/\/iapmt.org\/vi\/wp-json\/wp\/v2\/users\/2"}],"replies":[{"embeddable":true,"href":"https:\/\/iapmt.org\/vi\/wp-json\/wp\/v2\/comments?post=19608"}],"version-history":[{"count":6,"href":"https:\/\/iapmt.org\/vi\/wp-json\/wp\/v2\/pages\/19608\/revisions"}],"predecessor-version":[{"id":20001,"href":"https:\/\/iapmt.org\/vi\/wp-json\/wp\/v2\/pages\/19608\/revisions\/20001"}],"wp:attachment":[{"href":"https:\/\/iapmt.org\/vi\/wp-json\/wp\/v2\/media?parent=19608"}],"wp:term":[{"taxonomy":"kind","embeddable":true,"href":"https:\/\/iapmt.org\/vi\/wp-json\/wp\/v2\/kind?post=19608"}],"curies":[{"name":"wp","href":"https:\/\/api.w.org\/{rel}","templated":true}]}}