{"id":19992,"date":"2023-05-01T14:30:21","date_gmt":"2023-05-01T14:30:21","guid":{"rendered":"https:\/\/iapmt.org\/festival-della-musica-per-disabili\/"},"modified":"2025-10-14T15:52:14","modified_gmt":"2025-10-14T15:52:14","slug":"festival-della-musica-per-disabili","status":"publish","type":"page","link":"https:\/\/iapmt.org\/it\/festival-della-musica-per-disabili\/","title":{"rendered":"Festival della musica per disabili"},"content":{"rendered":"\n<div class=\"wp-block-cover alignfull is-light\"><img loading=\"lazy\" decoding=\"async\" width=\"4096\" height=\"4096\" class=\"wp-block-cover__image-background wp-image-18228\" alt=\"\" src=\"https:\/\/iapmt.org\/media\/Cover-Spring-Butterflies-Abstract.jpg\" data-object-fit=\"cover\" srcset=\"https:\/\/iapmt.org\/media\/Cover-Spring-Butterflies-Abstract.jpg 4096w, https:\/\/iapmt.org\/media\/Cover-Spring-Butterflies-Abstract-768x768.jpg 768w, https:\/\/iapmt.org\/media\/Cover-Spring-Butterflies-Abstract-1536x1536.jpg 1536w, https:\/\/iapmt.org\/media\/Cover-Spring-Butterflies-Abstract-2048x2048.jpg 2048w\" sizes=\"auto, (max-width: 4096px) 100vw, 4096px\" \/><span aria-hidden=\"true\" class=\"wp-block-cover__background has-background-dim-0 has-background-dim\" style=\"background-color:#a7bb80\"><\/span><div class=\"wp-block-cover__inner-container is-layout-flow wp-block-cover-is-layout-flow\">\n<div style=\"height:75px\" aria-hidden=\"true\" class=\"wp-block-spacer\"><\/div>\n\n\n\n<figure class=\"wp-block-image size-full has-custom-border\"><img loading=\"lazy\" decoding=\"async\" width=\"1200\" height=\"1800\" src=\"https:\/\/iapmt.org\/media\/2025-IAPMT-Autumn-Disability-Music-Festival-v1.jpg\" alt=\"\" class=\"wp-image-19900\" style=\"border-radius:64px\" srcset=\"https:\/\/iapmt.org\/media\/2025-IAPMT-Autumn-Disability-Music-Festival-v1.jpg 1200w, https:\/\/iapmt.org\/media\/2025-IAPMT-Autumn-Disability-Music-Festival-v1-768x1152.jpg 768w, https:\/\/iapmt.org\/media\/2025-IAPMT-Autumn-Disability-Music-Festival-v1-1024x1536.jpg 1024w\" sizes=\"auto, (max-width: 1200px) 100vw, 1200px\" \/><\/figure>\n<\/div><\/div>\n\n<div class=\"wp-block-pb-accordion-item c-accordion__item js-accordion-item no-js is-open\" data-initially-open=\"true\" data-click-to-close=\"true\" data-auto-close=\"true\" data-scroll=\"true\" data-scroll-offset=\"0\"><h2 id=\"at-41330\" class=\"c-accordion__title js-accordion-controller\" role=\"button\">Application<\/h2><div id=\"ac-41330\" class=\"c-accordion__content\">\n<ul class=\"wp-block-list\">\n<li>Visita la sezione <a href=\"https:\/\/iapmt.org\/event-registration\/\">registrazione eventi<\/a> per iscriverti al Disability Music Festival.<\/li>\n<\/ul>\n<\/div><\/div>\n\n<div class=\"wp-block-pb-accordion-item c-accordion__item js-accordion-item no-js\" data-initially-open=\"false\" data-click-to-close=\"true\" data-auto-close=\"true\" data-scroll=\"true\" data-scroll-offset=\"0\"><h2 id=\"at-41331\" class=\"c-accordion__title js-accordion-controller\" role=\"button\">Introduction<\/h2><div id=\"ac-41331\" class=\"c-accordion__content\">\n<p>Benvenuto al Music Festival for Musicians with Disabilities, un concorso inclusivo progettato per mostrare il talento musicale di candidati con disabilit\u00e0 provenienti da tutto il mondo. Questo concorso \u00e8 aperto a tutte le et\u00e0, nazionalit\u00e0 e strumenti, senza restrizioni di genere o stile. Crediamo che tutti abbiano la possibilit\u00e0 di mettere in mostra le proprie capacit\u00e0 e il proprio talento e questo concorso \u00e8 il nostro modo di garantire che i candidati con disabilit\u00e0 abbiano una piattaforma per farlo. Siamo orgogliosi di offrire premi in denaro e non ci sono costi di iscrizione per i partecipanti. Unisciti a noi nel celebrare la diversit\u00e0 e la ricchezza della comunit\u00e0 musicale e aiutaci a mettere i candidati con disabilit\u00e0 in condizione di raggiungere il loro pieno potenziale.    <\/p>\n<\/div><\/div>\n\n<div class=\"wp-block-pb-accordion-item c-accordion__item js-accordion-item no-js\" data-initially-open=\"false\" data-click-to-close=\"true\" data-auto-close=\"true\" data-scroll=\"true\" data-scroll-offset=\"0\"><h2 id=\"at-41332\" class=\"c-accordion__title js-accordion-controller\" role=\"button\">Schedule<\/h2><div id=\"ac-41332\" class=\"c-accordion__content\">\n<h3 class=\"wp-block-heading\">Online<\/h3>\n\n\n\n<ul class=\"wp-block-list\">\n<li>Formato di invio video online<\/li>\n\n\n\n<li>Termine ultimo per l&#8217;iscrizione: 15 novembre 2025<\/li>\n\n\n\n<li>Concorso online &#8211; 15 novembre 2025<\/li>\n<\/ul>\n\n\n\n<h3 class=\"wp-block-heading\">California meridionale<\/h3>\n\n\n\n<ul class=\"wp-block-list\">\n<li>Formato dal vivo in presenza<\/li>\n\n\n\n<li>Termine ultimo per l&#8217;iscrizione: 5 novembre 2025<\/li>\n\n\n\n<li>Concorso dal vivo in presenza &#8211; 23 novembre 2025<\/li>\n\n\n\n<li><strong>Sede<\/strong>: Azusa Pacific University-901 E Alosta Ave, Azusa, CA 91702<\/li>\n<\/ul>\n\n\n\n<h3 class=\"wp-block-heading\">Texas<\/h3>\n\n\n\n<ul class=\"wp-block-list\">\n<li>Formato dal vivo in presenza<\/li>\n\n\n\n<li>Termine ultimo per l&#8217;iscrizione: 1 novembre 2025<\/li>\n\n\n\n<li>Concorso dal vivo in presenza &#8211; 22 novembre 2025<\/li>\n<\/ul>\n\n\n\n<h3 class=\"wp-block-heading\"><strong>Cerimonia di premiazione e concerto dei vincitori<\/strong><\/h3>\n\n\n\n<ul class=\"wp-block-list\">\n<li>Le informazioni relative alla cerimonia di premiazione e al concerto dei vincitori saranno pubblicate in un secondo momento.<\/li>\n<\/ul>\n<\/div><\/div>\n\n<div class=\"wp-block-pb-accordion-item c-accordion__item js-accordion-item no-js\" data-initially-open=\"false\" data-click-to-close=\"true\" data-auto-close=\"true\" data-scroll=\"true\" data-scroll-offset=\"0\"><h2 id=\"at-41333\" class=\"c-accordion__title js-accordion-controller\" role=\"button\">Rules and Regulations<\/h2><div id=\"ac-41333\" class=\"c-accordion__content\">\n<h4 class=\"wp-block-heading\">Gruppi<\/h4>\n\n\n\n<p>Ci sono in totale 17 gruppi.  <em>I gruppi da 1 a 13 si basano sull&#8217;anno di nascita del concorrente:<\/em><\/p>\n\n\n<div style=\"overflow-x:auto\"><table class=\"mpn\" style=\"width:720px;\"><tbody><tr><td style=\"text-align:center;\">Group<\/td><td style=\"text-align:center;\">1<\/td><td style=\"text-align:center;\">2<\/td><td style=\"text-align:center;\">3<\/td><td style=\"text-align:center;\">4<\/td><td style=\"text-align:center;\">5<\/td><td style=\"text-align:center;\">6<\/td><td style=\"text-align:center;\">7<\/td><td style=\"text-align:center;\">8<\/td><td style=\"text-align:center;\">9<\/td><td style=\"text-align:center;\">10<\/td><td style=\"text-align:center;\">11<\/td><td style=\"text-align:center;\">12<\/td><td style=\"text-align:center;\">13<\/td><\/tr><tr><td style=\"text-align:center;\">Year Born<\/td><td style=\"text-align:center;\">2019 or later<\/td><td style=\"text-align:center;\">2018<\/td><td style=\"text-align:center;\">2017<\/td><td style=\"text-align:center;\">2016<\/td><td style=\"text-align:center;\">2015<\/td><td style=\"text-align:center;\">2014<\/td><td style=\"text-align:center;\">2013<\/td><td style=\"text-align:center;\">2012<\/td><td style=\"text-align:center;\">2011<\/td><td style=\"text-align:center;\">2010<\/td><td style=\"text-align:center;\">2009<\/td><td style=\"text-align:center;\">2008<\/td><td style=\"text-align:center;\">2007<\/td><\/tr><\/tbody><\/table><\/div><br>\n\n\n\n<p><em>I gruppi 14-17 non hanno limiti di et\u00e0 e sono i seguenti:<\/em><\/p>\n\n\n\n<ul class=\"wp-block-list\">\n<li><strong>Gruppo 14<\/strong> &#8211; Amatoriale &#8211; Non laureato in musica che lavora in un settore non legato alla musica.<\/li>\n\n\n\n<li><strong>Gruppo 15<\/strong> &#8211; Collegiale &#8211; Possiede una laurea o sta studiando per conseguirla.<\/li>\n\n\n\n<li><strong>Gruppo 16<\/strong> &#8211; Master &#8211; Possiede un master o sta studiando per conseguirlo.<\/li>\n\n\n\n<li><strong>Gruppo 17<\/strong> &#8211; Professionista &#8211; Possiede un diploma DMA o sta studiando per ottenerlo.<\/li>\n<\/ul>\n\n\n\n<h4 class=\"wp-block-heading\">Livelli di difficolt\u00e0<\/h4>\n\n\n\n<ul class=\"wp-block-list\">\n<li>Ci sono 4 livelli di difficolt\u00e0: Novizio (principiante), Standard (intermedio), Esperto (avanzato &#8211; avanzato) e Virtuoso (altamente competitivo).<\/li>\n\n\n\n<li>I gruppi Collegiale, Master e Professionale possono competere solo ai livelli Esperto o Virtuoso.<\/li>\n<\/ul>\n\n\n\n<div class=\"inherit-container-width wp-block-group is-layout-constrained wp-container-core-group-is-layout-4b20ef13 wp-block-group-is-layout-constrained\" style=\"padding-top:var(--wp--preset--spacing--30);padding-right:var(--wp--preset--spacing--30);padding-bottom:var(--wp--preset--spacing--30);padding-left:var(--wp--preset--spacing--30)\"><div class=\"wp-block-group__inner-container\">\n<p><strong>Il Novice<\/strong> \u00e8 una piattaforma unica che permette agli studenti principianti di sperimentare la competizione in un ambiente facile e amichevole, aiutandoli a prepararsi per i livelli superiori. Gli studenti possono partecipare a Novice pi\u00f9 volte fino a quando non si sentono sicuri e pronti per passare a Standard, che rappresenta il primo passo nelle competizioni. <\/p>\n\n\n\n<p>Il livello <strong>Standard<\/strong> si basa sulle fondamenta gettate nel livello Novizio, offrendo agli studenti una transizione confortevole per esplorare ulteriormente le loro capacit\u00e0 musicali. Pur offrendo un livello di sfida pi\u00f9 elevato, mantiene un ambiente di supporto e incoraggiamento, assicurando che gli studenti si sentano a proprio agio nel compiere il passo successivo del loro percorso musicale. Il livello Standard \u00e8 un equilibrio tra la crescita e l&#8217;introduzione di nuovi elementi, consentendo ai partecipanti di continuare ad affinare le proprie capacit\u00e0 con fiducia ed entusiasmo.  <\/p>\n\n\n\n<p>Il livello <strong>Esperto<\/strong> rappresenta un&#8217;entusiasmante progressione rispetto allo Standard, offrendo ai partecipanti la possibilit\u00e0 di affinare ulteriormente le proprie capacit\u00e0 e di mostrare il proprio talento in crescita. Pur presentando un livello di sfida pi\u00f9 elevato, il livello Esperto mantiene un ambiente di supporto e incoraggiamento, che permette agli studenti di spingersi oltre i propri limiti e di esplorare nuovi orizzonti musicali. Questo livello \u00e8 pensato per persone appassionate e appassionanti che sono pronte a portare le loro abilit\u00e0 musicali a un livello superiore. Offre ai partecipanti una piattaforma per dimostrare il loro eccezionale talento e li prepara a opportunit\u00e0 pi\u00f9 avanzate in futuro.   <\/p>\n\n\n\n<p>Il livello <strong>Virtuoso<\/strong> \u00e8 pensato per i partecipanti altamente competitivi che sono pronti a mostrare le loro eccezionali capacit\u00e0. Questo livello prevede che i partecipanti eseguano due brani, dimostrando la loro maestria e abilit\u00e0 in una competizione impegnativa. <\/p>\n\n\n\n<p>Per i partecipanti al livello <strong>Virtuoso<\/strong>, oltre al premio in denaro, c&#8217;\u00e8 l&#8217;opportunit\u00e0 esclusiva di esibirsi in rinomate sale da concerto di tutto il mondo. Questo livello \u00e8 stato pensato appositamente per musicisti altamente qualificati che sono pronti a mostrare il loro eccezionale talento su un palcoscenico globale. Esibendosi in luoghi prestigiosi come la Carnegie Hall, la Royal Albert Hall e la Sydney Opera House, i partecipanti ottengono il riconoscimento e l&#8217;esposizione nell&#8217;industria musicale, migliorando ulteriormente il loro percorso musicale e le loro prospettive di carriera.  <\/p>\n<\/div><\/div>\n\n\n\n<h4 class=\"wp-block-heading\">Composizione<\/h4>\n\n\n\n<ul class=\"wp-block-list\">\n<li>Un pezzo \u00e8 richiesto per i livelli Novizio, Standard ed Esperto.<\/li>\n\n\n\n<li>Per il livello Virtuoso sono richiesti due brani<\/li>\n<\/ul>\n\n\n\n<h4 class=\"wp-block-heading\">Divisioni<\/h4>\n\n\n\n<ul class=\"wp-block-list\">\n<li>Puoi scegliere tra Solo per musica classica o Popular per musica pop.<\/li>\n<\/ul>\n\n\n\n<h4 class=\"wp-block-heading\">Formato<\/h4>\n\n\n\n<ul class=\"wp-block-list\">\n<li>Online (invio di video) o dal vivo presso l&#8217;Universit\u00e0 Azusa Pacific<\/li>\n<\/ul>\n<\/div><\/div>\n\n<div class=\"wp-block-pb-accordion-item c-accordion__item js-accordion-item no-js\" data-initially-open=\"false\" data-click-to-close=\"true\" data-auto-close=\"true\" data-scroll=\"true\" data-scroll-offset=\"0\"><h2 id=\"at-41334\" class=\"c-accordion__title js-accordion-controller\" role=\"button\">Awards<\/h2><div id=\"ac-41334\" class=\"c-accordion__content\">\n<h3 class=\"wp-block-heading\"><strong>Il gran premio assoluto: un viaggio di esibizione completamente finanziato<\/strong><\/h3>\n\n\n\n<p>Il vincitore del Gran Premio Assoluto ricever\u00e0 un viaggio di esibizione con tutte le spese pagate. Questo premio esclusivo include un volo di andata e ritorno e due notti di alloggio per un&#8217;opportunit\u00e0 indimenticabile di esibirsi alla Weill Recital Hall della Carnegie Hall a New York o in una rinomata sala da concerto in Europa. Questo premio \u00e8 pensato per offrire un&#8217;esperienza davvero eccezionale e irripetibile a un artista di spicco.  <\/p>\n\n\n\n<h3 class=\"wp-block-heading\">Premi in denaro per il livello Virtuoso<\/h3>\n\n\n\n<p>I migliori artisti del <strong>Livello Virtuoso<\/strong> riceveranno premi in denaro. Il vincitore del primo posto ricever\u00e0 <g id=\"gid_1\">150 $<\/g>, il vincitore del secondo posto ricever\u00e0 <g id=\"gid_2\">75 $<\/g> e il vincitore del terzo posto ricever\u00e0 <g id=\"gid_3\">50 $<\/g>. Questi premi in denaro sono un riconoscimento diretto dell&#8217;eccezionale talento e dedizione dimostrati dai partecipanti con il punteggio pi\u00f9 alto in questa categoria avanzata.  <\/p>\n\n\n\n<h3 class=\"wp-block-heading\">Voucher premio per esibizioni concertistiche IAPMT<\/h3>\n\n\n\n<p>Un <strong>Voucher Premio<\/strong> \u00e8 un premio non in denaro che pu\u00f2 essere riscattato per coprire le quote di tour concertistici o esibizioni alla Weill Recital Hall della Carnegie Hall.<\/p>\n\n\n\n<h4 class=\"wp-block-heading\">Voucher per il 1\u00b0 posto con il punteggio pi\u00f9 alto:<\/h4>\n\n\n\n<ul class=\"wp-block-list\">\n<li>Principiante: 50 $<\/li>\n\n\n\n<li>Standard: 75 $<\/li>\n\n\n\n<li>Esperto: 100 $<\/li>\n\n\n\n<li>Virtuoso: 200 $<\/li>\n<\/ul>\n\n\n\n<h4 class=\"wp-block-heading\">Voucher Gran Premio:<\/h4>\n\n\n\n<ul class=\"wp-block-list\">\n<li>Principiante: 150 $<\/li>\n\n\n\n<li>Standard: 200 $<\/li>\n\n\n\n<li>Esperto: 250 $<\/li>\n\n\n\n<li>Virtuoso: 400 $<\/li>\n<\/ul>\n\n\n\n<h3 class=\"wp-block-heading\">Borse di studio OpusOne<\/h3>\n\n\n\n<p>Una <strong>Borsa di studio OpusOne<\/strong> \u00e8 un premio non in denaro che pu\u00f2 essere riscattato per coprire le quote di iscrizione all&#8217;OpusOne International Music Festival nel 2026.<\/p>\n\n\n\n<h4 class=\"wp-block-heading\">Borse di studio per il 1\u00b0 posto con il punteggio pi\u00f9 alto:<\/h4>\n\n\n\n<ul class=\"wp-block-list\">\n<li>Principiante: 100 $<\/li>\n\n\n\n<li>Standard: 150 $<\/li>\n\n\n\n<li>Esperto: 200 $<\/li>\n\n\n\n<li>Virtuoso: 300 $<\/li>\n<\/ul>\n\n\n\n<h4 class=\"wp-block-heading\">Borse di studio Gran Premio:<\/h4>\n\n\n\n<ul class=\"wp-block-list\">\n<li>Principiante: 200 $<\/li>\n\n\n\n<li>Standard: 300 $<\/li>\n\n\n\n<li>Esperto: 400 $<\/li>\n\n\n\n<li>Virtuoso: 500 $<\/li>\n<\/ul>\n\n\n\n<h3 class=\"wp-block-heading\">Premi generali<\/h3>\n\n\n\n<ul class=\"wp-block-list\">\n<li>\ud83e\udd47<strong>Certificati elettronici:<\/strong> Assegnati ai vincitori dal primo al quinto posto nei livelli Principiante, Standard ed Esperto, e ai vincitori dal primo al quarto posto nel livello Virtuoso.<\/li>\n<\/ul>\n\n\n\n<h3 class=\"wp-block-heading\">Opportunit\u00e0 di esibizione<\/h3>\n\n\n\n<h4 class=\"wp-block-heading\">Esibizioni alla Carnegie Hall: \ud83c\udfbb<\/h4>\n\n\n\n<ul class=\"wp-block-list\">\n<li><strong>17 gennaio 2026:<\/strong> I vincitori del primo posto dei livelli Principiante e Standard saranno invitati a esibirsi alla Weill Recital Hall.<\/li>\n\n\n\n<li><strong>18 gennaio 2026:<\/strong> I vincitori del primo e secondo posto dei livelli Esperto e Virtuoso saranno invitati a esibirsi alla Weill Recital Hall.<\/li>\n<\/ul>\n\n\n\n<h4 class=\"wp-block-heading\">Tour di concerti internazionali: \u2708\ufe0f<\/h4>\n\n\n\n<ul class=\"wp-block-list\">\n<li><strong>Tour IAPMT in Asia ed Europa (17 giugno \u2013 2 luglio e 28 luglio \u2013 6 agosto 2026):<\/strong> I vincitori del primo e secondo posto avranno l&#8217;opportunit\u00e0 di esibirsi durante questi tour di 7-10 giorni.<\/li>\n\n\n\n<li><strong>Vincitori della Divisione Concerto:<\/strong> I vincitori selezionati avranno anche la possibilit\u00e0 di esibirsi nei tour in Europa o in Asia e di ricevere una sessione di coaching con il direttore d&#8217;orchestra.<\/li>\n<\/ul>\n\n\n\n<h3 class=\"wp-block-heading\">Riconoscimenti speciali<\/h3>\n\n\n\n<h4 class=\"wp-block-heading\">Premi del concerto di gala: \ud83c\udfc6<\/h4>\n\n\n\n<ul class=\"wp-block-list\">\n<li><strong>Livello Virtuoso:<\/strong> I partecipanti riceveranno un trofeo e un certificato.<\/li>\n\n\n\n<li><strong>Livelli Principiante, Standard ed Esperto:<\/strong> I partecipanti riceveranno una medaglia e un certificato.<\/li>\n<\/ul>\n\n\n\n<h4 class=\"wp-block-heading\">Artista IAPMT Young Kawai:<\/h4>\n\n\n\n<ul class=\"wp-block-list\">\n<li>I vincitori del gran premio selezionati saranno riconosciuti con questo prestigioso titolo.<\/li>\n<\/ul>\n\n\n\n<h4 class=\"wp-block-heading\">Insegnante con medaglia Kawai:<\/h4>\n\n\n\n<ul class=\"wp-block-list\">\n<li>Gli insegnanti dei vincitori del gran premio selezionati saranno onorati con questa distinzione.<\/li>\n<\/ul>\n\n\n\n<h3 class=\"wp-block-heading\">Note importanti<\/h3>\n\n\n\n<ul class=\"wp-block-list\">\n<li>Sar\u00e0 richiesta una quota di esibizione per i concorrenti invitati a esibirsi in Asia, Europa e New York.<\/li>\n\n\n\n<li>Potrebbe essere applicato un costo di spedizione per le medaglie in alcune regioni e paesi.<\/li>\n<\/ul>\n<\/div><\/div>\n","protected":false},"excerpt":{"rendered":"","protected":false},"author":2,"featured_media":0,"parent":0,"menu_order":0,"comment_status":"closed","ping_status":"closed","template":"","meta":{"_uag_custom_page_level_css":"","site-sidebar-layout":"default","site-content-layout":"plain-container","ast-site-content-layout":"normal-width-container","site-content-style":"unboxed","site-sidebar-style":"unboxed","ast-global-header-display":"","ast-banner-title-visibility":"","ast-main-header-display":"","ast-hfb-above-header-display":"","ast-hfb-below-header-display":"","ast-hfb-mobile-header-display":"","site-post-title":"disabled","ast-breadcrumbs-content":"","ast-featured-img":"","footer-sml-layout":"","ast-disable-related-posts":"","theme-transparent-header-meta":"enabled","adv-header-id-meta":"","stick-header-meta":"","header-above-stick-meta":"","header-main-stick-meta":"","header-below-stick-meta":"","astra-migrate-meta-layouts":"default","ast-page-background-enabled":"default","ast-page-background-meta":{"desktop":{"background-color":"","background-image":"","background-repeat":"repeat","background-position":"center center","background-size":"auto","background-attachment":"scroll","background-type":"","background-media":"","overlay-type":"","overlay-color":"","overlay-opacity":"","overlay-gradient":""},"tablet":{"background-color":"","background-image":"","background-repeat":"repeat","background-position":"center center","background-size":"auto","background-attachment":"scroll","background-type":"","background-media":"","overlay-type":"","overlay-color":"","overlay-opacity":"","overlay-gradient":""},"mobile":{"background-color":"","background-image":"","background-repeat":"repeat","background-position":"center center","background-size":"auto","background-attachment":"scroll","background-type":"","background-media":"","overlay-type":"","overlay-color":"","overlay-opacity":"","overlay-gradient":""}},"ast-content-background-meta":{"desktop":{"background-color":"var(--ast-global-color-5)","background-image":"","background-repeat":"repeat","background-position":"center center","background-size":"auto","background-attachment":"scroll","background-type":"","background-media":"","overlay-type":"","overlay-color":"","overlay-opacity":"","overlay-gradient":""},"tablet":{"background-color":"var(--ast-global-color-5)","background-image":"","background-repeat":"repeat","background-position":"center center","background-size":"auto","background-attachment":"scroll","background-type":"","background-media":"","overlay-type":"","overlay-color":"","overlay-opacity":"","overlay-gradient":""},"mobile":{"background-color":"var(--ast-global-color-5)","background-image":"","background-repeat":"repeat","background-position":"center center","background-size":"auto","background-attachment":"scroll","background-type":"","background-media":"","overlay-type":"","overlay-color":"","overlay-opacity":"","overlay-gradient":""}},"footnotes":""},"kind":[],"class_list":["post-19992","page","type-page","status-publish","hentry"],"uagb_featured_image_src":{"full":false,"thumbnail":false,"medium":false,"medium_large":false,"large":false,"1536x1536":false,"2048x2048":false},"uagb_author_info":{"display_name":"William","author_link":"https:\/\/iapmt.org\/it\/author\/william\/"},"uagb_comment_info":0,"uagb_excerpt":null,"_links":{"self":[{"href":"https:\/\/iapmt.org\/it\/wp-json\/wp\/v2\/pages\/19992","targetHints":{"allow":["GET"]}}],"collection":[{"href":"https:\/\/iapmt.org\/it\/wp-json\/wp\/v2\/pages"}],"about":[{"href":"https:\/\/iapmt.org\/it\/wp-json\/wp\/v2\/types\/page"}],"author":[{"embeddable":true,"href":"https:\/\/iapmt.org\/it\/wp-json\/wp\/v2\/users\/2"}],"replies":[{"embeddable":true,"href":"https:\/\/iapmt.org\/it\/wp-json\/wp\/v2\/comments?post=19992"}],"version-history":[{"count":1,"href":"https:\/\/iapmt.org\/it\/wp-json\/wp\/v2\/pages\/19992\/revisions"}],"predecessor-version":[{"id":19994,"href":"https:\/\/iapmt.org\/it\/wp-json\/wp\/v2\/pages\/19992\/revisions\/19994"}],"wp:attachment":[{"href":"https:\/\/iapmt.org\/it\/wp-json\/wp\/v2\/media?parent=19992"}],"wp:term":[{"taxonomy":"kind","embeddable":true,"href":"https:\/\/iapmt.org\/it\/wp-json\/wp\/v2\/kind?post=19992"}],"curies":[{"name":"wp","href":"https:\/\/api.w.org\/{rel}","templated":true}]}}