{"id":19825,"date":"2024-02-29T23:41:35","date_gmt":"2024-02-29T23:41:35","guid":{"rendered":"https:\/\/iapmt.org\/tour-di-concerti-in-europa\/"},"modified":"2026-02-24T15:37:23","modified_gmt":"2026-02-24T15:37:23","slug":"tour-di-concerti-in-europa","status":"publish","type":"page","link":"https:\/\/iapmt.org\/it\/tour-di-concerti-in-europa\/","title":{"rendered":"Tour di concerti in Europa"},"content":{"rendered":"\n<div class=\"wp-block-cover alignfull is-light\"><img loading=\"lazy\" decoding=\"async\" width=\"3840\" height=\"3840\" class=\"wp-block-cover__image-background wp-image-17880\" alt=\"\" src=\"https:\/\/iapmt.org\/media\/IAPMT-Blue-Wave-Cover.jpg\" data-object-fit=\"cover\" srcset=\"https:\/\/iapmt.org\/media\/IAPMT-Blue-Wave-Cover.jpg 3840w, https:\/\/iapmt.org\/media\/IAPMT-Blue-Wave-Cover-768x768.jpg 768w, https:\/\/iapmt.org\/media\/IAPMT-Blue-Wave-Cover-1536x1536.jpg 1536w, https:\/\/iapmt.org\/media\/IAPMT-Blue-Wave-Cover-2048x2048.jpg 2048w\" sizes=\"auto, (max-width: 3840px) 100vw, 3840px\" \/><span aria-hidden=\"true\" class=\"wp-block-cover__background has-background-dim-0 has-background-dim\" style=\"background-color:#843156\"><\/span><div class=\"wp-block-cover__inner-container is-layout-flow wp-block-cover-is-layout-flow\">\n<div style=\"height:75px\" aria-hidden=\"true\" class=\"wp-block-spacer\"><\/div>\n\n\n\n<figure class=\"wp-block-image size-full has-custom-border\"><img loading=\"lazy\" decoding=\"async\" width=\"1200\" height=\"1800\" src=\"https:\/\/iapmt.org\/media\/2026-IAPMT-Europe-Concert-Tour-v2-web.jpg\" alt=\"\" class=\"wp-image-20940\" style=\"border-radius:15px\" srcset=\"https:\/\/iapmt.org\/media\/2026-IAPMT-Europe-Concert-Tour-v2-web.jpg 1200w, https:\/\/iapmt.org\/media\/2026-IAPMT-Europe-Concert-Tour-v2-web-768x1152.jpg 768w, https:\/\/iapmt.org\/media\/2026-IAPMT-Europe-Concert-Tour-v2-web-1024x1536.jpg 1024w\" sizes=\"auto, (max-width: 1200px) 100vw, 1200px\" \/><\/figure>\n<\/div><\/div>\n\n<h2 class=\"wp-block-heading\">Tourn\u00e9e europea di concerti IAPMT \u2022 Estate 2026<\/h2>\n\n<p>Sei un appassionato musicista classico che sogna di mostrare il tuo talento su un palcoscenico internazionale immergendoti nel ricco patrimonio culturale dell&#8217;Europa? L&#8217;Associazione Internazionale degli Insegnanti di Musica Professionisti (IAPMT) ti invita a partecipare a un viaggio indimenticabile attraverso la Germania e l&#8217;Italia nel 2026! <\/p>\n\n<p>Questo tour esclusivo offre una miscela unica di visite turistiche mozzafiato e opportunit\u00e0 di esibizioni senza precedenti in alcuni dei luoghi pi\u00f9 stimati d&#8217;Europa.<\/p>\n\n<div class=\"wp-block-pb-accordion-item c-accordion__item js-accordion-item no-js is-open\" data-initially-open=\"true\" data-click-to-close=\"true\" data-auto-close=\"true\" data-scroll=\"true\" data-scroll-offset=\"0\"><h2 id=\"at-61572\" class=\"c-accordion__title js-accordion-controller\" role=\"button\">Registration &amp; Eligibility Guidelines<\/h2><div id=\"ac-61572\" class=\"c-accordion__content\">\n<ul class=\"wp-block-list\">\n<li>Visita la sezione <a href=\"https:\/\/iapmt.com\/event-registration\/\" data-type=\"page\" data-id=\"3691\">Registrazione all&#8217;evento<\/a> per iscriverti a questo evento.<\/li>\n\n\n\n<li><strong>Idoneit\u00e0 automatica:<\/strong> gli inviti diretti per l&#8217;Asia Tour 2026 sono estesi a:\n<ul class=\"wp-block-list\">\n<li>Vincitori selezionati del <strong>1\u00b0 e 2\u00b0 posto<\/strong> della 2025 Autumn Grand Competition.<\/li>\n\n\n\n<li>Selezionati <strong>interpreti principali<\/strong> della 2025 Carnegie Concert Series.<\/li>\n<\/ul>\n<\/li>\n\n\n\n<li><strong>Il processo di iscrizione:<\/strong>\n<ul class=\"wp-block-list\">\n<li><strong>Musicisti idonei:<\/strong> il pulsante &#8220;2026 Korea Concert Tour&#8221; apparir\u00e0 automaticamente nel tuo portale.<\/li>\n\n\n\n<li><strong>Tutti gli altri candidati:<\/strong> se non soddisfi i criteri di idoneit\u00e0 diretta, vedrai un pulsante per iscriverti alle <strong>audizioni per il 2026 Korea Concert Tour<\/strong>.<\/li>\n<\/ul>\n<\/li>\n\n\n\n<li><strong>Ingresso tramite audizione:<\/strong> una volta inviato e revisionato il video della tua audizione, il tuo stato verr\u00e0 aggiornato in &#8220;Superato&#8221;. A quel punto, diventer\u00e0 disponibile il pulsante ufficiale di iscrizione al tour. <\/li>\n\n\n\n<li><strong>Accesso al portale:<\/strong> puoi trovare tutti i pulsanti pertinenti nella pagina <a href=\"https:\/\/iapmt.org\/event-registration\/\" target=\"_blank\" rel=\"noreferrer noopener\">Iscrizione agli eventi<\/a>.<\/li>\n\n\n\n<li><strong>Requisiti dell&#8217;account:<\/strong> devi aver effettuato l&#8217;accesso per visualizzare il tuo stato di idoneit\u00e0 e iscriverti.\n<ul class=\"wp-block-list\">\n<li>Se non hai un account, <a href=\"https:\/\/iapmt.org\/register\/\" target=\"_blank\" rel=\"noreferrer noopener\">crea un account Concorrente o Insegnante<\/a> per iniziare.<\/li>\n<\/ul>\n<\/li>\n<\/ul>\n\n\n\n<p><em>Se ritieni di essere idoneo in base ai tuoi risultati del 2025 ma non vedi il pulsante di iscrizione al tour, assicurati di aver effettuato l&#8217;accesso con l&#8217;account corretto. Puoi anche inviare un&#8217;e-mail all&#8217;assistenza all&#8217;indirizzo support@iapmt.com per permetterci di verificare la tua idoneit\u00e0. <\/em><\/p>\n<\/div><\/div>\n\n<div class=\"wp-block-pb-accordion-item c-accordion__item js-accordion-item no-js\" data-initially-open=\"false\" data-click-to-close=\"true\" data-auto-close=\"true\" data-scroll=\"true\" data-scroll-offset=\"0\"><h2 id=\"at-61573\" class=\"c-accordion__title js-accordion-controller\" role=\"button\">Tour Schedule &amp; Information<\/h2><div id=\"ac-61573\" class=\"c-accordion__content\">\n<p>Parte 1: Praga &#8211; Germania (27 luglio &#8211; 29 luglio 2026)<br\/>La nostra avventura tedesca inizia a Dresda, una citt\u00e0 rinomata per la sua splendida architettura barocca e il suo vivace patrimonio musicale. Avrai la possibilit\u00e0 di esplorare monumenti storici, approfondire la cultura locale e prepararti per le tue esibizioni. <\/p>\n\n\n\n<p>Parte 2: Italia (31 luglio &#8211; 7 agosto 2026)<br\/>La parte italiana del nostro tour ci porta nelle magnifiche citt\u00e0 di Roma e Napoli. Vivi la grandiosit\u00e0 dell&#8217;antica Roma, dal Colosseo alla Citt\u00e0 del Vaticano, prima di dirigerti a sud verso l&#8217;affascinante citt\u00e0 di Napoli. <\/p>\n\n\n\n<h3 class=\"wp-block-heading\">Sedi Solo \u2022 Germania \u2022 Dresda<\/h3>\n\n\n\n<ul class=\"wp-block-list\">\n<li>Bechstein Centrum: una sala da concerto di livello mondiale. Conosciuta per ospitare recital solistici e musica da camera, offre un palcoscenico perfetto per consentire ai musicisti di entrare in profonda connessione con il loro pubblico. La sala fa parte della prestigiosa eredit\u00e0 di C. Bechstein, un nome sinonimo di eccellenza nella lavorazione artigianale del pianoforte e nell&#8217;esecuzione musicale.  <\/li>\n<\/ul>\n\n\n\n<h3 class=\"wp-block-heading\">Sedi Solo \u2022 Italia \u2022 Roma<\/h3>\n\n\n\n<ul class=\"wp-block-list\">\n<li>FESTIVAL MUSICALE DELLE NAZIONI | 31 LUGLIO 2026: Chiostro di Campitelli\/Teatro di Marcello. Risalente all&#8217;antica Roma, il Teatro di Marcello ha ospitato spettacoli per secoli e rimane un punto di riferimento culturale nel cuore della citt\u00e0. Questo ambiente unico combina storia, architettura e musica, creando un&#8217;esperienza indimenticabile per artisti e pubblico.   <\/li>\n\n\n\n<li>CONCERTO DI GALA DEL GRAN PREMIO INTERNAZIONALE | 1\u00b0 AGOSTO 2026 : Link University \u2013 una sede moderna e prestigiosa nel cuore di Roma, nota per ospitare concorsi musicali internazionali, concerti di gala ed eventi culturali. Il suo auditorium all&#8217;avanguardia combina un&#8217;acustica eccellente con un design contemporaneo, offrendo agli artisti un ambiente professionale in cui brillare. La sede attrae musicisti da tutto il mondo, rendendola un palcoscenico ideale per mettere in mostra il talento su una piattaforma globale.  <\/li>\n<\/ul>\n\n\n\n<h3 class=\"wp-block-heading\">Sedi per concerti<\/h3>\n\n\n\n<ul class=\"wp-block-list\">\n<li>St. Paul&#8217;s Within the Walls, Roma: prova l&#8217;emozione di esibirti in un concerto con la prestigiosa Rome Symphony Orchestra nella splendida cornice di St. Paul&#8217;s Within the Walls. Questa \u00e8 un&#8217;incredibile opportunit\u00e0 per collaborare con un&#8217;orchestra professionale ed elevare la tua esecuzione a nuovi livelli. <\/li>\n<\/ul>\n\n\n\n<p>Pronto a salire sul palco?<\/p>\n\n\n\n<p>Non perdere questa straordinaria opportunit\u00e0 di combinare la tua passione per la musica classica con l&#8217;avventura di una vita! I posti sono limitati, quindi assicurati il tuo posto oggi stesso. <\/p>\n\n\n\n<figure class=\"wp-block-image size-full has-custom-border\"><img loading=\"lazy\" decoding=\"async\" width=\"1200\" height=\"675\" src=\"https:\/\/iapmt.org\/media\/2026-IAPMT-Europe-Tour-v1-1.jpg\" alt=\"\" class=\"wp-image-20365\" style=\"border-top-left-radius:15px;border-top-right-radius:15px;border-bottom-left-radius:15px;border-bottom-right-radius:15px\" srcset=\"https:\/\/iapmt.org\/media\/2026-IAPMT-Europe-Tour-v1-1.jpg 1200w, https:\/\/iapmt.org\/media\/2026-IAPMT-Europe-Tour-v1-1-768x432.jpg 768w\" sizes=\"auto, (max-width: 1200px) 100vw, 1200px\" \/><\/figure>\n\n\n\n<figure class=\"wp-block-image size-full has-custom-border\"><img loading=\"lazy\" decoding=\"async\" width=\"1200\" height=\"675\" src=\"https:\/\/iapmt.org\/media\/2026-IAPMT-Europe-Tour-v1-2.jpg\" alt=\"\" class=\"wp-image-20367\" style=\"border-top-left-radius:15px;border-top-right-radius:15px;border-bottom-left-radius:15px;border-bottom-right-radius:15px\" srcset=\"https:\/\/iapmt.org\/media\/2026-IAPMT-Europe-Tour-v1-2.jpg 1200w, https:\/\/iapmt.org\/media\/2026-IAPMT-Europe-Tour-v1-2-768x432.jpg 768w\" sizes=\"auto, (max-width: 1200px) 100vw, 1200px\" \/><\/figure>\n\n\n\n<figure class=\"wp-block-image size-full has-custom-border\"><img loading=\"lazy\" decoding=\"async\" width=\"1200\" height=\"601\" src=\"https:\/\/iapmt.org\/media\/2026-IAPMT-Europe-Tour-v1-3.jpg\" alt=\"\" class=\"wp-image-20368\" style=\"border-top-left-radius:15px;border-top-right-radius:15px;border-bottom-left-radius:15px;border-bottom-right-radius:15px\" srcset=\"https:\/\/iapmt.org\/media\/2026-IAPMT-Europe-Tour-v1-3.jpg 1200w, https:\/\/iapmt.org\/media\/2026-IAPMT-Europe-Tour-v1-3-768x385.jpg 768w\" sizes=\"auto, (max-width: 1200px) 100vw, 1200px\" \/><\/figure>\n\n\n\n<figure class=\"wp-block-image size-full has-custom-border\"><img loading=\"lazy\" decoding=\"async\" width=\"1200\" height=\"551\" src=\"https:\/\/iapmt.org\/media\/2026-IAPMT-Europe-Tour-v1-4.jpg\" alt=\"\" class=\"wp-image-20369\" style=\"border-top-left-radius:15px;border-top-right-radius:15px;border-bottom-left-radius:15px;border-bottom-right-radius:15px\" srcset=\"https:\/\/iapmt.org\/media\/2026-IAPMT-Europe-Tour-v1-4.jpg 1200w, https:\/\/iapmt.org\/media\/2026-IAPMT-Europe-Tour-v1-4-768x353.jpg 768w\" sizes=\"auto, (max-width: 1200px) 100vw, 1200px\" \/><\/figure>\n\n\n\n<figure class=\"wp-block-image size-full has-custom-border\"><img loading=\"lazy\" decoding=\"async\" width=\"1200\" height=\"675\" src=\"https:\/\/iapmt.org\/media\/2026-IAPMT-Europe-Tour-v1-5.jpg\" alt=\"\" class=\"wp-image-20370\" style=\"border-top-left-radius:15px;border-top-right-radius:15px;border-bottom-left-radius:15px;border-bottom-right-radius:15px\" srcset=\"https:\/\/iapmt.org\/media\/2026-IAPMT-Europe-Tour-v1-5.jpg 1200w, https:\/\/iapmt.org\/media\/2026-IAPMT-Europe-Tour-v1-5-768x432.jpg 768w\" sizes=\"auto, (max-width: 1200px) 100vw, 1200px\" \/><\/figure>\n\n\n\n<figure class=\"wp-block-image size-full has-custom-border\"><img loading=\"lazy\" decoding=\"async\" width=\"1200\" height=\"551\" src=\"https:\/\/iapmt.org\/media\/2026-IAPMT-Europe-Tour-v1-6.jpg\" alt=\"\" class=\"wp-image-20371\" style=\"border-top-left-radius:15px;border-top-right-radius:15px;border-bottom-left-radius:15px;border-bottom-right-radius:15px\" srcset=\"https:\/\/iapmt.org\/media\/2026-IAPMT-Europe-Tour-v1-6.jpg 1200w, https:\/\/iapmt.org\/media\/2026-IAPMT-Europe-Tour-v1-6-768x353.jpg 768w\" sizes=\"auto, (max-width: 1200px) 100vw, 1200px\" \/><\/figure>\n\n\n\n<figure class=\"wp-block-image size-full has-custom-border\"><img loading=\"lazy\" decoding=\"async\" width=\"1200\" height=\"601\" src=\"https:\/\/iapmt.org\/media\/2026-IAPMT-Europe-Tour-v1-7.jpg\" alt=\"\" class=\"wp-image-20372\" style=\"border-top-left-radius:15px;border-top-right-radius:15px;border-bottom-left-radius:15px;border-bottom-right-radius:15px\" srcset=\"https:\/\/iapmt.org\/media\/2026-IAPMT-Europe-Tour-v1-7.jpg 1200w, https:\/\/iapmt.org\/media\/2026-IAPMT-Europe-Tour-v1-7-768x385.jpg 768w\" sizes=\"auto, (max-width: 1200px) 100vw, 1200px\" \/><\/figure>\n\n\n\n<figure class=\"wp-block-image size-full has-custom-border\"><img loading=\"lazy\" decoding=\"async\" width=\"1200\" height=\"551\" src=\"https:\/\/iapmt.org\/media\/2026-IAPMT-Europe-Tour-v1-8.jpg\" alt=\"\" class=\"wp-image-20373\" style=\"border-top-left-radius:15px;border-top-right-radius:15px;border-bottom-left-radius:15px;border-bottom-right-radius:15px\" srcset=\"https:\/\/iapmt.org\/media\/2026-IAPMT-Europe-Tour-v1-8.jpg 1200w, https:\/\/iapmt.org\/media\/2026-IAPMT-Europe-Tour-v1-8-768x353.jpg 768w\" sizes=\"auto, (max-width: 1200px) 100vw, 1200px\" \/><\/figure>\n\n\n\n<figure class=\"wp-block-image size-full has-custom-border\"><img loading=\"lazy\" decoding=\"async\" width=\"1200\" height=\"675\" src=\"https:\/\/iapmt.org\/media\/2026-IAPMT-Europe-Tour-v1-9.jpg\" alt=\"\" class=\"wp-image-20374\" style=\"border-top-left-radius:15px;border-top-right-radius:15px;border-bottom-left-radius:15px;border-bottom-right-radius:15px\" srcset=\"https:\/\/iapmt.org\/media\/2026-IAPMT-Europe-Tour-v1-9.jpg 1200w, https:\/\/iapmt.org\/media\/2026-IAPMT-Europe-Tour-v1-9-768x432.jpg 768w\" sizes=\"auto, (max-width: 1200px) 100vw, 1200px\" \/><\/figure>\n\n\n\n<figure class=\"wp-block-image size-full has-custom-border\"><img loading=\"lazy\" decoding=\"async\" width=\"1200\" height=\"483\" src=\"https:\/\/iapmt.org\/media\/2026-IAPMT-Europe-Tour-v1-10.jpg\" alt=\"\" class=\"wp-image-20375\" style=\"border-top-left-radius:15px;border-top-right-radius:15px;border-bottom-left-radius:15px;border-bottom-right-radius:15px\" srcset=\"https:\/\/iapmt.org\/media\/2026-IAPMT-Europe-Tour-v1-10.jpg 1200w, https:\/\/iapmt.org\/media\/2026-IAPMT-Europe-Tour-v1-10-768x309.jpg 768w\" sizes=\"auto, (max-width: 1200px) 100vw, 1200px\" \/><\/figure>\n\n\n\n<figure class=\"wp-block-image size-full has-custom-border\"><img loading=\"lazy\" decoding=\"async\" width=\"1200\" height=\"483\" src=\"https:\/\/iapmt.org\/media\/2026-IAPMT-Europe-Tour-v1-11.jpg\" alt=\"\" class=\"wp-image-20376\" style=\"border-top-left-radius:15px;border-top-right-radius:15px;border-bottom-left-radius:15px;border-bottom-right-radius:15px\" srcset=\"https:\/\/iapmt.org\/media\/2026-IAPMT-Europe-Tour-v1-11.jpg 1200w, https:\/\/iapmt.org\/media\/2026-IAPMT-Europe-Tour-v1-11-768x309.jpg 768w\" sizes=\"auto, (max-width: 1200px) 100vw, 1200px\" \/><\/figure>\n\n\n\n<figure class=\"wp-block-image size-full has-custom-border\"><img loading=\"lazy\" decoding=\"async\" width=\"1200\" height=\"483\" src=\"https:\/\/iapmt.org\/media\/2026-IAPMT-Europe-Tour-v1-12.jpg\" alt=\"\" class=\"wp-image-20377\" style=\"border-top-left-radius:15px;border-top-right-radius:15px;border-bottom-left-radius:15px;border-bottom-right-radius:15px\" srcset=\"https:\/\/iapmt.org\/media\/2026-IAPMT-Europe-Tour-v1-12.jpg 1200w, https:\/\/iapmt.org\/media\/2026-IAPMT-Europe-Tour-v1-12-768x309.jpg 768w\" sizes=\"auto, (max-width: 1200px) 100vw, 1200px\" \/><\/figure>\n\n\n\n<figure class=\"wp-block-image size-full has-custom-border\"><img loading=\"lazy\" decoding=\"async\" width=\"1200\" height=\"483\" src=\"https:\/\/iapmt.org\/media\/2026-IAPMT-Europe-Tour-v1-13.jpg\" alt=\"\" class=\"wp-image-20378\" style=\"border-top-left-radius:15px;border-top-right-radius:15px;border-bottom-left-radius:15px;border-bottom-right-radius:15px\" srcset=\"https:\/\/iapmt.org\/media\/2026-IAPMT-Europe-Tour-v1-13.jpg 1200w, https:\/\/iapmt.org\/media\/2026-IAPMT-Europe-Tour-v1-13-768x309.jpg 768w\" sizes=\"auto, (max-width: 1200px) 100vw, 1200px\" \/><\/figure>\n<\/div><\/div>\n","protected":false},"excerpt":{"rendered":"<p>Tourn\u00e9e europea di concerti IAPMT \u2022 Estate 2026 Sei un appassionato musicista classico che sogna di mostrare il tuo talento su un palcoscenico internazionale immergendoti nel ricco patrimonio culturale dell&#8217;Europa? L&#8217;Associazione Internazionale degli Insegnanti di Musica Professionisti (IAPMT) ti invita a partecipare a un viaggio indimenticabile attraverso la Germania e l&#8217;Italia nel 2026! Questo tour [&hellip;]<\/p>\n","protected":false},"author":2,"featured_media":0,"parent":0,"menu_order":0,"comment_status":"closed","ping_status":"closed","template":"","meta":{"_uag_custom_page_level_css":"","site-sidebar-layout":"default","site-content-layout":"","ast-site-content-layout":"normal-width-container","site-content-style":"unboxed","site-sidebar-style":"default","ast-global-header-display":"","ast-banner-title-visibility":"","ast-main-header-display":"","ast-hfb-above-header-display":"","ast-hfb-below-header-display":"","ast-hfb-mobile-header-display":"","site-post-title":"disabled","ast-breadcrumbs-content":"","ast-featured-img":"","footer-sml-layout":"","ast-disable-related-posts":"","theme-transparent-header-meta":"enabled","adv-header-id-meta":"","stick-header-meta":"","header-above-stick-meta":"","header-main-stick-meta":"","header-below-stick-meta":"","astra-migrate-meta-layouts":"default","ast-page-background-enabled":"default","ast-page-background-meta":{"desktop":{"background-color":"","background-image":"","background-repeat":"repeat","background-position":"center center","background-size":"auto","background-attachment":"scroll","background-type":"","background-media":"","overlay-type":"","overlay-color":"","overlay-opacity":"","overlay-gradient":""},"tablet":{"background-color":"","background-image":"","background-repeat":"repeat","background-position":"center center","background-size":"auto","background-attachment":"scroll","background-type":"","background-media":"","overlay-type":"","overlay-color":"","overlay-opacity":"","overlay-gradient":""},"mobile":{"background-color":"","background-image":"","background-repeat":"repeat","background-position":"center center","background-size":"auto","background-attachment":"scroll","background-type":"","background-media":"","overlay-type":"","overlay-color":"","overlay-opacity":"","overlay-gradient":""}},"ast-content-background-meta":{"desktop":{"background-color":"var(--ast-global-color-5)","background-image":"","background-repeat":"repeat","background-position":"center center","background-size":"auto","background-attachment":"scroll","background-type":"","background-media":"","overlay-type":"","overlay-color":"","overlay-opacity":"","overlay-gradient":""},"tablet":{"background-color":"var(--ast-global-color-5)","background-image":"","background-repeat":"repeat","background-position":"center center","background-size":"auto","background-attachment":"scroll","background-type":"","background-media":"","overlay-type":"","overlay-color":"","overlay-opacity":"","overlay-gradient":""},"mobile":{"background-color":"var(--ast-global-color-5)","background-image":"","background-repeat":"repeat","background-position":"center center","background-size":"auto","background-attachment":"scroll","background-type":"","background-media":"","overlay-type":"","overlay-color":"","overlay-opacity":"","overlay-gradient":""}},"footnotes":""},"kind":[],"class_list":["post-19825","page","type-page","status-publish","hentry"],"uagb_featured_image_src":{"full":false,"thumbnail":false,"medium":false,"medium_large":false,"large":false,"1536x1536":false,"2048x2048":false},"uagb_author_info":{"display_name":"William","author_link":"https:\/\/iapmt.org\/it\/author\/william\/"},"uagb_comment_info":0,"uagb_excerpt":"Tourn\u00e9e europea di concerti IAPMT \u2022 Estate 2026 Sei un appassionato musicista classico che sogna di mostrare il tuo talento su un palcoscenico internazionale immergendoti nel ricco patrimonio culturale dell&#8217;Europa? L&#8217;Associazione Internazionale degli Insegnanti di Musica Professionisti (IAPMT) ti invita a partecipare a un viaggio indimenticabile attraverso la Germania e l&#8217;Italia nel 2026! Questo tour&hellip;","_links":{"self":[{"href":"https:\/\/iapmt.org\/it\/wp-json\/wp\/v2\/pages\/19825","targetHints":{"allow":["GET"]}}],"collection":[{"href":"https:\/\/iapmt.org\/it\/wp-json\/wp\/v2\/pages"}],"about":[{"href":"https:\/\/iapmt.org\/it\/wp-json\/wp\/v2\/types\/page"}],"author":[{"embeddable":true,"href":"https:\/\/iapmt.org\/it\/wp-json\/wp\/v2\/users\/2"}],"replies":[{"embeddable":true,"href":"https:\/\/iapmt.org\/it\/wp-json\/wp\/v2\/comments?post=19825"}],"version-history":[{"count":4,"href":"https:\/\/iapmt.org\/it\/wp-json\/wp\/v2\/pages\/19825\/revisions"}],"predecessor-version":[{"id":20987,"href":"https:\/\/iapmt.org\/it\/wp-json\/wp\/v2\/pages\/19825\/revisions\/20987"}],"wp:attachment":[{"href":"https:\/\/iapmt.org\/it\/wp-json\/wp\/v2\/media?parent=19825"}],"wp:term":[{"taxonomy":"kind","embeddable":true,"href":"https:\/\/iapmt.org\/it\/wp-json\/wp\/v2\/kind?post=19825"}],"curies":[{"name":"wp","href":"https:\/\/api.w.org\/{rel}","templated":true}]}}