{"id":19823,"date":"2025-03-31T06:25:32","date_gmt":"2025-03-31T06:25:32","guid":{"rendered":"https:\/\/iapmt.org\/tournee-di-concerti\/"},"modified":"2025-09-26T16:40:46","modified_gmt":"2025-09-26T16:40:46","slug":"tournee-di-concerti","status":"publish","type":"page","link":"https:\/\/iapmt.org\/it\/tournee-di-concerti\/","title":{"rendered":"Tourn\u00e9e di concerti"},"content":{"rendered":"\n<h3 class=\"wp-block-heading\">Tourn\u00e9e di concerti IAPMT: la tua porta d&#8217;accesso a prestigiose sedi di musica classica<\/h3>\n\n<p>L&#8217;International Association of Professional Music Teachers (IAPMT) invita musicisti classici di talento a intraprendere viaggi musicali trasformativi attraverso i nostri stimati programmi di tourn\u00e9e di concerti. Offriamo opportunit\u00e0 impareggiabili per mostrare la tua arte in luoghi rinomati, entrare in contatto con una rete globale di musicisti e immergerti nel ricco patrimonio culturale dell&#8217;Europa e non solo. Scopri il palcoscenico perfetto per il tuo talento con IAPMT.  <\/p>\n\n<h3 class=\"wp-block-heading\">Serie di concerti di gala: un&#8217;opportunit\u00e0 di esibizione unica nella vita<\/h3>\n\n<p>Immagina l&#8217;emozione di esibirti in alcune delle sale da concerto pi\u00f9 iconiche del mondo. La serie di concerti di gala IAPMT rende questo sogno realt\u00e0. Questo programma esclusivo offre a musicisti classici eccezionali la possibilit\u00e0 di abbellire i palcoscenici di luoghi leggendari, creando ricordi che dureranno tutta la vita e miglioreranno significativamente il tuo profilo professionale.  <\/p>\n\n<ul class=\"wp-block-list\">\n<li><strong>Weill Recital Hall alla Carnegie Hall (New York City, USA):<\/strong> Sali sul palco consacrato dell&#8217;intima Weill Recital Hall della Carnegie Hall, un luogo rinomato per la sua acustica impeccabile e la ricca eredit\u00e0 di ospitare i migliori musicisti del mondo. Questa prestigiosa sala offre una piattaforma distinta per i musicisti classici, offrendo un&#8217;opportunit\u00e0 senza precedenti per mostrare la tua arte in un punto di riferimento celebrato per il suo impegno per l&#8217;eccellenza musicale. <\/li>\n\n\n\n<li style=\"margin-top:var(--wp--preset--spacing--40);margin-bottom:var(--wp--preset--spacing--40)\"><strong>Haydn Hall al Palazzo Esterhazy (Eisenstadt, Austria):<\/strong> Immergiti nella grandiosit\u00e0 e nella storia di questo magnifico palazzo, dove il leggendario Joseph Haydn fu Kapellmeister per oltre quattro decenni. Esibirsi nella Haydn Hall offre una connessione unica con l&#8217;eredit\u00e0 del compositore e l&#8217;opulento mondo della corte degli Esterhazy, offrendo un&#8217;esperienza indimenticabile in un ambiente storicamente significativo e acusticamente ricco. <\/li>\n\n\n\n<li><strong>Wiener Saal presso l&#8217;International Mozarteum Foundation (Salisburgo, Austria):<\/strong> Scopri l&#8217;eccezionale acustica e l&#8217;atmosfera intima di questa elegante sala, costruita in stile Jugendstil e Heimatstil. Intitolata alla Vienna Mozart Society, la Wiener Saal ha ospitato innumerevoli musicisti celebri e offre un&#8217;opportunit\u00e0 di esibizione unica in uno spazio immerso nel ricco patrimonio musicale di Salisburgo, dedicato all&#8217;eredit\u00e0 di Mozart e in grado di ospitare fino a 200 partecipanti. <\/li>\n<\/ul>\n\n<div style=\"height:25px\" aria-hidden=\"true\" class=\"wp-block-spacer\"><\/div>\n\n<h3 class=\"wp-block-heading\">Serie di tourn\u00e9e di concerti: un&#8217;esperienza musicale europea immersiva di 10 giorni<\/h3>\n\n<p>Intraprendi un indimenticabile viaggio di 10 giorni attraverso il cuore dell&#8217;Europa con la serie di tourn\u00e9e di concerti IAPMT. Questo programma coinvolgente combina eccezionali opportunit\u00e0 di esibizione con esperienze culturali arricchenti in alcune delle citt\u00e0 pi\u00f9 affascinanti d&#8217;Europa. Scopri la bellezza, la storia e le vivaci tradizioni musicali di Austria, Ungheria e Repubblica Ceca.  <\/p>\n\n<ul class=\"wp-block-list\">\n<li><strong>Opportunit\u00e0 di esibizione:<\/strong> Esibisciti in luoghi stimati come chiese storiche, palazzi, sale da concerto e altri luoghi di significato culturale.<\/li>\n\n\n\n<li style=\"margin-top:var(--wp--preset--spacing--20);margin-bottom:var(--wp--preset--spacing--20)\"><strong>Immersione culturale:<\/strong> Esplora monumenti iconici, musei e attrazioni locali, acquisendo una comprensione pi\u00f9 profonda della cultura europea.<\/li>\n\n\n\n<li><strong>Masterclass e workshop:<\/strong> Partecipa a sessioni arricchenti con rinomati musicisti ed educatori europei (a seconda del tour).<\/li>\n\n\n\n<li style=\"padding-top:var(--wp--preset--spacing--20);padding-bottom:var(--wp--preset--spacing--20)\"><strong>Networking:<\/strong> Entra in contatto con altri artisti provenienti da tutto il mondo, promuovendo la collaborazione e amicizie durature.<\/li>\n\n\n\n<li><strong>Pacchetto turistico completo:<\/strong> Goditi alloggi accuratamente pianificati, trasporto all&#8217;interno dell&#8217;itinerario del tour e attivit\u00e0 organizzate.<\/li>\n<\/ul>\n\n<p>Pronto per un&#8217;opportunit\u00e0 di esibizione all&#8217;iconica Carnegie Hall di New York o per un&#8217;indimenticabile avventura musicale di 10 giorni attraverso l&#8217;Europa? Visita la nostra <a href=\"https:\/\/iapmt.org\/it\/programma-del-tour-di-concerti\/\" data-type=\"page\" data-id=\"19799\">pagina del programma dei tour di concerti<\/a> per informazioni sui prossimi concerti e tour.  <\/p>\n","protected":false},"excerpt":{"rendered":"<p>Tourn\u00e9e di concerti IAPMT: la tua porta d&#8217;accesso a prestigiose sedi di musica classica L&#8217;International Association of Professional Music Teachers (IAPMT) invita musicisti classici di talento a intraprendere viaggi musicali trasformativi attraverso i nostri stimati programmi di tourn\u00e9e di concerti. Offriamo opportunit\u00e0 impareggiabili per mostrare la tua arte in luoghi rinomati, entrare in contatto con [&hellip;]<\/p>\n","protected":false},"author":2,"featured_media":0,"parent":0,"menu_order":0,"comment_status":"closed","ping_status":"closed","template":"","meta":{"_uag_custom_page_level_css":"","site-sidebar-layout":"default","site-content-layout":"","ast-site-content-layout":"normal-width-container","site-content-style":"unboxed","site-sidebar-style":"default","ast-global-header-display":"","ast-banner-title-visibility":"","ast-main-header-display":"","ast-hfb-above-header-display":"","ast-hfb-below-header-display":"","ast-hfb-mobile-header-display":"","site-post-title":"disabled","ast-breadcrumbs-content":"","ast-featured-img":"","footer-sml-layout":"","ast-disable-related-posts":"","theme-transparent-header-meta":"","adv-header-id-meta":"","stick-header-meta":"","header-above-stick-meta":"","header-main-stick-meta":"","header-below-stick-meta":"","astra-migrate-meta-layouts":"default","ast-page-background-enabled":"default","ast-page-background-meta":{"desktop":{"background-color":"","background-image":"","background-repeat":"repeat","background-position":"center center","background-size":"auto","background-attachment":"scroll","background-type":"","background-media":"","overlay-type":"","overlay-color":"","overlay-opacity":"","overlay-gradient":""},"tablet":{"background-color":"","background-image":"","background-repeat":"repeat","background-position":"center center","background-size":"auto","background-attachment":"scroll","background-type":"","background-media":"","overlay-type":"","overlay-color":"","overlay-opacity":"","overlay-gradient":""},"mobile":{"background-color":"","background-image":"","background-repeat":"repeat","background-position":"center center","background-size":"auto","background-attachment":"scroll","background-type":"","background-media":"","overlay-type":"","overlay-color":"","overlay-opacity":"","overlay-gradient":""}},"ast-content-background-meta":{"desktop":{"background-color":"var(--ast-global-color-5)","background-image":"","background-repeat":"repeat","background-position":"center center","background-size":"auto","background-attachment":"scroll","background-type":"","background-media":"","overlay-type":"","overlay-color":"","overlay-opacity":"","overlay-gradient":""},"tablet":{"background-color":"var(--ast-global-color-5)","background-image":"","background-repeat":"repeat","background-position":"center center","background-size":"auto","background-attachment":"scroll","background-type":"","background-media":"","overlay-type":"","overlay-color":"","overlay-opacity":"","overlay-gradient":""},"mobile":{"background-color":"var(--ast-global-color-5)","background-image":"","background-repeat":"repeat","background-position":"center center","background-size":"auto","background-attachment":"scroll","background-type":"","background-media":"","overlay-type":"","overlay-color":"","overlay-opacity":"","overlay-gradient":""}},"footnotes":""},"kind":[],"class_list":["post-19823","page","type-page","status-publish","hentry"],"uagb_featured_image_src":{"full":false,"thumbnail":false,"medium":false,"medium_large":false,"large":false,"1536x1536":false,"2048x2048":false},"uagb_author_info":{"display_name":"William","author_link":"https:\/\/iapmt.org\/it\/author\/william\/"},"uagb_comment_info":0,"uagb_excerpt":"Tourn\u00e9e di concerti IAPMT: la tua porta d&#8217;accesso a prestigiose sedi di musica classica L&#8217;International Association of Professional Music Teachers (IAPMT) invita musicisti classici di talento a intraprendere viaggi musicali trasformativi attraverso i nostri stimati programmi di tourn\u00e9e di concerti. Offriamo opportunit\u00e0 impareggiabili per mostrare la tua arte in luoghi rinomati, entrare in contatto con&hellip;","_links":{"self":[{"href":"https:\/\/iapmt.org\/it\/wp-json\/wp\/v2\/pages\/19823","targetHints":{"allow":["GET"]}}],"collection":[{"href":"https:\/\/iapmt.org\/it\/wp-json\/wp\/v2\/pages"}],"about":[{"href":"https:\/\/iapmt.org\/it\/wp-json\/wp\/v2\/types\/page"}],"author":[{"embeddable":true,"href":"https:\/\/iapmt.org\/it\/wp-json\/wp\/v2\/users\/2"}],"replies":[{"embeddable":true,"href":"https:\/\/iapmt.org\/it\/wp-json\/wp\/v2\/comments?post=19823"}],"version-history":[{"count":1,"href":"https:\/\/iapmt.org\/it\/wp-json\/wp\/v2\/pages\/19823\/revisions"}],"predecessor-version":[{"id":19824,"href":"https:\/\/iapmt.org\/it\/wp-json\/wp\/v2\/pages\/19823\/revisions\/19824"}],"wp:attachment":[{"href":"https:\/\/iapmt.org\/it\/wp-json\/wp\/v2\/media?parent=19823"}],"wp:term":[{"taxonomy":"kind","embeddable":true,"href":"https:\/\/iapmt.org\/it\/wp-json\/wp\/v2\/kind?post=19823"}],"curies":[{"name":"wp","href":"https:\/\/api.w.org\/{rel}","templated":true}]}}