{"id":19821,"date":"2025-09-26T14:54:32","date_gmt":"2025-09-26T14:54:32","guid":{"rendered":"https:\/\/iapmt.org\/programma-del-tour-di-concerti\/"},"modified":"2026-02-24T15:37:59","modified_gmt":"2026-02-24T15:37:59","slug":"programma-del-tour-di-concerti","status":"publish","type":"page","link":"https:\/\/iapmt.org\/it\/programma-del-tour-di-concerti\/","title":{"rendered":"Programma del tour di concerti"},"content":{"rendered":"\n<h1 class=\"wp-block-heading\">Estate 2026<\/h1>\n\n<div class=\"wp-block-columns is-layout-flex wp-container-core-columns-is-layout-28f84493 wp-block-columns-is-layout-flex\">\n<div class=\"wp-block-column is-layout-flow wp-block-column-is-layout-flow\">\n<figure class=\"wp-block-image size-full has-custom-border\"><a href=\"https:\/\/iapmt.org\/it\/tour-di-concerti-in-asia\/\"><img loading=\"lazy\" decoding=\"async\" width=\"1200\" height=\"1800\" src=\"https:\/\/iapmt.org\/media\/2026-IAPMT-Asia-Concert-Tour-v2-web.jpg\" alt=\"\" class=\"wp-image-20931\" style=\"border-radius:15px;aspect-ratio:1;object-fit:cover\" srcset=\"https:\/\/iapmt.org\/media\/2026-IAPMT-Asia-Concert-Tour-v2-web.jpg 1200w, https:\/\/iapmt.org\/media\/2026-IAPMT-Asia-Concert-Tour-v2-web-768x1152.jpg 768w, https:\/\/iapmt.org\/media\/2026-IAPMT-Asia-Concert-Tour-v2-web-1024x1536.jpg 1024w\" sizes=\"auto, (max-width: 1200px) 100vw, 1200px\" \/><\/a><\/figure>\n<\/div>\n\n\n\n<div class=\"wp-block-column is-layout-flow wp-block-column-is-layout-flow\">\n<h2 class=\"wp-block-heading\"><a href=\"https:\/\/iapmt.org\/it\/tour-di-concerti-in-asia\/\" data-type=\"page\" data-id=\"16366\">Tour concertistico IAPMT in Corea<\/a>: Giugno 2026<\/h2>\n\n\n\n<p>Corea, 17-25 giugno.<\/p>\n\n\n\n<p>Il tour concertistico IAPMT in Corea 2026, che si svolger\u00e0 dal 17 al 25 giugno, offre esibizioni di musicisti classici e immersione culturale in Corea del Sud. Il tour prevede esibizioni in luoghi come la Banpo Simsan Art Hall di Seul. <\/p>\n<\/div>\n<\/div>\n\n<div style=\"height:25px\" aria-hidden=\"true\" class=\"wp-block-spacer\"><\/div>\n\n<div class=\"wp-block-columns is-layout-flex wp-container-core-columns-is-layout-28f84493 wp-block-columns-is-layout-flex\">\n<div class=\"wp-block-column is-layout-flow wp-block-column-is-layout-flow\">\n<figure class=\"wp-block-image size-full has-custom-border\"><a href=\"http:\/\/europe concert tour\"><img loading=\"lazy\" decoding=\"async\" width=\"1200\" height=\"1800\" src=\"https:\/\/iapmt.org\/media\/2026-IAPMT-Europe-Concert-Tour-v2-web.jpg\" alt=\"\" class=\"wp-image-20940\" style=\"border-radius:15px;aspect-ratio:1;object-fit:cover\" srcset=\"https:\/\/iapmt.org\/media\/2026-IAPMT-Europe-Concert-Tour-v2-web.jpg 1200w, https:\/\/iapmt.org\/media\/2026-IAPMT-Europe-Concert-Tour-v2-web-768x1152.jpg 768w, https:\/\/iapmt.org\/media\/2026-IAPMT-Europe-Concert-Tour-v2-web-1024x1536.jpg 1024w\" sizes=\"auto, (max-width: 1200px) 100vw, 1200px\" \/><\/a><\/figure>\n<\/div>\n\n\n\n<div class=\"wp-block-column is-layout-flow wp-block-column-is-layout-flow\">\n<h2 class=\"wp-block-heading\"><a href=\"https:\/\/iapmt.org\/it\/tour-di-concerti-in-europa\/\" data-type=\"page\" data-id=\"6157\">Tour di concerti IAPMT Europa<\/a>: agosto 2026<\/h2>\n\n\n\n<p>Il tour concertistico IAPMT in Europa 2026, che si svolger\u00e0 dal 27 luglio al 7 agosto, offre agli interpreti classici un mix di opportunit\u00e0 professionali ed esplorazione culturale in Germania e Italia. Il tour inizia a <strong>Dresda, in Germania<\/strong>, con visite turistiche e preparazione. In <strong>Italia<\/strong> (Roma e Napoli), gli artisti avranno opportunit\u00e0 da solista in luoghi tra cui lo storico Teatro Bellini di Napoli, e un momento clou \u00e8 la possibilit\u00e0 di eseguire un concerto con la Rome Symphony Orchestra presso la St. Paul&#8217;s Within the Walls. L&#8217;itinerario include anche visite turistiche a Roma e Napoli.   <\/p>\n<\/div>\n<\/div>\n\n<div style=\"height:27px\" aria-hidden=\"true\" class=\"wp-block-spacer\"><\/div>\n\n<hr class=\"wp-block-separator has-alpha-channel-opacity is-style-wide\"\/>\n\n<h1 class=\"wp-block-heading\">Autunno 2026<\/h1>\n\n<div class=\"wp-block-columns is-layout-flex wp-container-core-columns-is-layout-28f84493 wp-block-columns-is-layout-flex\">\n<div class=\"wp-block-column is-layout-flow wp-block-column-is-layout-flow\">\n<figure class=\"wp-block-image size-full has-custom-border\"><img loading=\"lazy\" decoding=\"async\" width=\"1200\" height=\"1680\" src=\"https:\/\/iapmt.org\/media\/IAPMT-Gala-Night-at-Carnegie-Winter-2026-Poster-web.jpg\" alt=\"\" class=\"wp-image-19279\" style=\"border-radius:15px;aspect-ratio:1;object-fit:cover\" srcset=\"https:\/\/iapmt.org\/media\/IAPMT-Gala-Night-at-Carnegie-Winter-2026-Poster-web.jpg 1200w, https:\/\/iapmt.org\/media\/IAPMT-Gala-Night-at-Carnegie-Winter-2026-Poster-web-768x1075.jpg 768w, https:\/\/iapmt.org\/media\/IAPMT-Gala-Night-at-Carnegie-Winter-2026-Poster-web-1097x1536.jpg 1097w\" sizes=\"auto, (max-width: 1200px) 100vw, 1200px\" \/><\/figure>\n<\/div>\n\n\n\n<div class=\"wp-block-column is-layout-flow wp-block-column-is-layout-flow\">\n<h2 class=\"wp-block-heading\"><a href=\"https:\/\/iapmt.org\/it\/serata-di-gala-alla-carnegie-hall\/\" data-type=\"page\" data-id=\"12415\">Gala Night alla Weill Recital Hall della Carnegie Hall<\/a>: novembre 2026<\/h2>\n\n\n\n<p>Il Gala Night Concert alla Carnegie Hall \u00e8 una serie di eventi presentati dalla International Association of Piano &amp; Music Teachers (IAPMT) presso la Weill Recital Hall. Questo evento offre ai musicisti l&#8217;opportunit\u00e0 di esibirsi in una sede rinomata. Per qualificarsi per il concerto, i musicisti devono aver ottenuto un punteggio massimo in un recente concorso Grand Concours o inviare un video tramite le Carnegie Auditions. La serie di concerti per l&#8217;autunno 2026 \u00e8 suddivisa per livello di competenza in Novice e Standard, ed Expert e Virtuoso.   <\/p>\n<\/div>\n<\/div>\n\n<div style=\"height:25px\" aria-hidden=\"true\" class=\"wp-block-spacer\"><\/div>\n\n<hr class=\"wp-block-separator has-alpha-channel-opacity is-style-wide\"\/>\n\n<h2 class=\"wp-block-heading has-text-align-center has-large-font-size\"><em><strong>Tutti gli eventi IAPMT non sono rimborsabili.<\/strong><\/em><\/h2>\n","protected":false},"excerpt":{"rendered":"<p>Estate 2026 Tour concertistico IAPMT in Corea: Giugno 2026 Corea, 17-25 giugno. Il tour concertistico IAPMT in Corea 2026, che si svolger\u00e0 dal 17 al 25 giugno, offre esibizioni di musicisti classici e immersione culturale in Corea del Sud. Il tour prevede esibizioni in luoghi come la Banpo Simsan Art Hall di Seul. Tour di [&hellip;]<\/p>\n","protected":false},"author":2,"featured_media":0,"parent":0,"menu_order":0,"comment_status":"closed","ping_status":"closed","template":"","meta":{"_uag_custom_page_level_css":"","site-sidebar-layout":"default","site-content-layout":"","ast-site-content-layout":"normal-width-container","site-content-style":"unboxed","site-sidebar-style":"default","ast-global-header-display":"","ast-banner-title-visibility":"","ast-main-header-display":"","ast-hfb-above-header-display":"","ast-hfb-below-header-display":"","ast-hfb-mobile-header-display":"","site-post-title":"disabled","ast-breadcrumbs-content":"","ast-featured-img":"","footer-sml-layout":"","ast-disable-related-posts":"","theme-transparent-header-meta":"","adv-header-id-meta":"","stick-header-meta":"","header-above-stick-meta":"","header-main-stick-meta":"","header-below-stick-meta":"","astra-migrate-meta-layouts":"default","ast-page-background-enabled":"default","ast-page-background-meta":{"desktop":{"background-color":"","background-image":"","background-repeat":"repeat","background-position":"center center","background-size":"auto","background-attachment":"scroll","background-type":"","background-media":"","overlay-type":"","overlay-color":"","overlay-opacity":"","overlay-gradient":""},"tablet":{"background-color":"","background-image":"","background-repeat":"repeat","background-position":"center center","background-size":"auto","background-attachment":"scroll","background-type":"","background-media":"","overlay-type":"","overlay-color":"","overlay-opacity":"","overlay-gradient":""},"mobile":{"background-color":"","background-image":"","background-repeat":"repeat","background-position":"center center","background-size":"auto","background-attachment":"scroll","background-type":"","background-media":"","overlay-type":"","overlay-color":"","overlay-opacity":"","overlay-gradient":""}},"ast-content-background-meta":{"desktop":{"background-color":"var(--ast-global-color-5)","background-image":"","background-repeat":"repeat","background-position":"center center","background-size":"auto","background-attachment":"scroll","background-type":"","background-media":"","overlay-type":"","overlay-color":"","overlay-opacity":"","overlay-gradient":""},"tablet":{"background-color":"var(--ast-global-color-5)","background-image":"","background-repeat":"repeat","background-position":"center center","background-size":"auto","background-attachment":"scroll","background-type":"","background-media":"","overlay-type":"","overlay-color":"","overlay-opacity":"","overlay-gradient":""},"mobile":{"background-color":"var(--ast-global-color-5)","background-image":"","background-repeat":"repeat","background-position":"center center","background-size":"auto","background-attachment":"scroll","background-type":"","background-media":"","overlay-type":"","overlay-color":"","overlay-opacity":"","overlay-gradient":""}},"footnotes":""},"kind":[],"class_list":["post-19821","page","type-page","status-publish","hentry"],"uagb_featured_image_src":{"full":false,"thumbnail":false,"medium":false,"medium_large":false,"large":false,"1536x1536":false,"2048x2048":false},"uagb_author_info":{"display_name":"William","author_link":"https:\/\/iapmt.org\/it\/author\/william\/"},"uagb_comment_info":0,"uagb_excerpt":"Estate 2026 Tour concertistico IAPMT in Corea: Giugno 2026 Corea, 17-25 giugno. Il tour concertistico IAPMT in Corea 2026, che si svolger\u00e0 dal 17 al 25 giugno, offre esibizioni di musicisti classici e immersione culturale in Corea del Sud. Il tour prevede esibizioni in luoghi come la Banpo Simsan Art Hall di Seul. Tour di&hellip;","_links":{"self":[{"href":"https:\/\/iapmt.org\/it\/wp-json\/wp\/v2\/pages\/19821","targetHints":{"allow":["GET"]}}],"collection":[{"href":"https:\/\/iapmt.org\/it\/wp-json\/wp\/v2\/pages"}],"about":[{"href":"https:\/\/iapmt.org\/it\/wp-json\/wp\/v2\/types\/page"}],"author":[{"embeddable":true,"href":"https:\/\/iapmt.org\/it\/wp-json\/wp\/v2\/users\/2"}],"replies":[{"embeddable":true,"href":"https:\/\/iapmt.org\/it\/wp-json\/wp\/v2\/comments?post=19821"}],"version-history":[{"count":6,"href":"https:\/\/iapmt.org\/it\/wp-json\/wp\/v2\/pages\/19821\/revisions"}],"predecessor-version":[{"id":21002,"href":"https:\/\/iapmt.org\/it\/wp-json\/wp\/v2\/pages\/19821\/revisions\/21002"}],"wp:attachment":[{"href":"https:\/\/iapmt.org\/it\/wp-json\/wp\/v2\/media?parent=19821"}],"wp:term":[{"taxonomy":"kind","embeddable":true,"href":"https:\/\/iapmt.org\/it\/wp-json\/wp\/v2\/kind?post=19821"}],"curies":[{"name":"wp","href":"https:\/\/api.w.org\/{rel}","templated":true}]}}