{"id":19687,"date":"2024-07-28T19:46:35","date_gmt":"2024-07-28T19:46:35","guid":{"rendered":"https:\/\/iapmt.org\/serata-di-gala-alla-carnegie-hall\/"},"modified":"2026-02-05T06:08:53","modified_gmt":"2026-02-05T06:08:53","slug":"serata-di-gala-alla-carnegie-hall","status":"publish","type":"page","link":"https:\/\/iapmt.org\/it\/serata-di-gala-alla-carnegie-hall\/","title":{"rendered":"Serata di gala alla Carnegie Hall"},"content":{"rendered":"\n<div class=\"wp-block-cover alignfull\"><img loading=\"lazy\" decoding=\"async\" width=\"2560\" height=\"3840\" class=\"wp-block-cover__image-background wp-image-17878\" alt=\"\" src=\"https:\/\/iapmt.org\/media\/IAPMT-Shiny-Cover.jpg\" data-object-fit=\"cover\" srcset=\"https:\/\/iapmt.org\/media\/IAPMT-Shiny-Cover.jpg 2560w, https:\/\/iapmt.org\/media\/IAPMT-Shiny-Cover-768x1152.jpg 768w, https:\/\/iapmt.org\/media\/IAPMT-Shiny-Cover-1024x1536.jpg 1024w, https:\/\/iapmt.org\/media\/IAPMT-Shiny-Cover-1365x2048.jpg 1365w\" sizes=\"auto, (max-width: 2560px) 100vw, 2560px\" \/><span aria-hidden=\"true\" class=\"wp-block-cover__background has-background-dim-0 has-background-dim\" style=\"background-color:#424057\"><\/span><div class=\"wp-block-cover__inner-container is-layout-flow wp-block-cover-is-layout-flow\">\n<div style=\"height:75px\" aria-hidden=\"true\" class=\"wp-block-spacer\"><\/div>\n\n\n\n<figure class=\"wp-block-image size-full has-custom-border\"><img loading=\"lazy\" decoding=\"async\" width=\"1200\" height=\"1680\" src=\"https:\/\/iapmt.org\/media\/IAPMT-Gala-Night-at-Carnegie-Winter-2026-Poster-web.jpg\" alt=\"\" class=\"wp-image-19279\" style=\"border-radius:25px\" srcset=\"https:\/\/iapmt.org\/media\/IAPMT-Gala-Night-at-Carnegie-Winter-2026-Poster-web.jpg 1200w, https:\/\/iapmt.org\/media\/IAPMT-Gala-Night-at-Carnegie-Winter-2026-Poster-web-768x1075.jpg 768w, https:\/\/iapmt.org\/media\/IAPMT-Gala-Night-at-Carnegie-Winter-2026-Poster-web-1097x1536.jpg 1097w\" sizes=\"auto, (max-width: 1200px) 100vw, 1200px\" \/><\/figure>\n<\/div><\/div>\n\n<div style=\"height:25px\" aria-hidden=\"true\" class=\"wp-block-spacer\"><\/div>\n\n<p>La serie di concerti IAPMT Gala Night offre un&#8217;opportunit\u00e0 impareggiabile per i musicisti di esibirsi su uno dei palcoscenici pi\u00f9 sacri del mondo: la Weill Recital Hall alla Carnegie Hall. Situata al terzo piano della leggendaria Carnegie Hall, questa intima sala da 268 posti \u00e8 una meraviglia del design Belle Epoque, rinomata per la sua acustica squisita e le proporzioni eleganti. Esibirsi qui ti pone sulle orme di innumerevoli leggende musicali, creando un&#8217;esperienza davvero indimenticabile.  <\/p>\n\n<p>Oltre al palcoscenico del concerto, i partecipanti sono invitati a immergersi nell&#8217;energia vibrante di New York City. Approfitta dei numerosi tesori culturali della citt\u00e0, dall&#8217;esplorazione delle collezioni di fama mondiale al Metropolitan Museum of Art e al Museum of Modern Art, all&#8217;esperienza delle luci abbaglianti di Times Square e della serena bellezza di Central Park. Per gli amanti della storia, una visita alla Statua della Libert\u00e0 e a Ellis Island \u00e8 d&#8217;obbligo, mentre gli appassionati di architettura saranno affascinati da monumenti iconici come l&#8217;Empire State Building e il Grand Central Terminal.  <\/p>\n\n<p>Per assicurarti di essere completamente preparato per la tua esibizione memorabile, l&#8217;IAPMT fornisce l&#8217;accesso a una variet\u00e0 di studi di prova nelle vicinanze. Con numerosi spazi di prova professionali situati comodamente vicino alla Carnegie Hall, avrai ampie opportunit\u00e0 di affinare la tua arte in un ambiente dedicato e concentrato prima di salire sul palcoscenico mondiale. <\/p>\n\n<p>Per commemorare questo traguardo storico, sar\u00e0 disponibile un servizio fotografico professionale di ritratti e di gruppo durante le prove e l&#8217;esibizione dal vivo. Dagli scatti spontanei che catturano l&#8217;intensit\u00e0 dei tuoi preparativi finali a splendidi ritratti e foto di gruppo sul leggendario palcoscenico, queste immagini di alta qualit\u00e0 serviranno come testimonianza duratura del tuo percorso musicale e del tuo tempo alla Carnegie Hall. Questo \u00e8 pi\u00f9 di un concerto; \u00e8 un&#8217;esperienza completa e determinante per la carriera, progettata per celebrare il tuo talento e la tua passione nel cuore di New York City.  <\/p>\n\n<p>Tour delle universit\u00e0 della Ivy League: Vivi un viaggio educativo indimenticabile attraverso le migliori istituzioni della Ivy League americane! Questo tour di quattro giorni sulla costa orientale porta gli studenti a Yale, Brown, Harvard, MIT, Princeton e UPenn per tour esclusivi dei campus guidati dagli studenti e sessioni di domande e risposte. I partecipanti esploreranno citt\u00e0 storiche, percorreranno il Boston Freedom Trail, visiteranno luoghi simbolo e scopriranno com&#8217;\u00e8 veramente la vita nelle universit\u00e0 di fama mondiale.  <\/p>\n\n<p>Con accordi di viaggio senza interruzioni, sistemazioni di qualit\u00e0 e interazioni accademiche arricchenti, questo programma offre una rara opportunit\u00e0 agli studenti di ottenere una vera comprensione delle ammissioni universitarie statunitensi e degli ambienti dei campus. Perfetto per studenti motivati, futuri candidati o chiunque desideri esplorare il cuore dell&#8217;istruzione superiore americana. <\/p>\n\n<div class=\"wp-block-pb-accordion-item c-accordion__item js-accordion-item no-js is-open\" data-initially-open=\"true\" data-click-to-close=\"true\" data-auto-close=\"true\" data-scroll=\"true\" data-scroll-offset=\"0\"><h2 id=\"at-124150\" class=\"c-accordion__title js-accordion-controller\" role=\"button\">Application<\/h2><div id=\"ac-124150\" class=\"c-accordion__content\">\n<ul class=\"wp-block-list\">\n<li>Visita la sezione <a href=\"https:\/\/iapmt.org\/event-registration\/\" data-type=\"page\" data-id=\"3691\">Registrazione all&#8217;evento<\/a> per iscriverti a questo evento.<\/li>\n\n\n\n<li>Per poter partecipare all&#8217;iscrizione al concerto della serata di gala, i partecipanti devono aver ottenuto il massimo punteggio in uno dei nostri recenti concorsi Grand Concours. Una volta soddisfatto questo criterio, il pulsante di registrazione apparir\u00e0 automaticamente quando ti registrerai e visiterai la sezione Registrazione evento. <\/li>\n\n\n\n<li>Per coloro che non si sono ancora qualificati per l&#8217;evento alla Carnegie Hall, \u00e8 disponibile un&#8217;opportunit\u00e0 alternativa attraverso le Audizioni Carnegie. Queste audizioni, condotte tramite l&#8217;invio di video online, sono aperte a tutti i concorrenti e agli istruttori. Una volta che il tuo video \u00e8 stato esaminato e approvato, ti qualificherai immediatamente per l&#8217;iscrizione al concerto.  <\/li>\n<\/ul>\n<\/div><\/div>\n\n<div class=\"wp-block-pb-accordion-item c-accordion__item js-accordion-item no-js is-open\" data-initially-open=\"true\" data-click-to-close=\"true\" data-auto-close=\"true\" data-scroll=\"true\" data-scroll-offset=\"0\"><h2 id=\"at-124153\" class=\"c-accordion__title js-accordion-controller\" role=\"button\">Ivy League College Tour Schedule<\/h2><div id=\"ac-124153\" class=\"c-accordion__content\">\n<ul class=\"wp-block-list\">\n<li><strong>Giorno 1 &#8211; 19 gennaio<\/strong><\/li>\n\n\n\n<li><strong>New Haven<\/strong><ul><li>Dopo la colazione in hotel, trasferimento a New Haven.<\/li><\/ul><ul><li><strong>Attivit\u00e0<\/strong>: Visita all&#8217;Universit\u00e0 di Yale, tour del campus guidato dagli studenti attuali e sessione di domande e risposte.<\/li><\/ul>\n<ul class=\"wp-block-list\">\n<li>Dopo pranzo, trasferimento a Providence, Rhode Island.<\/li>\n<\/ul>\n<\/li>\n\n\n\n<li><strong>Providence<\/strong><ul><li><strong>Attivit\u00e0<\/strong>: Visita alla Brown University, tour del campus guidato dagli studenti attuali e sessione di domande e risposte.<\/li><\/ul><ul><li>Dopo cena, trasferimento a Boston.<\/li><\/ul>\n<ul class=\"wp-block-list\">\n<li>Dopo cena, trasferimento in hotel, check-in e riposo.<\/li>\n<\/ul>\n<\/li>\n\n\n\n<li>HOTEL: Hampton Inn Boston\/Natick<\/li>\n\n\n\n<li><strong>Giorno 2 &#8211; 20 gennaio<\/strong><\/li>\n\n\n\n<li><strong>Boston<\/strong><ul><li>Dopo la colazione in hotel, trasferimento a Boston.<\/li><\/ul><ul><li><strong>Attivit\u00e0<\/strong>:<ul><li>Visita all&#8217;Universit\u00e0 di Harvard, tour del campus guidato dagli studenti attuali e sessione di domande e risposte.<\/li><\/ul><ul><li>Visita al MIT, tour del campus guidato dagli studenti attuali e sessione di domande e risposte.<\/li><\/ul><\/li><\/ul><ul><li>Dopo pranzo, goditi un tour a piedi del Boston Freedom Trail.<\/li><\/ul><ul><li>Visita Quincy Market, un mercato storico con una tradizione di 170 anni.<\/li><\/ul>\n<ul class=\"wp-block-list\">\n<li>Goditi un giro turistico attraverso Boston Common, State House, Park Street Church, Trinity Church, Old South Church, Great Hall e City Hall.<\/li>\n<\/ul>\n<\/li>\n\n\n\n<li><strong>New York<\/strong><ul><li>Trasferimento a New York (circa 4 ore e 30 minuti).<\/li><\/ul>\n<ul class=\"wp-block-list\">\n<li>Dopo cena, trasferimento in hotel, check-in e riposo.<\/li>\n<\/ul>\n<\/li>\n\n\n\n<li>HOTEL: Double Tree by Hilton Hotel <\/li>\n\n\n\n<li><strong>Giorno 3 &#8211; 21 gennaio<\/strong><\/li>\n\n\n\n<li><strong>New York<\/strong>\n<ul class=\"wp-block-list\">\n<li>Dopo la colazione in hotel, trasferimento a Princeton.<\/li>\n<\/ul>\n<\/li>\n\n\n\n<li><strong>Princeton<\/strong><ul><li><strong>Attivit\u00e0<\/strong>: Visita all&#8217;Universit\u00e0 di Princeton, tour del campus guidato dagli studenti attuali e sessione di domande e risposte.<\/li><\/ul><ul><li>Dopo la visita, trasferimento a Filadelfia per pranzo.<\/li><\/ul>\n<ul class=\"wp-block-list\">\n<li><strong>Pranzo<\/strong>: Tempo libero per esplorare e pranzare in autonomia (25 $ in contanti forniti).<\/li>\n<\/ul>\n<\/li>\n\n\n\n<li><strong>Universit\u00e0 della Pennsylvania (U Penn)<\/strong><ul><li><strong>Attivit\u00e0<\/strong>: Visita all&#8217;Universit\u00e0 della Pennsylvania, tour del campus guidato dagli studenti attuali e sessione di domande e risposte.<\/li><\/ul>\n<ul class=\"wp-block-list\">\n<li><strong>Nota<\/strong>: Il pranzo sar\u00e0 fornito nella mensa del campus a scelta libera, con la guida che dar\u00e0 a ogni partecipante 20 $.<br\/>(In caso di eventi speciali o orari post-scolastici all&#8217;universit\u00e0, i pasti potrebbero essere organizzati esternamente.)<\/li>\n<\/ul>\n<\/li>\n\n\n\n<li><strong>New Jersey<\/strong><ul><li>Trasferimento nel New Jersey.<\/li><\/ul>\n<ul class=\"wp-block-list\">\n<li>Dopo cena, trasferimento in hotel, check-in e riposo.<\/li>\n<\/ul>\n<\/li>\n\n\n\n<li>HOTEL: Double Tree by Hilton Hotel <\/li>\n\n\n\n<li><strong>Giorno 4 &#8211; 22 gennaio<\/strong><\/li>\n\n\n\n<li>  \u00b7 <strong>Incontro con la guida, seguito da un tour a tema New York<\/strong><\/li>\n\n\n\n<li><strong>Tour a piedi delle 8 principali attrazioni di Manhattan, New York essenziale<\/strong><ul><li>Lincoln Center, un centro di fama mondiale per le arti performative (vista esterna)<\/li><\/ul><ul><li>The Juilliard School, famosa per aver formato musicisti e artisti di fama (vista esterna)<\/li><\/ul><ul><li>The Dakota, un lussuoso appartamento storico vicino a Central Park, dove visse John Lennon (vista esterna)<\/li><\/ul><ul><li>Strawberry Fields &amp; Imagine, un mosaico commemorativo a Central Park in onore di John Lennon e simbolo di pace<\/li><\/ul><ul><li>Little Island, un&#8217;isola verde artificiale sul fiume Hudson, situata a Manhattan<\/li><\/ul><ul><li>Tour a piedi di Hudson Yards, il centro emergente di Manhattan, e vista esterna della struttura unica a forma di alveare, il Vessel<\/li><\/ul><ul><li>The High Line Park, un parco sopraelevato che ha ispirato la &#8220;Seoul 7017&#8221; di Seul<\/li><\/ul>\n<ul class=\"wp-block-list\">\n<li>Starbucks Reserve Roastery New York, una delle sole sei sedi al mondo<\/li>\n<\/ul>\n<\/li>\n\n\n\n<li>\u00b7 <strong>Fine del tour<\/strong>: Trasferimento in aeroporto<\/li>\n<\/ul>\n<\/div><\/div>\n\n<div class=\"wp-block-pb-accordion-item c-accordion__item js-accordion-item no-js\" data-initially-open=\"false\" data-click-to-close=\"true\" data-auto-close=\"true\" data-scroll=\"true\" data-scroll-offset=\"0\"><h2 id=\"at-124151\" class=\"c-accordion__title js-accordion-controller\" role=\"button\">Schedule<\/h2><div id=\"ac-124151\" class=\"c-accordion__content\">\n<h3 class=\"wp-block-heading\">Inverno 2026<\/h3>\n\n\n\n<ul class=\"wp-block-list\">\n<li>Sabato 17 gennaio 2026 \u2022 13:00 \u2022 Principiante e Standard<\/li>\n\n\n\n<li>Domenica 18 gennaio 2026 \u2022 19:30 \u2022 Esperto e Virtuoso<\/li>\n\n\n\n<li>19-22 gennaio \u2022 Tour dei college della Ivy League \u2022 Questo pacchetto turistico include sistemazioni in hotel, tre pasti al giorno e tutti i trasporti terrestri tra le citt\u00e0. Inizieremo il nostro programma a New York il 19 gennaio, immediatamente dopo il concerto alla Carnegie Hall. L&#8217;ultimo giorno, il 22 gennaio, forniremo il trasporto di gruppo all&#8217;aeroporto JFK, assicurando che tutti i partecipanti possano comodamente prendere voli in partenza intorno alle 17:00. Scuole visitate: \u2022 The Juilliard School \u2022 Yale University \u2022 Brown University \u2022 Harvard University \u2022 Massachusetts Institute of Technology (MIT) \u2022 Princeton University \u2022 University of Pennsylvania (UPenn)   <\/li>\n<\/ul>\n<\/div><\/div>\n\n<div class=\"wp-block-pb-accordion-item c-accordion__item js-accordion-item no-js\" data-initially-open=\"false\" data-click-to-close=\"true\" data-auto-close=\"true\" data-scroll=\"true\" data-scroll-offset=\"0\"><h2 id=\"at-124152\" class=\"c-accordion__title js-accordion-controller\" role=\"button\">Concert Showcase<\/h2><div id=\"ac-124152\" class=\"c-accordion__content\">\n<div class=\"inherit-container-width wp-block-group is-layout-constrained wp-container-core-group-is-layout-ed364b4e wp-block-group-is-layout-constrained\" style=\"padding-top:var(--wp--preset--spacing--30);padding-right:var(--wp--preset--spacing--30);padding-bottom:var(--wp--preset--spacing--30);padding-left:var(--wp--preset--spacing--30)\"><div class=\"wp-block-group__inner-container\">\n<ul class=\"wp-block-list\">\n<li>Informazioni sui nostri passati concerti di gala alla Carnegie Hall, inclusi poster, programmi e biografie dei performer selezionati, possono essere trovate nella nostra <a href=\"https:\/\/iapmt.org\/it\/vetrina-dei-concerti\/\" data-type=\"page\" data-id=\"19099\">Vetrina dei Concerti<\/a> dedicata.<\/li>\n<\/ul>\n<\/div><\/div>\n<\/div><\/div>\n","protected":false},"excerpt":{"rendered":"<p>La serie di concerti IAPMT Gala Night offre un&#8217;opportunit\u00e0 impareggiabile per i musicisti di esibirsi su uno dei palcoscenici pi\u00f9 sacri del mondo: la Weill Recital Hall alla Carnegie Hall. Situata al terzo piano della leggendaria Carnegie Hall, questa intima sala da 268 posti \u00e8 una meraviglia del design Belle Epoque, rinomata per la sua [&hellip;]<\/p>\n","protected":false},"author":2,"featured_media":0,"parent":0,"menu_order":0,"comment_status":"closed","ping_status":"closed","template":"","meta":{"_uag_custom_page_level_css":"","site-sidebar-layout":"default","site-content-layout":"","ast-site-content-layout":"normal-width-container","site-content-style":"unboxed","site-sidebar-style":"default","ast-global-header-display":"","ast-banner-title-visibility":"","ast-main-header-display":"","ast-hfb-above-header-display":"","ast-hfb-below-header-display":"","ast-hfb-mobile-header-display":"","site-post-title":"disabled","ast-breadcrumbs-content":"","ast-featured-img":"","footer-sml-layout":"","ast-disable-related-posts":"","theme-transparent-header-meta":"enabled","adv-header-id-meta":"","stick-header-meta":"","header-above-stick-meta":"","header-main-stick-meta":"","header-below-stick-meta":"","astra-migrate-meta-layouts":"default","ast-page-background-enabled":"default","ast-page-background-meta":{"desktop":{"background-color":"","background-image":"","background-repeat":"repeat","background-position":"center center","background-size":"auto","background-attachment":"scroll","background-type":"","background-media":"","overlay-type":"","overlay-color":"","overlay-opacity":"","overlay-gradient":""},"tablet":{"background-color":"","background-image":"","background-repeat":"repeat","background-position":"center center","background-size":"auto","background-attachment":"scroll","background-type":"","background-media":"","overlay-type":"","overlay-color":"","overlay-opacity":"","overlay-gradient":""},"mobile":{"background-color":"","background-image":"","background-repeat":"repeat","background-position":"center center","background-size":"auto","background-attachment":"scroll","background-type":"","background-media":"","overlay-type":"","overlay-color":"","overlay-opacity":"","overlay-gradient":""}},"ast-content-background-meta":{"desktop":{"background-color":"var(--ast-global-color-5)","background-image":"","background-repeat":"repeat","background-position":"center center","background-size":"auto","background-attachment":"scroll","background-type":"","background-media":"","overlay-type":"","overlay-color":"","overlay-opacity":"","overlay-gradient":""},"tablet":{"background-color":"var(--ast-global-color-5)","background-image":"","background-repeat":"repeat","background-position":"center center","background-size":"auto","background-attachment":"scroll","background-type":"","background-media":"","overlay-type":"","overlay-color":"","overlay-opacity":"","overlay-gradient":""},"mobile":{"background-color":"var(--ast-global-color-5)","background-image":"","background-repeat":"repeat","background-position":"center center","background-size":"auto","background-attachment":"scroll","background-type":"","background-media":"","overlay-type":"","overlay-color":"","overlay-opacity":"","overlay-gradient":""}},"footnotes":""},"kind":[],"class_list":["post-19687","page","type-page","status-publish","hentry"],"uagb_featured_image_src":{"full":false,"thumbnail":false,"medium":false,"medium_large":false,"large":false,"1536x1536":false,"2048x2048":false},"uagb_author_info":{"display_name":"William","author_link":"https:\/\/iapmt.org\/it\/author\/william\/"},"uagb_comment_info":0,"uagb_excerpt":"La serie di concerti IAPMT Gala Night offre un&#8217;opportunit\u00e0 impareggiabile per i musicisti di esibirsi su uno dei palcoscenici pi\u00f9 sacri del mondo: la Weill Recital Hall alla Carnegie Hall. Situata al terzo piano della leggendaria Carnegie Hall, questa intima sala da 268 posti \u00e8 una meraviglia del design Belle Epoque, rinomata per la sua&hellip;","_links":{"self":[{"href":"https:\/\/iapmt.org\/it\/wp-json\/wp\/v2\/pages\/19687","targetHints":{"allow":["GET"]}}],"collection":[{"href":"https:\/\/iapmt.org\/it\/wp-json\/wp\/v2\/pages"}],"about":[{"href":"https:\/\/iapmt.org\/it\/wp-json\/wp\/v2\/types\/page"}],"author":[{"embeddable":true,"href":"https:\/\/iapmt.org\/it\/wp-json\/wp\/v2\/users\/2"}],"replies":[{"embeddable":true,"href":"https:\/\/iapmt.org\/it\/wp-json\/wp\/v2\/comments?post=19687"}],"version-history":[{"count":4,"href":"https:\/\/iapmt.org\/it\/wp-json\/wp\/v2\/pages\/19687\/revisions"}],"predecessor-version":[{"id":20397,"href":"https:\/\/iapmt.org\/it\/wp-json\/wp\/v2\/pages\/19687\/revisions\/20397"}],"wp:attachment":[{"href":"https:\/\/iapmt.org\/it\/wp-json\/wp\/v2\/media?parent=19687"}],"wp:term":[{"taxonomy":"kind","embeddable":true,"href":"https:\/\/iapmt.org\/it\/wp-json\/wp\/v2\/kind?post=19687"}],"curies":[{"name":"wp","href":"https:\/\/api.w.org\/{rel}","templated":true}]}}