{"id":19683,"date":"2022-07-18T18:46:49","date_gmt":"2022-07-18T18:46:49","guid":{"rendered":"https:\/\/iapmt.org\/calendario-delle-competizioni\/"},"modified":"2025-10-14T15:52:14","modified_gmt":"2025-10-14T15:52:14","slug":"calendario-delle-competizioni","status":"publish","type":"page","link":"https:\/\/iapmt.org\/it\/calendario-delle-competizioni\/","title":{"rendered":"Calendario delle competizioni"},"content":{"rendered":"\n<h1 class=\"wp-block-heading\">Autunno 2025<\/h1>\n\n<div class=\"wp-block-columns is-layout-flex wp-container-core-columns-is-layout-28f84493 wp-block-columns-is-layout-flex\">\n<div class=\"wp-block-column is-layout-flow wp-block-column-is-layout-flow\">\n<figure class=\"wp-block-image size-full has-custom-border\"><a href=\"https:\/\/iapmt.org\/it\/concorso-grande-autunno\/\"><img loading=\"lazy\" decoding=\"async\" width=\"1200\" height=\"1800\" src=\"https:\/\/iapmt.org\/media\/2025-IAPMT-Grand-Autumn-Competition-v1-Poster-web.jpg\" alt=\"\" class=\"wp-image-19295\" style=\"border-radius:15px;aspect-ratio:1;object-fit:cover\" srcset=\"https:\/\/iapmt.org\/media\/2025-IAPMT-Grand-Autumn-Competition-v1-Poster-web.jpg 1200w, https:\/\/iapmt.org\/media\/2025-IAPMT-Grand-Autumn-Competition-v1-Poster-web-768x1152.jpg 768w, https:\/\/iapmt.org\/media\/2025-IAPMT-Grand-Autumn-Competition-v1-Poster-web-1024x1536.jpg 1024w\" sizes=\"auto, (max-width: 1200px) 100vw, 1200px\" \/><\/a><\/figure>\n<\/div>\n\n\n\n<div class=\"wp-block-column is-layout-flow wp-block-column-is-layout-flow\">\n<h2 class=\"wp-block-heading\"><a href=\"https:\/\/iapmt.org\/it\/concorso-grande-autunno\/\" data-type=\"page\" data-id=\"2265\">Grande Concorso Internazionale Autunnale<\/a>: Ottobre &#8211; Novembre 2025<\/h2>\n\n\n\n<p>Il Grande Concorso Autunnale, organizzato da IAPMT, \u00e8 un concorso musicale multi-categoria aperto a tutte le nazionalit\u00e0, et\u00e0 e livelli di abilit\u00e0. \u00c8 diviso in diverse sezioni, tra cui il Grande Concorso Internazionale per Solisti e il Concorso Internazionale per Concerti. Il concorso prevede due fasi: una fase preliminare di invio video e una fase finale dal vivo, in presenza.  <\/p>\n\n\n\n<p>I premi includono il Gran Premio Assoluto, che consiste in un viaggio per esibizione completamente finanziato presso una rinomata sala da concerto, e premi in denaro per i migliori artisti a livello Virtuoso. I vincitori del primo posto a vari livelli sono anche invitati a esibirsi alla Weill Recital Hall della Carnegie Hall e in tourn\u00e9e concertistiche internazionali in Asia ed Europa. <\/p>\n<\/div>\n<\/div>\n\n<div style=\"height:25px\" aria-hidden=\"true\" class=\"wp-block-spacer\"><\/div>\n\n<div class=\"wp-block-columns is-layout-flex wp-container-core-columns-is-layout-28f84493 wp-block-columns-is-layout-flex\">\n<div class=\"wp-block-column is-layout-flow wp-block-column-is-layout-flow\">\n<figure class=\"wp-block-image size-full has-custom-border\"><img loading=\"lazy\" decoding=\"async\" width=\"1200\" height=\"1800\" src=\"https:\/\/iapmt.org\/media\/2025-Online-Autumn-Competition-Poster-v1-web.jpg\" alt=\"\" class=\"wp-image-19255\" style=\"border-radius:15px;aspect-ratio:1;object-fit:cover\" srcset=\"https:\/\/iapmt.org\/media\/2025-Online-Autumn-Competition-Poster-v1-web.jpg 1200w, https:\/\/iapmt.org\/media\/2025-Online-Autumn-Competition-Poster-v1-web-768x1152.jpg 768w, https:\/\/iapmt.org\/media\/2025-Online-Autumn-Competition-Poster-v1-web-1024x1536.jpg 1024w\" sizes=\"auto, (max-width: 1200px) 100vw, 1200px\" \/><\/figure>\n<\/div>\n\n\n\n<div class=\"wp-block-column is-layout-flow wp-block-column-is-layout-flow\">\n<h2 class=\"wp-block-heading\"><a href=\"https:\/\/iapmt.org\/it\/concorso-autunnale-online\/\" data-type=\"page\" data-id=\"1462\">Concorso Internazionale Online Autunnale<\/a>: Novembre 2025<\/h2>\n\n\n\n<p>Il Concorso Online Autunnale, organizzato da IAPMT, \u00e8 un concorso musicale basato sull&#8217;invio di video, aperto a tutte le nazionalit\u00e0, et\u00e0 e livelli di abilit\u00e0. La scadenza per l&#8217;iscrizione \u00e8 il 15 novembre 2025. Il concorso prevede quattro livelli di difficolt\u00e0: Novizio, Standard, Esperto e Virtuoso.  <\/p>\n\n\n\n<p>I premi includono un Gran Premio Assoluto consistente in un viaggio per esibizione completamente finanziato alla Carnegie Hall o a una rinomata sala da concerto in Europa, nonch\u00e9 premi in denaro per i migliori artisti a livello Virtuoso. Altri premi includono Voucher Premio Esibizione Concertistica IAPMT, Borse di Studio OpusOne, certificati elettronici, medaglie e trofei. I vincitori possono anche essere invitati a esibirsi alla Carnegie Hall o in tourn\u00e9e concertistiche internazionali in Asia ed Europa.  <\/p>\n<\/div>\n<\/div>\n\n<div style=\"height:25px\" aria-hidden=\"true\" class=\"wp-block-spacer\"><\/div>\n\n<div class=\"wp-block-columns is-layout-flex wp-container-core-columns-is-layout-28f84493 wp-block-columns-is-layout-flex\">\n<div class=\"wp-block-column is-layout-flow wp-block-column-is-layout-flow\">\n<figure class=\"wp-block-image size-full has-custom-border\"><img loading=\"lazy\" decoding=\"async\" width=\"1200\" height=\"1800\" src=\"https:\/\/iapmt.org\/media\/2025-IAPMT-Autumn-Disability-Music-Festival-v1.jpg\" alt=\"\" class=\"wp-image-19900\" style=\"border-radius:15px;aspect-ratio:1;object-fit:cover\" srcset=\"https:\/\/iapmt.org\/media\/2025-IAPMT-Autumn-Disability-Music-Festival-v1.jpg 1200w, https:\/\/iapmt.org\/media\/2025-IAPMT-Autumn-Disability-Music-Festival-v1-768x1152.jpg 768w, https:\/\/iapmt.org\/media\/2025-IAPMT-Autumn-Disability-Music-Festival-v1-1024x1536.jpg 1024w\" sizes=\"auto, (max-width: 1200px) 100vw, 1200px\" \/><\/figure>\n<\/div>\n\n\n\n<div class=\"wp-block-column is-layout-flow wp-block-column-is-layout-flow\">\n<h2 class=\"wp-block-heading\"><a href=\"https:\/\/iapmt.org\/it\/festival-della-musica-per-disabili\/\" data-type=\"page\" data-id=\"4133\">Festival musicale per musicisti con disabilit\u00e0<\/a>: novembre 2025<\/h2>\n\n\n\n<p>Entra sotto i riflettori globali! Il <g id=\"gid_0\">Festival musicale per musicisti con disabilit\u00e0<\/g> \u00e8 una competizione inclusiva e stimolante, creata per celebrare la tua voce musicale unica. Accogliamo musicisti di <strong>tutti gli strumenti, stili, et\u00e0 e nazionalit\u00e0<\/strong>: non ci sono assolutamente <strong>restrizioni di genere o stile<\/strong>.  <\/p>\n\n\n\n<p>Questo festival si basa fondamentalmente sull&#8217;accesso e sulle opportunit\u00e0: crediamo che ogni talento meriti una piattaforma. Ecco perch\u00e9 siamo orgogliosi di offrire <strong>premi in denaro<\/strong> e garantire che <strong>non ci siano costi di iscrizione<\/strong> per nessun partecipante. Unisciti alla nostra comunit\u00e0 e mostra la tua arte al mondo. Non vediamo l&#8217;ora di vederti raggiungere il tuo pieno potenziale musicale!   <\/p>\n<\/div>\n<\/div>\n\n<div style=\"height:25px\" aria-hidden=\"true\" class=\"wp-block-spacer\"><\/div>\n\n<hr class=\"wp-block-separator has-alpha-channel-opacity is-style-wide\"\/>\n\n<h1 class=\"wp-block-heading\">Inverno 2026<\/h1>\n\n<div class=\"wp-block-columns is-layout-flex wp-container-core-columns-is-layout-28f84493 wp-block-columns-is-layout-flex\">\n<div class=\"wp-block-column is-layout-flow wp-block-column-is-layout-flow\">\n<figure class=\"wp-block-image size-full has-custom-border\"><img loading=\"lazy\" decoding=\"async\" width=\"1200\" height=\"1680\" src=\"https:\/\/iapmt.org\/media\/IAPMT-Gala-Night-at-Carnegie-Winter-2026-Poster-web.jpg\" alt=\"\" class=\"wp-image-19279\" style=\"border-radius:15px;aspect-ratio:1;object-fit:cover\" srcset=\"https:\/\/iapmt.org\/media\/IAPMT-Gala-Night-at-Carnegie-Winter-2026-Poster-web.jpg 1200w, https:\/\/iapmt.org\/media\/IAPMT-Gala-Night-at-Carnegie-Winter-2026-Poster-web-768x1075.jpg 768w, https:\/\/iapmt.org\/media\/IAPMT-Gala-Night-at-Carnegie-Winter-2026-Poster-web-1097x1536.jpg 1097w\" sizes=\"auto, (max-width: 1200px) 100vw, 1200px\" \/><\/figure>\n<\/div>\n\n\n\n<div class=\"wp-block-column is-layout-flow wp-block-column-is-layout-flow\">\n<h2 class=\"wp-block-heading\"><a href=\"https:\/\/iapmt.org\/it\/serata-di-gala-alla-carnegie-hall\/\" data-type=\"page\" data-id=\"12415\">Serata di Gala alla Weill Recital Hall della Carnegie Hall<\/a>: Gennaio 2026<\/h2>\n\n\n\n<p>Il Gala Night Concert alla Carnegie Hall \u00e8 una serie presentata dall&#8217;International Association of Piano &amp; Music Teachers (IAPMT) presso la Weill Recital Hall. Questo evento offre ai musicisti l&#8217;opportunit\u00e0 di esibirsi nella rinomata sede. Per qualificarsi per il concerto, i musicisti devono aver ottenuto il punteggio pi\u00f9 alto in un recente concorso Grand Concours o presentare un video tramite le audizioni della Carnegie Hall. La serie di concerti per l&#8217;inverno 2026 \u00e8 suddivisa per livello di abilit\u00e0 in Principiante e Standard, Esperto e Virtuoso.   <\/p>\n<\/div>\n<\/div>\n\n<div style=\"height:25px\" aria-hidden=\"true\" class=\"wp-block-spacer\"><\/div>\n\n<hr class=\"wp-block-separator has-alpha-channel-opacity is-style-wide\"\/>\n\n<h1 class=\"wp-block-heading\">Primavera 2026<\/h1>\n\n<p>Il nostro calendario Primavera 2026 presenter\u00e0 tre eventi entusiasmanti. Il Grande Concorso di Primavera \u00e8 un concorso musicale multi-categoria con una fase finale dal vivo, mentre il Concorso Online di Primavera offre un formato esclusivamente online. Entrambi gli eventi sono aperti a partecipanti di tutte le et\u00e0 e livelli di abilit\u00e0, con premi che includono il Gran Premio Assoluto e opportunit\u00e0 di esibizione. Inoltre, ospiteremo il Festival Musicale di Primavera per Musicisti con Disabilit\u00e0, un concorso inclusivo e gratuito, progettato per mettere in mostra i talenti di musicisti con disabilit\u00e0 da tutto il mondo. Questo festival includer\u00e0 opzioni sia in presenza che online e offrir\u00e0 vari premi e opportunit\u00e0 di esibizione.    <\/p>\n\n<hr class=\"wp-block-separator has-alpha-channel-opacity is-style-wide\"\/>\n\n<h1 class=\"wp-block-heading\">Estate 2026<\/h1>\n\n<p>Maggiori informazioni a breve&#8230;<\/p>\n\n<hr class=\"wp-block-separator has-alpha-channel-opacity is-style-wide\"\/>\n\n<h2 class=\"wp-block-heading has-text-align-center has-large-font-size\"><em><strong>Tutti gli eventi IAPMT non sono rimborsabili.<\/strong><\/em><\/h2>\n","protected":false},"excerpt":{"rendered":"<p>Autunno 2025 Grande Concorso Internazionale Autunnale: Ottobre &#8211; Novembre 2025 Il Grande Concorso Autunnale, organizzato da IAPMT, \u00e8 un concorso musicale multi-categoria aperto a tutte le nazionalit\u00e0, et\u00e0 e livelli di abilit\u00e0. \u00c8 diviso in diverse sezioni, tra cui il Grande Concorso Internazionale per Solisti e il Concorso Internazionale per Concerti. Il concorso prevede due [&hellip;]<\/p>\n","protected":false},"author":2,"featured_media":0,"parent":0,"menu_order":0,"comment_status":"closed","ping_status":"closed","template":"","meta":{"_uag_custom_page_level_css":"","site-sidebar-layout":"default","site-content-layout":"plain-container","ast-site-content-layout":"normal-width-container","site-content-style":"unboxed","site-sidebar-style":"unboxed","ast-global-header-display":"","ast-banner-title-visibility":"","ast-main-header-display":"","ast-hfb-above-header-display":"","ast-hfb-below-header-display":"","ast-hfb-mobile-header-display":"","site-post-title":"disabled","ast-breadcrumbs-content":"","ast-featured-img":"","footer-sml-layout":"","ast-disable-related-posts":"","theme-transparent-header-meta":"enabled","adv-header-id-meta":"","stick-header-meta":"","header-above-stick-meta":"","header-main-stick-meta":"","header-below-stick-meta":"","astra-migrate-meta-layouts":"default","ast-page-background-enabled":"default","ast-page-background-meta":{"desktop":{"background-color":"","background-image":"","background-repeat":"repeat","background-position":"center center","background-size":"auto","background-attachment":"scroll","background-type":"","background-media":"","overlay-type":"","overlay-color":"","overlay-opacity":"","overlay-gradient":""},"tablet":{"background-color":"","background-image":"","background-repeat":"repeat","background-position":"center center","background-size":"auto","background-attachment":"scroll","background-type":"","background-media":"","overlay-type":"","overlay-color":"","overlay-opacity":"","overlay-gradient":""},"mobile":{"background-color":"","background-image":"","background-repeat":"repeat","background-position":"center center","background-size":"auto","background-attachment":"scroll","background-type":"","background-media":"","overlay-type":"","overlay-color":"","overlay-opacity":"","overlay-gradient":""}},"ast-content-background-meta":{"desktop":{"background-color":"var(--ast-global-color-5)","background-image":"","background-repeat":"repeat","background-position":"center center","background-size":"auto","background-attachment":"scroll","background-type":"","background-media":"","overlay-type":"","overlay-color":"","overlay-opacity":"","overlay-gradient":""},"tablet":{"background-color":"var(--ast-global-color-5)","background-image":"","background-repeat":"repeat","background-position":"center center","background-size":"auto","background-attachment":"scroll","background-type":"","background-media":"","overlay-type":"","overlay-color":"","overlay-opacity":"","overlay-gradient":""},"mobile":{"background-color":"var(--ast-global-color-5)","background-image":"","background-repeat":"repeat","background-position":"center center","background-size":"auto","background-attachment":"scroll","background-type":"","background-media":"","overlay-type":"","overlay-color":"","overlay-opacity":"","overlay-gradient":""}},"footnotes":""},"kind":[],"class_list":["post-19683","page","type-page","status-publish","hentry"],"uagb_featured_image_src":{"full":false,"thumbnail":false,"medium":false,"medium_large":false,"large":false,"1536x1536":false,"2048x2048":false},"uagb_author_info":{"display_name":"William","author_link":"https:\/\/iapmt.org\/it\/author\/william\/"},"uagb_comment_info":0,"uagb_excerpt":"Autunno 2025 Grande Concorso Internazionale Autunnale: Ottobre &#8211; Novembre 2025 Il Grande Concorso Autunnale, organizzato da IAPMT, \u00e8 un concorso musicale multi-categoria aperto a tutte le nazionalit\u00e0, et\u00e0 e livelli di abilit\u00e0. \u00c8 diviso in diverse sezioni, tra cui il Grande Concorso Internazionale per Solisti e il Concorso Internazionale per Concerti. Il concorso prevede due&hellip;","_links":{"self":[{"href":"https:\/\/iapmt.org\/it\/wp-json\/wp\/v2\/pages\/19683","targetHints":{"allow":["GET"]}}],"collection":[{"href":"https:\/\/iapmt.org\/it\/wp-json\/wp\/v2\/pages"}],"about":[{"href":"https:\/\/iapmt.org\/it\/wp-json\/wp\/v2\/types\/page"}],"author":[{"embeddable":true,"href":"https:\/\/iapmt.org\/it\/wp-json\/wp\/v2\/users\/2"}],"replies":[{"embeddable":true,"href":"https:\/\/iapmt.org\/it\/wp-json\/wp\/v2\/comments?post=19683"}],"version-history":[{"count":4,"href":"https:\/\/iapmt.org\/it\/wp-json\/wp\/v2\/pages\/19683\/revisions"}],"predecessor-version":[{"id":19996,"href":"https:\/\/iapmt.org\/it\/wp-json\/wp\/v2\/pages\/19683\/revisions\/19996"}],"wp:attachment":[{"href":"https:\/\/iapmt.org\/it\/wp-json\/wp\/v2\/media?parent=19683"}],"wp:term":[{"taxonomy":"kind","embeddable":true,"href":"https:\/\/iapmt.org\/it\/wp-json\/wp\/v2\/kind?post=19683"}],"curies":[{"name":"wp","href":"https:\/\/api.w.org\/{rel}","templated":true}]}}